{"id":3310,"date":"2024-05-11T21:14:00","date_gmt":"2024-05-11T18:14:00","guid":{"rendered":"https:\/\/ecoshop.ee\/?page_id=3310"},"modified":"2025-12-07T18:05:13","modified_gmt":"2025-12-07T15:05:13","slug":"datenschutzrichtlinie","status":"publish","type":"page","link":"https:\/\/ecoshop.ee\/de\/privaatsuspoliitika\/","title":{"rendered":"Datenschutzrichtlinie"},"content":{"rendered":"<div data-elementor-type=\"wp-page\" data-elementor-id=\"3310\" class=\"elementor elementor-3310\">\n\t\t\t\t<div class=\"elementor-element elementor-element-2d8891d e-flex e-con-boxed e-con e-parent\" data-id=\"2d8891d\" data-element_type=\"container\">\n\t\t\t\t\t<div class=\"e-con-inner\">\n\t\t\t\t<div class=\"elementor-element elementor-element-3e96c6b elementor-widget elementor-widget-heading\" data-id=\"3e96c6b\" data-element_type=\"widget\" data-widget_type=\"heading.default\">\n\t\t\t\t\t<h2 class=\"elementor-heading-title elementor-size-default\">Datenschutzrichtlinie<\/h2>\t\t\t\t<\/div>\n\t\t\t\t<div class=\"elementor-element elementor-element-1544e86 elementor-widget elementor-widget-spacer\" data-id=\"1544e86\" data-element_type=\"widget\" data-widget_type=\"spacer.default\">\n\t\t\t\t\t\t\t<div class=\"elementor-spacer\">\n\t\t\t<div class=\"elementor-spacer-inner\"><\/div>\n\t\t<\/div>\n\t\t\t\t\t\t<\/div>\n\t\t\t\t<div class=\"elementor-element elementor-element-91d63ac elementor-widget elementor-widget-text-editor\" data-id=\"91d63ac\" data-element_type=\"widget\" data-widget_type=\"text-editor.default\">\n\t\t\t\t\t\t\t\t\t<p>Diese Datenschutzerkl\u00e4rung erl\u00e4utert, wie PlantBased O\u00dc (der Verantwortliche), Betreiber der Website ecoshop.ee, Ihre personenbezogenen Daten bei der Nutzung der Website oder beim Kauf von Produkten erhebt, verwendet und sch\u00fctzt. PlantBased O\u00dc verarbeitet personenbezogene Daten gem\u00e4\u00df der Datenschutz-Grundverordnung (DSGVO) der Europ\u00e4ischen Union und den estnischen Gesetzen.<\/p>\t\t\t\t\t\t\t\t<\/div>\n\t\t\t\t<div class=\"elementor-element elementor-element-46de130 elementor-widget elementor-widget-spacer\" data-id=\"46de130\" data-element_type=\"widget\" data-widget_type=\"spacer.default\">\n\t\t\t\t\t\t\t<div class=\"elementor-spacer\">\n\t\t\t<div class=\"elementor-spacer-inner\"><\/div>\n\t\t<\/div>\n\t\t\t\t\t\t<\/div>\n\t\t\t\t<div class=\"elementor-element elementor-element-9c1ca19 elementor-widget elementor-widget-heading\" data-id=\"9c1ca19\" data-element_type=\"widget\" data-widget_type=\"heading.default\">\n\t\t\t\t\t<h2 class=\"elementor-heading-title elementor-size-default\">Erhebung personenbezogener Daten<\/h2>\t\t\t\t<\/div>\n\t\t\t\t\t<\/div>\n\t\t\t\t<\/div>\n\t\t<div class=\"elementor-element elementor-element-39206bd e-flex e-con-boxed e-con e-parent\" data-id=\"39206bd\" data-element_type=\"container\">\n\t\t\t\t\t<div class=\"e-con-inner\">\n\t\t\t\t<div class=\"elementor-element elementor-element-d65afc8 elementor-widget elementor-widget-spacer\" data-id=\"d65afc8\" data-element_type=\"widget\" data-widget_type=\"spacer.default\">\n\t\t\t\t\t\t\t<div class=\"elementor-spacer\">\n\t\t\t<div class=\"elementor-spacer-inner\"><\/div>\n\t\t<\/div>\n\t\t\t\t\t\t<\/div>\n\t\t\t\t<div class=\"elementor-element elementor-element-7f0657e elementor-widget elementor-widget-text-editor\" data-id=\"7f0657e\" data-element_type=\"widget\" data-widget_type=\"text-editor.default\">\n\t\t\t\t\t\t\t\t\t<p>Durch die Nutzung der Website und die Durchf\u00fchrung von Transaktionen stimmen Sie der Erhebung und Verarbeitung grundlegender personenbezogener Daten zu. Zu diesen personenbezogenen Daten geh\u00f6ren beispielsweise Ihr Name, Ihre Adresse, Ihre E-Mail-Adresse, Ihre Telefonnummer, Ihre Zahlungsinformationen sowie weitere Informationen, die Sie uns freiwillig mitteilen. Ihre Zahlungsinformationen werden nicht in unseren Datenbanken gespeichert.<\/p>\t\t\t\t\t\t\t\t<\/div>\n\t\t\t\t<div class=\"elementor-element elementor-element-abf6f05 elementor-widget elementor-widget-spacer\" data-id=\"abf6f05\" data-element_type=\"widget\" data-widget_type=\"spacer.default\">\n\t\t\t\t\t\t\t<div class=\"elementor-spacer\">\n\t\t\t<div class=\"elementor-spacer-inner\"><\/div>\n\t\t<\/div>\n\t\t\t\t\t\t<\/div>\n\t\t\t\t<div class=\"elementor-element elementor-element-2d27dac elementor-widget elementor-widget-heading\" data-id=\"2d27dac\" data-element_type=\"widget\" data-widget_type=\"heading.default\">\n\t\t\t\t\t<h2 class=\"elementor-heading-title elementor-size-default\">Wir verwenden Ihre personenbezogenen Daten f\u00fcr folgende Zwecke:<\/h2>\t\t\t\t<\/div>\n\t\t\t\t\t<\/div>\n\t\t\t\t<\/div>\n\t\t<div class=\"elementor-element elementor-element-1641898 e-flex e-con-boxed e-con e-parent\" data-id=\"1641898\" data-element_type=\"container\">\n\t\t\t\t\t<div class=\"e-con-inner\">\n\t\t\t\t<div class=\"elementor-element elementor-element-9411d7e elementor-widget elementor-widget-spacer\" data-id=\"9411d7e\" data-element_type=\"widget\" data-widget_type=\"spacer.default\">\n\t\t\t\t\t\t\t<div class=\"elementor-spacer\">\n\t\t\t<div class=\"elementor-spacer-inner\"><\/div>\n\t\t<\/div>\n\t\t\t\t\t\t<\/div>\n\t\t\t\t<div class=\"elementor-element elementor-element-d9654bf elementor-widget elementor-widget-text-editor\" data-id=\"d9654bf\" data-element_type=\"widget\" data-widget_type=\"text-editor.default\">\n\t\t\t\t\t\t\t\t\t<ul><li>Auftragsabwicklung und Erbringung unserer Dienstleistungen.<\/li><li>Kommunikation mit Ihnen bez\u00fcglich Bestellungen und Anfragen.<\/li><li>Verwaltung und Bereitstellung des Zugriffs auf Ihr Konto.<\/li><li>Verbesserung des Nutzererlebnisses im Online-Shop<\/li><li>Zu Marketing- und Werbezwecken, sofern Sie dem zugestimmt haben.<\/li><\/ul><div>Die Rechtsgrundlage f\u00fcr die Datenspeicherung und -verarbeitung ist <strong>Art. 6 DSGVO<\/strong><\/div>\t\t\t\t\t\t\t\t<\/div>\n\t\t\t\t<div class=\"elementor-element elementor-element-8579632 elementor-widget elementor-widget-spacer\" data-id=\"8579632\" data-element_type=\"widget\" data-widget_type=\"spacer.default\">\n\t\t\t\t\t\t\t<div class=\"elementor-spacer\">\n\t\t\t<div class=\"elementor-spacer-inner\"><\/div>\n\t\t<\/div>\n\t\t\t\t\t\t<\/div>\n\t\t\t\t<div class=\"elementor-element elementor-element-fdf0d82 elementor-widget elementor-widget-heading\" data-id=\"fdf0d82\" data-element_type=\"widget\" data-widget_type=\"heading.default\">\n\t\t\t\t\t<h2 class=\"elementor-heading-title elementor-size-default\">Weitergabe personenbezogener Daten<\/h2>\t\t\t\t<\/div>\n\t\t\t\t<div class=\"elementor-element elementor-element-1ed30c1 elementor-widget elementor-widget-spacer\" data-id=\"1ed30c1\" data-element_type=\"widget\" data-widget_type=\"spacer.default\">\n\t\t\t\t\t\t\t<div class=\"elementor-spacer\">\n\t\t\t<div class=\"elementor-spacer-inner\"><\/div>\n\t\t<\/div>\n\t\t\t\t\t\t<\/div>\n\t\t\t\t\t<\/div>\n\t\t\t\t<\/div>\n\t\t<div class=\"elementor-element elementor-element-681f414 e-con-full e-flex e-con e-parent\" data-id=\"681f414\" data-element_type=\"container\">\n\t\t\t\t<div class=\"elementor-element elementor-element-1e5dafc elementor-widget elementor-widget-text-editor\" data-id=\"1e5dafc\" data-element_type=\"widget\" data-widget_type=\"text-editor.default\">\n\t\t\t\t\t\t\t\t\t<p><span style=\"text-align: var(--text-align-left); letter-spacing: 0.28px; font-family: var(--font-text); color: var(--text-color);\">Der Inhaber des Online-Shops kann Dienste von Drittanbietern zur Verarbeitung oder Speicherung personenbezogener Daten in Anspruch nehmen.<\/span><\/p><p><span style=\"text-align: var(--text-align-left); letter-spacing: 0.28px; font-family: var(--font-text); color: var(--text-color);\">Um Zahlungen durchzuf\u00fchren und Bestellungen auszuliefern, \u00fcbermitteln wir die erforderlichen personenbezogenen Daten an die autorisierten Auftragsverarbeiter Montonio Finance UAB, Smartposti O\u00dc, AS Eesti Post (Omniva), DPD Eesti AS und Venipak Eesti O\u00dc.\u00a0<\/span><\/p><p><span style=\"text-align: var(--text-align-left); letter-spacing: 0.28px; font-family: var(--font-text); color: var(--text-color);\"> Sie k\u00f6nnen \u00fcber Google oder Facebook ein Konto erstellen oder sich anmelden. Wenn Sie diese Funktion nutzen, \u00fcbermittelt uns Ihr gew\u00e4hlter Dienstanbieter grundlegende Informationen (wie Ihren Namen und Ihre E-Mail-Adresse). Wir verwenden diese Informationen ausschlie\u00dflich dazu, Sie in der ecoshop.ee-Umgebung anzulegen oder zu identifizieren.<br data-start=\"486\" data-end=\"489\" \/>Wir greifen auf keine weiteren Informationen Ihres Social-Media-Kontos zu und alle Daten werden in \u00dcbereinstimmung mit dieser Datenschutzrichtlinie verarbeitet.<\/span><\/p><p>Wir werden Ihre personenbezogenen Daten ohne Ihre Zustimmung nicht an Dritte weitergeben, es sei denn, dies ist gesetzlich vorgeschrieben.<\/p>\t\t\t\t\t\t\t\t<\/div>\n\t\t\t\t<div class=\"elementor-element elementor-element-b990b51 elementor-widget elementor-widget-spacer\" data-id=\"b990b51\" data-element_type=\"widget\" data-widget_type=\"spacer.default\">\n\t\t\t\t\t\t\t<div class=\"elementor-spacer\">\n\t\t\t<div class=\"elementor-spacer-inner\"><\/div>\n\t\t<\/div>\n\t\t\t\t\t\t<\/div>\n\t\t\t\t<div class=\"elementor-element elementor-element-23e69ef elementor-widget elementor-widget-heading\" data-id=\"23e69ef\" data-element_type=\"widget\" data-widget_type=\"heading.default\">\n\t\t\t\t\t<h2 class=\"elementor-heading-title elementor-size-default\">Ihr rechter used<\/h2>\t\t\t\t<\/div>\n\t\t\t\t<div class=\"elementor-element elementor-element-73b8e25 elementor-widget elementor-widget-spacer\" data-id=\"73b8e25\" data-element_type=\"widget\" data-widget_type=\"spacer.default\">\n\t\t\t\t\t\t\t<div class=\"elementor-spacer\">\n\t\t\t<div class=\"elementor-spacer-inner\"><\/div>\n\t\t<\/div>\n\t\t\t\t\t\t<\/div>\n\t\t\t\t<div class=\"elementor-element elementor-element-46bf955 elementor-widget elementor-widget-text-editor\" data-id=\"46bf955\" data-element_type=\"widget\" data-widget_type=\"text-editor.default\">\n\t\t\t\t\t\t\t\t\t<p data-start=\"3303\" data-end=\"3345\">Gem\u00e4\u00df den Artikeln 15 bis 22 der DSGVO haben Sie das Recht auf:<\/p><ul data-start=\"3347\" data-end=\"3644\"><li data-start=\"3347\" data-end=\"3386\"><p data-start=\"3349\" data-end=\"3386\">Erhalten Sie Zugriff auf Ihre pers\u00f6nlichen Daten<\/p><\/li><li data-start=\"3387\" data-end=\"3435\"><p data-start=\"3389\" data-end=\"3435\">Berichtigung oder L\u00f6schung von Daten beantragen<\/p><\/li><li data-start=\"3436\" data-end=\"3466\"><p data-start=\"3438\" data-end=\"3466\">Datenverarbeitung einschr\u00e4nken<\/p><\/li><li data-start=\"3467\" data-end=\"3512\"><p data-start=\"3469\" data-end=\"3512\">Einspruch gegen die Datenverarbeitung<\/p><\/li><li data-start=\"3513\" data-end=\"3546\"><p data-start=\"3515\" data-end=\"3546\">Einwilligung zu Marketingzwecken widerrufen<\/p><\/li><li data-start=\"3547\" data-end=\"3579\"><p data-start=\"3549\" data-end=\"3579\">Anfrage zur Daten\u00fcbertragung<\/p><\/li><li data-start=\"3580\" data-end=\"3644\"><p data-start=\"3582\" data-end=\"3644\">Beschwerde einreichen <strong data-start=\"3597\" data-end=\"3628\">An die Datenschutzbeh\u00f6rde<\/strong> (<a class=\"decorated-link cursor-pointer\" rel=\"noopener\" data-start=\"3630\" data-end=\"3641\">info@aki.ee<\/a>)<\/p><\/li><\/ul>\t\t\t\t\t\t\t\t<\/div>\n\t\t\t\t<div class=\"elementor-element elementor-element-d6fcd76 elementor-widget elementor-widget-spacer\" data-id=\"d6fcd76\" data-element_type=\"widget\" data-widget_type=\"spacer.default\">\n\t\t\t\t\t\t\t<div class=\"elementor-spacer\">\n\t\t\t<div class=\"elementor-spacer-inner\"><\/div>\n\t\t<\/div>\n\t\t\t\t\t\t<\/div>\n\t\t\t\t<\/div>\n\t\t<div class=\"elementor-element elementor-element-c41fa2f e-flex e-con-boxed e-con e-parent\" data-id=\"c41fa2f\" data-element_type=\"container\">\n\t\t\t\t\t<div class=\"e-con-inner\">\n\t\t\t\t<div class=\"elementor-element elementor-element-d90fa30 elementor-widget elementor-widget-heading\" data-id=\"d90fa30\" data-element_type=\"widget\" data-widget_type=\"heading.default\">\n\t\t\t\t\t<h2 class=\"elementor-heading-title elementor-size-default\">Verwendung von Cookies<\/h2>\t\t\t\t<\/div>\n\t\t\t\t<div class=\"elementor-element elementor-element-8741d14 elementor-widget elementor-widget-spacer\" data-id=\"8741d14\" data-element_type=\"widget\" data-widget_type=\"spacer.default\">\n\t\t\t\t\t\t\t<div class=\"elementor-spacer\">\n\t\t\t<div class=\"elementor-spacer-inner\"><\/div>\n\t\t<\/div>\n\t\t\t\t\t\t<\/div>\n\t\t\t\t\t<\/div>\n\t\t\t\t<\/div>\n\t\t<div class=\"elementor-element elementor-element-01fe085 e-flex e-con-boxed e-con e-parent\" data-id=\"01fe085\" data-element_type=\"container\">\n\t\t\t\t\t<div class=\"e-con-inner\">\n\t\t\t\t<div class=\"elementor-element elementor-element-1553a7d elementor-widget elementor-widget-text-editor\" data-id=\"1553a7d\" data-element_type=\"widget\" data-widget_type=\"text-editor.default\">\n\t\t\t\t\t\t\t\t\t<p>Wir verwenden Cookies, um die Funktionalit\u00e4t des Online-Shops zu gew\u00e4hrleisten und Ihren Warenkorb zu speichern. Wir nutzen Cookies au\u00dferdem, um den Website-Traffic zu analysieren und Ihr Einkaufserlebnis zu verbessern. Mit Ihrer Einwilligung verwenden wir Cookies gegebenenfalls auch f\u00fcr Marketingzwecke.<\/p>\t\t\t\t\t\t\t\t<\/div>\n\t\t\t\t<div class=\"elementor-element elementor-element-17be749 elementor-widget elementor-widget-spacer\" data-id=\"17be749\" data-element_type=\"widget\" data-widget_type=\"spacer.default\">\n\t\t\t\t\t\t\t<div class=\"elementor-spacer\">\n\t\t\t<div class=\"elementor-spacer-inner\"><\/div>\n\t\t<\/div>\n\t\t\t\t\t\t<\/div>\n\t\t\t\t<div class=\"elementor-element elementor-element-ed6f9fb elementor-widget elementor-widget-heading\" data-id=\"ed6f9fb\" data-element_type=\"widget\" data-widget_type=\"heading.default\">\n\t\t\t\t\t<h2 class=\"elementor-heading-title elementor-size-default\">Datenaufbewahrung<\/h2>\t\t\t\t<\/div>\n\t\t\t\t<div class=\"elementor-element elementor-element-d8c08c3 elementor-widget elementor-widget-spacer\" data-id=\"d8c08c3\" data-element_type=\"widget\" data-widget_type=\"spacer.default\">\n\t\t\t\t\t\t\t<div class=\"elementor-spacer\">\n\t\t\t<div class=\"elementor-spacer-inner\"><\/div>\n\t\t<\/div>\n\t\t\t\t\t\t<\/div>\n\t\t\t\t<div class=\"elementor-element elementor-element-87f52ae elementor-widget elementor-widget-text-editor\" data-id=\"87f52ae\" data-element_type=\"widget\" data-widget_type=\"text-editor.default\">\n\t\t\t\t\t\t\t\t\t<p data-start=\"2992\" data-end=\"3051\">Wir speichern personenbezogene Daten nur so lange wie n\u00f6tig:<\/p><ul data-start=\"3053\" data-end=\"3273\"><li data-start=\"3053\" data-end=\"3113\"><p data-start=\"3055\" data-end=\"3113\">Bestellinformationen: <strong data-start=\"3072\" data-end=\"3086\">7 Jahre<\/strong> (Rechnungslegungspflicht)<\/p><\/li><li data-start=\"3114\" data-end=\"3164\"><p data-start=\"3116\" data-end=\"3164\">Benutzerkontodaten: bis zur Kontol\u00f6schung<\/p><\/li><li data-start=\"3165\" data-end=\"3213\"><p data-start=\"3167\" data-end=\"3213\">Einwilligung zu Marketingzwecken: bis zum Widerruf<\/p><\/li><li data-start=\"3214\" data-end=\"3273\"><p data-start=\"3216\" data-end=\"3273\">Anmeldedaten f\u00fcr soziale Netzwerke: solange das Konto aktiv ist<\/p><\/li><\/ul>\t\t\t\t\t\t\t\t<\/div>\n\t\t\t\t<div class=\"elementor-element elementor-element-e1a0944 elementor-widget elementor-widget-spacer\" data-id=\"e1a0944\" data-element_type=\"widget\" data-widget_type=\"spacer.default\">\n\t\t\t\t\t\t\t<div class=\"elementor-spacer\">\n\t\t\t<div class=\"elementor-spacer-inner\"><\/div>\n\t\t<\/div>\n\t\t\t\t\t\t<\/div>\n\t\t\t\t<div class=\"elementor-element elementor-element-7aeb6d1 elementor-widget elementor-widget-heading\" data-id=\"7aeb6d1\" data-element_type=\"widget\" data-widget_type=\"heading.default\">\n\t\t\t\t\t<h2 class=\"elementor-heading-title elementor-size-default\">Datenschutzrichtlinie von Changeused<\/h2>\t\t\t\t<\/div>\n\t\t\t\t<div class=\"elementor-element elementor-element-5a37598 elementor-widget elementor-widget-spacer\" data-id=\"5a37598\" data-element_type=\"widget\" data-widget_type=\"spacer.default\">\n\t\t\t\t\t\t\t<div class=\"elementor-spacer\">\n\t\t\t<div class=\"elementor-spacer-inner\"><\/div>\n\t\t<\/div>\n\t\t\t\t\t\t<\/div>\n\t\t\t\t<div class=\"elementor-element elementor-element-ab37e7e elementor-widget elementor-widget-text-editor\" data-id=\"ab37e7e\" data-element_type=\"widget\" data-widget_type=\"text-editor.default\">\n\t\t\t\t\t\t\t\t\t<p>Wir behalten uns das Recht vor, unsere Datenschutzrichtlinie jederzeit zu \u00e4ndern. Wir empfehlen Ihnen, diese regelm\u00e4\u00dfig zu \u00fcberpr\u00fcfen. \u00c4nderungen werden auf der Website ver\u00f6ffentlicht und treten sofort in Kraft.<\/p>\t\t\t\t\t\t\t\t<\/div>\n\t\t\t\t<div class=\"elementor-element elementor-element-f858add elementor-widget elementor-widget-spacer\" data-id=\"f858add\" data-element_type=\"widget\" data-widget_type=\"spacer.default\">\n\t\t\t\t\t\t\t<div class=\"elementor-spacer\">\n\t\t\t<div class=\"elementor-spacer-inner\"><\/div>\n\t\t<\/div>\n\t\t\t\t\t\t<\/div>\n\t\t\t\t\t<\/div>\n\t\t\t\t<\/div>\n\t\t<div class=\"elementor-element elementor-element-11dc2ff e-flex e-con-boxed e-con e-parent\" data-id=\"11dc2ff\" data-element_type=\"container\">\n\t\t\t\t\t<div class=\"e-con-inner\">\n\t\t\t\t<div class=\"elementor-element elementor-element-4e9da99 elementor-widget elementor-widget-heading\" data-id=\"4e9da99\" data-element_type=\"widget\" data-widget_type=\"heading.default\">\n\t\t\t\t\t<h2 class=\"elementor-heading-title elementor-size-default\">Kontaktinformationen<\/h2>\t\t\t\t<\/div>\n\t\t\t\t<div class=\"elementor-element elementor-element-d05c477 elementor-widget elementor-widget-spacer\" data-id=\"d05c477\" data-element_type=\"widget\" data-widget_type=\"spacer.default\">\n\t\t\t\t\t\t\t<div class=\"elementor-spacer\">\n\t\t\t<div class=\"elementor-spacer-inner\"><\/div>\n\t\t<\/div>\n\t\t\t\t\t\t<\/div>\n\t\t\t\t<div class=\"elementor-element elementor-element-ccbf9c9 elementor-widget elementor-widget-text-editor\" data-id=\"ccbf9c9\" data-element_type=\"widget\" data-widget_type=\"text-editor.default\">\n\t\t\t\t\t\t\t\t\t<p>Wenn Sie Fragen oder Bedenken bez\u00fcglich unserer Datenschutzrichtlinie haben, kontaktieren Sie uns bitte unter unserer <a href=\"http:\/\/ecoshop.ee\/de\/kontakt\/\">Kontaktformular<\/a> \u00fcber oder schreiben Sie info@ecoshop.ee<\/p>\t\t\t\t\t\t\t\t<\/div>\n\t\t\t\t<div class=\"elementor-element elementor-element-5b62275 elementor-widget elementor-widget-spacer\" data-id=\"5b62275\" data-element_type=\"widget\" data-widget_type=\"spacer.default\">\n\t\t\t\t\t\t\t<div class=\"elementor-spacer\">\n\t\t\t<div class=\"elementor-spacer-inner\"><\/div>\n\t\t<\/div>\n\t\t\t\t\t\t<\/div>\n\t\t\t\t<div class=\"elementor-element elementor-element-cde2e4b elementor-widget elementor-widget-text-editor\" data-id=\"cde2e4b\" data-element_type=\"widget\" data-widget_type=\"text-editor.default\">\n\t\t\t\t\t\t\t\t\t<p>Letzte \u00c4nderung: 07.12.2025<\/p>\t\t\t\t\t\t\t\t<\/div>\n\t\t\t\t\t<\/div>\n\t\t\t\t<\/div>\n\t\t\t\t<\/div>","protected":false},"excerpt":{"rendered":"<p>Privaatsuspoliitika K\u00e4esolev privaatsuspoliitika selgitab, kuidas ecoshop.ee veebilehte haldav PlantBased O\u00dc (vastutav t\u00f6\u00f6tleja) kogub, kasutab ja kaitseb teie isikuandmeid veebilehe kasutamisel v\u00f5i ostude&hellip;<\/p>","protected":false},"author":1,"featured_media":0,"parent":0,"menu_order":0,"comment_status":"closed","ping_status":"closed","template":"","meta":{"wprm-recipe-roundup-name":"","wprm-recipe-roundup-description":"","footnotes":""},"class_list":["post-3310","page","type-page","status-publish","hentry"],"aioseo_notices":[],"_links":{"self":[{"href":"https:\/\/ecoshop.ee\/de\/wp-json\/wp\/v2\/pages\/3310","targetHints":{"allow":["GET"]}}],"collection":[{"href":"https:\/\/ecoshop.ee\/de\/wp-json\/wp\/v2\/pages"}],"about":[{"href":"https:\/\/ecoshop.ee\/de\/wp-json\/wp\/v2\/types\/page"}],"author":[{"embeddable":true,"href":"https:\/\/ecoshop.ee\/de\/wp-json\/wp\/v2\/users\/1"}],"replies":[{"embeddable":true,"href":"https:\/\/ecoshop.ee\/de\/wp-json\/wp\/v2\/comments?post=3310"}],"version-history":[{"count":0,"href":"https:\/\/ecoshop.ee\/de\/wp-json\/wp\/v2\/pages\/3310\/revisions"}],"wp:attachment":[{"href":"https:\/\/ecoshop.ee\/de\/wp-json\/wp\/v2\/media?parent=3310"}],"curies":[{"name":"wp","href":"https:\/\/api.w.org\/{rel}","templated":true}]}}