{"id":3325,"date":"2024-05-11T21:54:55","date_gmt":"2024-05-11T18:54:55","guid":{"rendered":"https:\/\/ecoshop.ee\/?page_id=3325"},"modified":"2025-02-08T03:21:38","modified_gmt":"2025-02-08T01:21:38","slug":"returnused","status":"publish","type":"page","link":"https:\/\/ecoshop.ee\/de\/tagastused\/","title":{"rendered":"Backused"},"content":{"rendered":"<div data-elementor-type=\"wp-page\" data-elementor-id=\"3325\" class=\"elementor elementor-3325\">\n\t\t\t\t<div class=\"elementor-element elementor-element-2d8891d e-flex e-con-boxed e-con e-parent\" data-id=\"2d8891d\" data-element_type=\"container\">\n\t\t\t\t\t<div class=\"e-con-inner\">\n\t\t\t\t<div class=\"elementor-element elementor-element-3e96c6b elementor-widget elementor-widget-heading\" data-id=\"3e96c6b\" data-element_type=\"widget\" data-widget_type=\"heading.default\">\n\t\t\t\t\t<h2 class=\"elementor-heading-title elementor-size-default\">R\u00fcckgaberecht<\/h2>\t\t\t\t<\/div>\n\t\t\t\t<div class=\"elementor-element elementor-element-1544e86 elementor-widget elementor-widget-spacer\" data-id=\"1544e86\" data-element_type=\"widget\" data-widget_type=\"spacer.default\">\n\t\t\t\t\t\t\t<div class=\"elementor-spacer\">\n\t\t\t<div class=\"elementor-spacer-inner\"><\/div>\n\t\t<\/div>\n\t\t\t\t\t\t<\/div>\n\t\t\t\t<div class=\"elementor-element elementor-element-91d63ac elementor-widget elementor-widget-text-editor\" data-id=\"91d63ac\" data-element_type=\"widget\" data-widget_type=\"text-editor.default\">\n\t\t\t\t\t\t\t\t\t<p>Willkommen auf unserer Seite zu den R\u00fcckgabebestimmungen. Bitte lesen Sie die folgenden Anweisungen sorgf\u00e4ltig durch, bevor Sie ein Produkt zur\u00fccksenden.<\/p>\t\t\t\t\t\t\t\t<\/div>\n\t\t\t\t<div class=\"elementor-element elementor-element-46de130 elementor-widget elementor-widget-spacer\" data-id=\"46de130\" data-element_type=\"widget\" data-widget_type=\"spacer.default\">\n\t\t\t\t\t\t\t<div class=\"elementor-spacer\">\n\t\t\t<div class=\"elementor-spacer-inner\"><\/div>\n\t\t<\/div>\n\t\t\t\t\t\t<\/div>\n\t\t\t\t<div class=\"elementor-element elementor-element-9c1ca19 elementor-widget elementor-widget-heading\" data-id=\"9c1ca19\" data-element_type=\"widget\" data-widget_type=\"heading.default\">\n\t\t\t\t\t<h2 class=\"elementor-heading-title elementor-size-default\">R\u00fcckgabebestimmungen used:<\/h2>\t\t\t\t<\/div>\n\t\t\t\t\t<\/div>\n\t\t\t\t<\/div>\n\t\t<div class=\"elementor-element elementor-element-39206bd e-flex e-con-boxed e-con e-parent\" data-id=\"39206bd\" data-element_type=\"container\">\n\t\t\t\t\t<div class=\"e-con-inner\">\n\t\t\t\t<div class=\"elementor-element elementor-element-d65afc8 elementor-widget elementor-widget-spacer\" data-id=\"d65afc8\" data-element_type=\"widget\" data-widget_type=\"spacer.default\">\n\t\t\t\t\t\t\t<div class=\"elementor-spacer\">\n\t\t\t<div class=\"elementor-spacer-inner\"><\/div>\n\t\t<\/div>\n\t\t\t\t\t\t<\/div>\n\t\t\t\t<div class=\"elementor-element elementor-element-7f0657e elementor-widget elementor-widget-text-editor\" data-id=\"7f0657e\" data-element_type=\"widget\" data-widget_type=\"text-editor.default\">\n\t\t\t\t\t\t\t\t\t<ul><li><p>Ge\u00f6ffnete Lebensmittel k\u00f6nnen nicht zur\u00fcckgegeben werden.<\/p><\/li><li>Lebende Pflanzen k\u00f6nnen nicht zur\u00fcckgegeben werden (<a href=\"https:\/\/www.riigiteataja.ee\/akt\/106072023116\" target=\"_blank\" rel=\"noopener\">Abschnitt 53(4)(4) des Gesetzes zum Schutz der Rechte von Menschen mit Behinderungen<\/a>)<\/li><li><p>Zur\u00fcckgesendete Produkte m\u00fcssen sich in ihrer Originalverpackung befinden und d\u00fcrfen nicht besch\u00e4digt sein.<\/p><\/li><li><p>Das Produkt kann innerhalb von 14 Tagen ab Erhalt zur\u00fcckgegeben werden.<\/p><\/li><li><p><span style=\"font-size: 1.05em; color: var(--text-color); letter-spacing: 0.02em; text-align: var(--text-align-left); font-family: var(--font-text);\">Zur\u00fcckgesendete Produkte m\u00fcssen gem\u00e4\u00df den Vorgaben des Kurierdienstes verpackt werden.<\/span><\/p><\/li><li><p><span style=\"font-size: 1.05em; color: var(--text-color); letter-spacing: 0.02em; text-align: var(--text-align-left); font-family: var(--font-text);\">Wenn das zur\u00fcckgesendete Produkt Sch\u00e4den aufweist, die urspr\u00fcnglich nicht vorhanden waren, werden die Kosten f\u00fcr die Instandsetzung des Produkts vom R\u00fcckerstattungsbetrag abgezogen.<\/span><\/p><\/li><\/ul>\t\t\t\t\t\t\t\t<\/div>\n\t\t\t\t<div class=\"elementor-element elementor-element-abf6f05 elementor-widget elementor-widget-spacer\" data-id=\"abf6f05\" data-element_type=\"widget\" data-widget_type=\"spacer.default\">\n\t\t\t\t\t\t\t<div class=\"elementor-spacer\">\n\t\t\t<div class=\"elementor-spacer-inner\"><\/div>\n\t\t<\/div>\n\t\t\t\t\t\t<\/div>\n\t\t\t\t<div class=\"elementor-element elementor-element-2d27dac elementor-widget elementor-widget-heading\" data-id=\"2d27dac\" data-element_type=\"widget\" data-widget_type=\"heading.default\">\n\t\t\t\t\t<h2 class=\"elementor-heading-title elementor-size-default\">R\u00fcckgabeprozess:<\/h2>\t\t\t\t<\/div>\n\t\t\t\t\t<\/div>\n\t\t\t\t<\/div>\n\t\t<div class=\"elementor-element elementor-element-1641898 e-flex e-con-boxed e-con e-parent\" data-id=\"1641898\" data-element_type=\"container\">\n\t\t\t\t\t<div class=\"e-con-inner\">\n\t\t\t\t<div class=\"elementor-element elementor-element-9411d7e elementor-widget elementor-widget-spacer\" data-id=\"9411d7e\" data-element_type=\"widget\" data-widget_type=\"spacer.default\">\n\t\t\t\t\t\t\t<div class=\"elementor-spacer\">\n\t\t\t<div class=\"elementor-spacer-inner\"><\/div>\n\t\t<\/div>\n\t\t\t\t\t\t<\/div>\n\t\t\t\t<div class=\"elementor-element elementor-element-d9654bf elementor-widget elementor-widget-text-editor\" data-id=\"d9654bf\" data-element_type=\"widget\" data-widget_type=\"text-editor.default\">\n\t\t\t\t\t\t\t\t\t<ul><li><p>Bitte kontaktieren Sie uns, bevor Sie das Produkt zur\u00fccksenden. <strong>definitiv<\/strong> Bitte kontaktieren Sie uns, um uns die R\u00fccksendung mitzuteilen und weitere Anweisungen zu erhalten.<\/p><\/li><li><p>Falls das erhaltene Produkt besch\u00e4digt ist oder M\u00e4ngel aufweist, machen Sie bitte ein Foto oder Video davon und senden Sie es uns an info@ecoshop.ee.<\/p><\/li><li><p>Senden Sie die Produkte in ihrer Originalverpackung zur\u00fcck und vergewissern Sie sich, dass sie nicht besch\u00e4digt sind.<\/p><\/li><li><p>Nach Erhalt und Pr\u00fcfung der Produkte erstatten wir Ihnen den Kaufpreis sp\u00e4testens innerhalb von zwei Tagen zur\u00fcck.<\/p><\/li><li>Der Verk\u00e4ufer \u00fcbernimmt die Kosten f\u00fcr die R\u00fccksendung des Produkts, jedoch nur, wenn die R\u00fccksendung zuvor mit dem Verk\u00e4ufer vereinbart wurde und der Betrag die urspr\u00fcnglichen Versandkosten nicht \u00fcbersteigt.<\/li><\/ul>\t\t\t\t\t\t\t\t<\/div>\n\t\t\t\t<div class=\"elementor-element elementor-element-8579632 elementor-widget elementor-widget-spacer\" data-id=\"8579632\" data-element_type=\"widget\" data-widget_type=\"spacer.default\">\n\t\t\t\t\t\t\t<div class=\"elementor-spacer\">\n\t\t\t<div class=\"elementor-spacer-inner\"><\/div>\n\t\t<\/div>\n\t\t\t\t\t\t<\/div>\n\t\t\t\t<div class=\"elementor-element elementor-element-fdf0d82 elementor-widget elementor-widget-heading\" data-id=\"fdf0d82\" data-element_type=\"widget\" data-widget_type=\"heading.default\">\n\t\t\t\t\t<h2 class=\"elementor-heading-title elementor-size-default\">Kontakt<\/h2>\t\t\t\t<\/div>\n\t\t\t\t<div class=\"elementor-element elementor-element-1ed30c1 elementor-widget elementor-widget-spacer\" data-id=\"1ed30c1\" data-element_type=\"widget\" data-widget_type=\"spacer.default\">\n\t\t\t\t\t\t\t<div class=\"elementor-spacer\">\n\t\t\t<div class=\"elementor-spacer-inner\"><\/div>\n\t\t<\/div>\n\t\t\t\t\t\t<\/div>\n\t\t\t\t\t<\/div>\n\t\t\t\t<\/div>\n\t\t<div class=\"elementor-element elementor-element-681f414 e-flex e-con-boxed e-con e-parent\" data-id=\"681f414\" data-element_type=\"container\">\n\t\t\t\t\t<div class=\"e-con-inner\">\n\t\t\t\t<div class=\"elementor-element elementor-element-1e5dafc elementor-widget elementor-widget-text-editor\" data-id=\"1e5dafc\" data-element_type=\"widget\" data-widget_type=\"text-editor.default\">\n\t\t\t\t\t\t\t\t\t<p>Sollten Sie weitere Fragen oder Bedenken bez\u00fcglich unserer R\u00fcckgabebestimmungen haben oder eine R\u00fcckgabe einleiten wollen, kontaktieren Sie uns bitte unter unserer <a href=\"http:\/\/ecoshop.ee\/de\/kontakt\/\">Kontaktformular<\/a> Sie k\u00f6nnen uns auch per E-Mail unter info@ecoshop.ee kontaktieren oder uns schreiben.<\/p>\t\t\t\t\t\t\t\t<\/div>\n\t\t\t\t<div class=\"elementor-element elementor-element-b990b51 elementor-widget elementor-widget-spacer\" data-id=\"b990b51\" data-element_type=\"widget\" data-widget_type=\"spacer.default\">\n\t\t\t\t\t\t\t<div class=\"elementor-spacer\">\n\t\t\t<div class=\"elementor-spacer-inner\"><\/div>\n\t\t<\/div>\n\t\t\t\t\t\t<\/div>\n\t\t\t\t<div class=\"elementor-element elementor-element-2d1e161 elementor-widget elementor-widget-text-editor\" data-id=\"2d1e161\" data-element_type=\"widget\" data-widget_type=\"text-editor.default\">\n\t\t\t\t\t\t\t\t\t<p>Letzte \u00c4nderung: 08.02.2025<\/p>\t\t\t\t\t\t\t\t<\/div>\n\t\t\t\t<div class=\"elementor-element elementor-element-a506df7 elementor-widget elementor-widget-spacer\" data-id=\"a506df7\" data-element_type=\"widget\" data-widget_type=\"spacer.default\">\n\t\t\t\t\t\t\t<div class=\"elementor-spacer\">\n\t\t\t<div class=\"elementor-spacer-inner\"><\/div>\n\t\t<\/div>\n\t\t\t\t\t\t<\/div>\n\t\t\t\t\t<\/div>\n\t\t\t\t<\/div>\n\t\t\t\t<\/div>","protected":false},"excerpt":{"rendered":"<p>Tagastamispoliitika Tere tulemast meie tagastamispoliitika lehele. Palun lugege hoolikalt l\u00e4bi j\u00e4rgnevad juhised enne toote tagastamist. Tagastamise tingimused: Avatud pakendiga toiduaineid ei saa&hellip;<\/p>","protected":false},"author":1,"featured_media":0,"parent":0,"menu_order":0,"comment_status":"closed","ping_status":"closed","template":"","meta":{"wprm-recipe-roundup-name":"","wprm-recipe-roundup-description":"","footnotes":""},"class_list":["post-3325","page","type-page","status-publish","hentry"],"aioseo_notices":[],"_links":{"self":[{"href":"https:\/\/ecoshop.ee\/de\/wp-json\/wp\/v2\/pages\/3325","targetHints":{"allow":["GET"]}}],"collection":[{"href":"https:\/\/ecoshop.ee\/de\/wp-json\/wp\/v2\/pages"}],"about":[{"href":"https:\/\/ecoshop.ee\/de\/wp-json\/wp\/v2\/types\/page"}],"author":[{"embeddable":true,"href":"https:\/\/ecoshop.ee\/de\/wp-json\/wp\/v2\/users\/1"}],"replies":[{"embeddable":true,"href":"https:\/\/ecoshop.ee\/de\/wp-json\/wp\/v2\/comments?post=3325"}],"version-history":[{"count":0,"href":"https:\/\/ecoshop.ee\/de\/wp-json\/wp\/v2\/pages\/3325\/revisions"}],"wp:attachment":[{"href":"https:\/\/ecoshop.ee\/de\/wp-json\/wp\/v2\/media?parent=3325"}],"curies":[{"name":"wp","href":"https:\/\/api.w.org\/{rel}","templated":true}]}}