{"id":3487,"date":"2024-05-15T22:54:20","date_gmt":"2024-05-15T19:54:20","guid":{"rendered":"https:\/\/ecoshop.ee\/?page_id=3487"},"modified":"2026-02-16T19:21:29","modified_gmt":"2026-02-16T16:21:29","slug":"muugitingimused","status":"publish","type":"page","link":"https:\/\/ecoshop.ee\/de\/muugitingimused\/","title":{"rendered":"Verkaufsbedingungen used"},"content":{"rendered":"<div data-elementor-type=\"wp-page\" data-elementor-id=\"3487\" class=\"elementor elementor-3487\">\n\t\t\t\t<div class=\"elementor-element elementor-element-488a1bc e-flex e-con-boxed e-con e-parent\" data-id=\"488a1bc\" data-element_type=\"container\">\n\t\t\t\t\t<div class=\"e-con-inner\">\n\t\t\t\t<div class=\"elementor-element elementor-element-6564d95 elementor-widget elementor-widget-heading\" data-id=\"6564d95\" data-element_type=\"widget\" data-widget_type=\"heading.default\">\n\t\t\t\t\t<h2 class=\"elementor-heading-title elementor-size-default\">Allgemeine Gesch\u00e4ftsbedingungen des Online-Shops used<\/h2>\t\t\t\t<\/div>\n\t\t\t\t<div class=\"elementor-element elementor-element-9ef4474 elementor-widget elementor-widget-spacer\" data-id=\"9ef4474\" data-element_type=\"widget\" data-widget_type=\"spacer.default\">\n\t\t\t\t\t\t\t<div class=\"elementor-spacer\">\n\t\t\t<div class=\"elementor-spacer-inner\"><\/div>\n\t\t<\/div>\n\t\t\t\t\t\t<\/div>\n\t\t\t\t<div class=\"elementor-element elementor-element-fb2574c elementor-widget elementor-widget-text-editor\" data-id=\"fb2574c\" data-element_type=\"widget\" data-widget_type=\"text-editor.default\">\n\t\t\t\t\t\t\t\t\t<p><span style=\"color: var(--text-color); font-size: 14px; font-weight: 400; letter-spacing: 0.02em; text-align: var(--text-align-left); font-family: var(--font-text);\">Inhaber des Online-Shops ecoshop.ee ist PlantBased O\u00dc (Registrierungsnummer 17045194).<\/span><span style=\"color: var(--text-color); font-size: 14px; font-weight: 400; letter-spacing: 0.02em; text-align: var(--text-align-left); font-family: var(--font-text);\">).<\/span><\/p>\t\t\t\t\t\t\t\t<\/div>\n\t\t\t\t<div class=\"elementor-element elementor-element-2ef49ae elementor-widget elementor-widget-spacer\" data-id=\"2ef49ae\" data-element_type=\"widget\" data-widget_type=\"spacer.default\">\n\t\t\t\t\t\t\t<div class=\"elementor-spacer\">\n\t\t\t<div class=\"elementor-spacer-inner\"><\/div>\n\t\t<\/div>\n\t\t\t\t\t\t<\/div>\n\t\t\t\t<div class=\"elementor-element elementor-element-5b99c36 elementor-widget elementor-widget-heading\" data-id=\"5b99c36\" data-element_type=\"widget\" data-widget_type=\"heading.default\">\n\t\t\t\t\t<h2 class=\"elementor-heading-title elementor-size-default\">G\u00fcltigkeit des Kaufvertrags, Produkt- und Preisinformationen<\/h2>\t\t\t\t<\/div>\n\t\t\t\t<div class=\"elementor-element elementor-element-5f658a3 elementor-widget elementor-widget-spacer\" data-id=\"5f658a3\" data-element_type=\"widget\" data-widget_type=\"spacer.default\">\n\t\t\t\t\t\t\t<div class=\"elementor-spacer\">\n\t\t\t<div class=\"elementor-spacer-inner\"><\/div>\n\t\t<\/div>\n\t\t\t\t\t\t<\/div>\n\t\t\t\t<div class=\"elementor-element elementor-element-bfc24cb elementor-widget elementor-widget-text-editor\" data-id=\"bfc24cb\" data-element_type=\"widget\" data-widget_type=\"text-editor.default\">\n\t\t\t\t\t\t\t\t\t<p>Beim Kauf von Waren im Online-Shop gelten die Allgemeinen Gesch\u00e4ftsbedingungen von used.<\/p><p>Die Preise der im Online-Shop angebotenen Produkte sind neben den jeweiligen Produkten angegeben. Hinzu kommt eine Liefergeb\u00fchr. Alle Preise im Online-Shop verstehen sich in Euro.<\/p><p>Die Lieferkosten h\u00e4ngen vom Standort des K\u00e4ufers und der gew\u00e4hlten Versandart ab. Sie werden dem K\u00e4ufer bei der Bestellung angezeigt.<\/p><p>Informationen zum Produkt finden Sie im Online-Shop direkt neben dem Produkt.<\/p>\t\t\t\t\t\t\t\t<\/div>\n\t\t\t\t<div class=\"elementor-element elementor-element-83b24d8 elementor-widget elementor-widget-spacer\" data-id=\"83b24d8\" data-element_type=\"widget\" data-widget_type=\"spacer.default\">\n\t\t\t\t\t\t\t<div class=\"elementor-spacer\">\n\t\t\t<div class=\"elementor-spacer-inner\"><\/div>\n\t\t<\/div>\n\t\t\t\t\t\t<\/div>\n\t\t\t\t<div class=\"elementor-element elementor-element-3ed3db8 elementor-widget elementor-widget-heading\" data-id=\"3ed3db8\" data-element_type=\"widget\" data-widget_type=\"heading.default\">\n\t\t\t\t\t<h2 class=\"elementor-heading-title elementor-size-default\">Auftragsbearbeitung<\/h2>\t\t\t\t<\/div>\n\t\t\t\t<div class=\"elementor-element elementor-element-658bdc4 elementor-widget elementor-widget-spacer\" data-id=\"658bdc4\" data-element_type=\"widget\" data-widget_type=\"spacer.default\">\n\t\t\t\t\t\t\t<div class=\"elementor-spacer\">\n\t\t\t<div class=\"elementor-spacer-inner\"><\/div>\n\t\t<\/div>\n\t\t\t\t\t\t<\/div>\n\t\t\t\t<div class=\"elementor-element elementor-element-148a99c elementor-widget elementor-widget-text-editor\" data-id=\"148a99c\" data-element_type=\"widget\" data-widget_type=\"text-editor.default\">\n\t\t\t\t\t\t\t\t\t<p>Um Waren zu bestellen, legen Sie die gew\u00fcnschten Produkte in den Warenkorb. Um die Bestellung abzuschlie\u00dfen, f\u00fcllen Sie die erforderlichen Felder aus und w\u00e4hlen Sie die passende Versandart. Der Gesamtbetrag wird Ihnen anschlie\u00dfend angezeigt und kann sicher \u00fcber folgende Zahlungsmethoden beglichen werden:<\/p><ul><li>Estnische Bankzahlungen: Swedbank, SEB, Luminor, LHV, Coop Pank, Citadele usw.<\/li><li>Zahlungen mit Visa\/Mastercard\/Apple Pay\/Google Pay-Karte<\/li><li>Eink\u00e4ufe ab 75 \u20ac k\u00f6nnen \u00fcber Inbank in bis zu drei zinslosen Raten bezahlt werden.<\/li><li>Eink\u00e4ufe \u00fcber 100 \u20ac k\u00f6nnen \u00fcber Inbank in Raten \u00fcber bis zu 72 Monate bezahlt werden.<\/li><\/ul><p>Hinweis! Wenn Sie mit einem Banklink bezahlen, klicken Sie unbedingt auf der Bankseite auf die Schaltfl\u00e4che \u201eZur\u00fcck zum H\u00e4ndler\u201c.<\/p><p>Die Zahlungen erfolgen durch <a href=\"https:\/\/montonio.ee\/\" target=\"_blank\" rel=\"noopener\">Montonio Finance UAB<\/a>. Die Zahlung erfolgt au\u00dferhalb des Online-Shops in einer sicheren Umgebung \u2013 bei Zahlung per Bank\u00fcberweisung in der sicheren Umgebung der jeweiligen Bank und bei Zahlung mit Kreditkarte in der sicheren Umgebung von Montonio Finance UAB. Der Verk\u00e4ufer hat keinen Zugriff auf die Bank- und Kreditkartendaten des Kunden. Der Vertrag tritt mit Eingang des f\u00e4lligen Betrags auf dem Konto des Online-Shops in Kraft.<\/p><p>Ecoshop.ee bietet Ihnen die M\u00f6glichkeit, eine elektronische Rechnung f\u00fcr Ihren Einkauf zu erhalten. Dies ist insbesondere f\u00fcr \u00f6ffentliche Einrichtungen (Kommunen, Kinderg\u00e4rten, Schulen usw.) wichtig, da dort keine herk\u00f6mmlichen Rechnungen akzeptiert werden. Wenn Sie eine elektronische Rechnung w\u00fcnschen, senden Sie Ihre Bestellung bitte an [Ecoshop.ee-Link einf\u00fcgen]. <a class=\"underline underline underline-offset-2 decoration-1 decoration-current\/40 hover:decoration-current focus:decoration-current\" href=\"mailto:info@ecoshop.ee\">info@ecoshop.ee<\/a>. Bitte geben Sie in der E-Mail unbedingt an, welche Produkte und in welcher Menge Sie bestellen m\u00f6chten, und f\u00fcgen Sie die Daten der Institution, die die elektronische Rechnung erh\u00e4lt, sowie die Lieferadresse hinzu.<\/p><p>Der Inhaber des Online-Shops ist der Verantwortliche f\u00fcr die personenbezogenen Daten und \u00fcbermittelt die f\u00fcr die Zahlungsabwicklung notwendigen personenbezogenen Daten an den autorisierten Zahlungsabwickler Montonio Finance UAB.<\/p><p>Falls die bestellte Ware aufgrund von Nichtverf\u00fcgbarkeit oder aus anderen Gr\u00fcnden nicht geliefert werden kann, wird der K\u00e4ufer so schnell wie m\u00f6glich benachrichtigt und der gezahlte Betrag (einschlie\u00dflich der Kosten f\u00fcr die Lieferung der Ware) wird unverz\u00fcglich, sp\u00e4testens jedoch innerhalb von 14 Tagen nach Versand der Benachrichtigung, zur\u00fcckerstattet.<\/p>\t\t\t\t\t\t\t\t<\/div>\n\t\t\t\t<div class=\"elementor-element elementor-element-3f10d38 elementor-widget elementor-widget-spacer\" data-id=\"3f10d38\" data-element_type=\"widget\" data-widget_type=\"spacer.default\">\n\t\t\t\t\t\t\t<div class=\"elementor-spacer\">\n\t\t\t<div class=\"elementor-spacer-inner\"><\/div>\n\t\t<\/div>\n\t\t\t\t\t\t<\/div>\n\t\t\t\t<div class=\"elementor-element elementor-element-28670ec elementor-widget elementor-widget-heading\" data-id=\"28670ec\" data-element_type=\"widget\" data-widget_type=\"heading.default\">\n\t\t\t\t\t<h2 class=\"elementor-heading-title elementor-size-default\">Lieferung<\/h2>\t\t\t\t<\/div>\n\t\t\t\t<div class=\"elementor-element elementor-element-84ae915 elementor-widget elementor-widget-spacer\" data-id=\"84ae915\" data-element_type=\"widget\" data-widget_type=\"spacer.default\">\n\t\t\t\t\t\t\t<div class=\"elementor-spacer\">\n\t\t\t<div class=\"elementor-spacer-inner\"><\/div>\n\t\t<\/div>\n\t\t\t\t\t\t<\/div>\n\t\t\t\t<div class=\"elementor-element elementor-element-91219f9 elementor-widget elementor-widget-text-editor\" data-id=\"91219f9\" data-element_type=\"widget\" data-widget_type=\"text-editor.default\">\n\t\t\t\t\t\t\t\t\t<p>Die Waren werden in folgende L\u00e4nder versandt: Estland<\/p><p>Der K\u00e4ufer hat folgende M\u00f6glichkeiten, die Ware zu erhalten: An allen Paketautomaten von Smartpost, DPD und Omniva in ganz Estland. Alternativ kann die Ware auch per Kurierdienst Venipak nach Hause geliefert werden.<\/p><p>Der K\u00e4ufer tr\u00e4gt die Versandkosten der Ware; die entsprechenden Preisinformationen werden neben der Versandart angezeigt.<\/p><p>Sendungen innerhalb Estlands erreichen den vom K\u00e4ufer angegebenen Bestimmungsort in der Regel innerhalb von drei Werktagen nach Inkrafttreten des Kaufvertrags.<\/p><p>In Ausnahmef\u00e4llen beh\u00e4lt sich der Online-Shop das Recht vor, die Ware sp\u00e4ter als im genannten Zeitraum an den Kunden zu liefern. Gr\u00fcnde hierf\u00fcr k\u00f6nnen beispielsweise eine unerwartete \u00dcberlastung der Kurierdienste, Krankheit oder Abwesenheit eines Mitarbeiters aus pers\u00f6nlichen Gr\u00fcnden sein.<\/p><p>In Ausnahmef\u00e4llen beh\u00e4lt sich der Online-Shop das Recht vor, die Lieferung der Ware zu verweigern. Grund hierf\u00fcr k\u00f6nnen beispielsweise \u00fcberdurchschnittlich hohe Lieferkosten sein, etwa f\u00fcr Lieferungen auf Inseln. In solchen F\u00e4llen berechnen wir eine zus\u00e4tzliche Liefergeb\u00fchr oder stornieren die Bestellung und erstatten den Kaufpreis.<\/p>\t\t\t\t\t\t\t\t<\/div>\n\t\t\t\t<div class=\"elementor-element elementor-element-6ef61f2 elementor-widget elementor-widget-spacer\" data-id=\"6ef61f2\" data-element_type=\"widget\" data-widget_type=\"spacer.default\">\n\t\t\t\t\t\t\t<div class=\"elementor-spacer\">\n\t\t\t<div class=\"elementor-spacer-inner\"><\/div>\n\t\t<\/div>\n\t\t\t\t\t\t<\/div>\n\t\t\t\t<div class=\"elementor-element elementor-element-7808d2b elementor-widget elementor-widget-heading\" data-id=\"7808d2b\" data-element_type=\"widget\" data-widget_type=\"heading.default\">\n\t\t\t\t\t<h2 class=\"elementor-heading-title elementor-size-default\">Widerrufsrecht<\/h2>\t\t\t\t<\/div>\n\t\t\t\t<div class=\"elementor-element elementor-element-d8b4c38 elementor-widget elementor-widget-spacer\" data-id=\"d8b4c38\" data-element_type=\"widget\" data-widget_type=\"spacer.default\">\n\t\t\t\t\t\t\t<div class=\"elementor-spacer\">\n\t\t\t<div class=\"elementor-spacer-inner\"><\/div>\n\t\t<\/div>\n\t\t\t\t\t\t<\/div>\n\t\t\t\t<div class=\"elementor-element elementor-element-0d328a4 elementor-widget elementor-widget-text-editor\" data-id=\"0d328a4\" data-element_type=\"widget\" data-widget_type=\"text-editor.default\">\n\t\t\t\t\t\t\t\t\t<p>Nach Erhalt der Bestellung hat der K\u00e4ufer das Recht, innerhalb von 14 Tagen vom im Online-Shop abgeschlossenen Vertrag zur\u00fcckzutreten.<\/p>\n<p>Das Widerrufsrecht gilt nicht, wenn der K\u00e4ufer eine juristische Person ist.<\/p>\n<p>Um das 14-t\u00e4gige R\u00fcckgaberecht auszu\u00fcben, d\u00fcrfen die bestellten Waren nur in dem Umfang verwendet werden, wie es zur \u00dcberpr\u00fcfung der Art, der Eigenschaften und der Funktionsweise der Waren erforderlich ist, und zwar in der Weise, wie sie f\u00fcr die Pr\u00fcfung der Waren in einem Ladengesch\u00e4ft zul\u00e4ssig ist.<\/p>\n<p>Das R\u00fcckgaberecht gilt nicht f\u00fcr Produkte mit ge\u00f6ffneter oder besch\u00e4digter Verpackung. Zur\u00fcckgesendete Produkte m\u00fcssen sich im Originalzustand befinden und d\u00fcrfen keinerlei Besch\u00e4digungen aufweisen. Besch\u00e4digungen des Inhalts oder der Verpackung aufgrund von Lagerbedingungen oder unsachgem\u00e4\u00dfer Handhabung f\u00fchren zum Erl\u00f6schen des R\u00fcckgaberechts. Die R\u00fcckgabe von frischen Lebensmitteln mit kurzer Haltbarkeit sowie von Produkten, deren Mindesthaltbarkeitsdatum nach der Lieferung \u00fcberschritten ist, ist ausgeschlossen.<\/p>\n<p>Um die Ware zur\u00fcckzusenden, m\u00fcssen Sie ein Widerrufsformular einreichen mit&nbsp;<a href=\"http:\/\/ecoshop.ee\/de\/kontakt\/\">Kontaktformular<\/a> Alternativ k\u00f6nnen Sie die Ware innerhalb von 14 Tagen nach Erhalt per E-Mail an info@ecoshop.ee zur\u00fccksenden. Bitte geben Sie in Ihrer E-Mail die zu stornierenden Produkte, Ihre Bestellnummer und Ihre Kontaktdaten an. Die R\u00fccksendung kann dann an einem Paketautomaten Ihrer Wahl erfolgen. Die R\u00fccksendung used muss an den Rimi-Paketautomaten in Tartu Rebase gegeben werden.<\/p>\n<p>Der Verk\u00e4ufer \u00fcbernimmt die Kosten f\u00fcr die R\u00fccksendung der Ware, sofern die R\u00fccksendung zuvor mit ihm vereinbart wurde und die R\u00fccksendekosten den zum Zeitpunkt des Kaufs in der Preisliste angegebenen Versandpreis nicht \u00fcbersteigen. Der K\u00e4ufer tr\u00e4gt die Kosten f\u00fcr die R\u00fccksendung eines falsch oder mit \u00fcberh\u00f6hten R\u00fccksendekosten zur\u00fcckgesendeten Produkts; diese Kosten werden vom Erstattungsbetrag abgezogen.<\/p>\n<p>Der K\u00e4ufer muss die Ware unverz\u00fcglich innerhalb von 14 Tagen nach Einreichung des Antrags zur\u00fccksenden oder einen Nachweis dar\u00fcber erbringen, dass er die Ware innerhalb der vorgenannten Frist an den Spediteur \u00fcbergeben hat.<\/p>\n<p>Nach Erhalt der zur\u00fcckgesandten Ware erstattet der Online-Shop dem K\u00e4ufer unverz\u00fcglich, sp\u00e4testens jedoch 14 Tage nach Eingang des Widerrufsformulars, alle vom K\u00e4ufer im Rahmen des Vertrags erhaltenen Geb\u00fchren zur\u00fcck.<\/p>\n<p>Der Online-Shop kann die R\u00fcckerstattung verweigern, bis er den vertragsgegenst\u00e4ndlichen Artikel erhalten hat.<\/p>\n<p>Hat der K\u00e4ufer ausdr\u00fccklich eine andere Versandart als die g\u00fcnstigste vom Online-Shop angebotene Standardversandart gew\u00e4hlt, ist der Online-Shop nicht verpflichtet, dem Verbraucher Kosten zu erstatten, die die Kosten der Standardversandart \u00fcbersteigen.<\/p>\n<p>Der Online-Shop hat das Recht, vom Kaufvertrag zur\u00fcckzutreten und die R\u00fcckgabe der Ware vom K\u00e4ufer zu verlangen, wenn der Preis der Ware im Online-Shop aufgrund eines Fehlers deutlich unter dem Marktpreis der Ware liegt oder wenn irrt\u00fcmlich das falsche Produkt versandt wurde.<\/p>\t\t\t\t\t\t\t\t<\/div>\n\t\t\t\t<div class=\"elementor-element elementor-element-cc8d126 elementor-widget elementor-widget-spacer\" data-id=\"cc8d126\" data-element_type=\"widget\" data-widget_type=\"spacer.default\">\n\t\t\t\t\t\t\t<div class=\"elementor-spacer\">\n\t\t\t<div class=\"elementor-spacer-inner\"><\/div>\n\t\t<\/div>\n\t\t\t\t\t\t<\/div>\n\t\t\t\t<div class=\"elementor-element elementor-element-106bd13 elementor-widget elementor-widget-heading\" data-id=\"106bd13\" data-element_type=\"widget\" data-widget_type=\"heading.default\">\n\t\t\t\t\t<h2 class=\"elementor-heading-title elementor-size-default\">Recht auf Einreichung einer Klage<\/h2>\t\t\t\t<\/div>\n\t\t\t\t<div class=\"elementor-element elementor-element-468f5fd elementor-widget elementor-widget-spacer\" data-id=\"468f5fd\" data-element_type=\"widget\" data-widget_type=\"spacer.default\">\n\t\t\t\t\t\t\t<div class=\"elementor-spacer\">\n\t\t\t<div class=\"elementor-spacer-inner\"><\/div>\n\t\t<\/div>\n\t\t\t\t\t\t<\/div>\n\t\t\t\t<div class=\"elementor-element elementor-element-51aa5ca elementor-widget elementor-widget-text-editor\" data-id=\"51aa5ca\" data-element_type=\"widget\" data-widget_type=\"text-editor.default\">\n\t\t\t\t\t\t\t\t\t<p>Der Online-Shop haftet f\u00fcr jegliche Nichteinhaltung der Vertragsbedingungen oder f\u00fcr jegliche M\u00e4ngel der an den K\u00e4ufer verkauften Ware, die bereits zum Zeitpunkt der Lieferung bestanden und die bei einer ersten Pr\u00fcfung der Ware sp\u00e4testens zwei Wochen nach Lieferung der Ware an den K\u00e4ufer erkennbar werden.<\/p><p>Der K\u00e4ufer hat das Recht, innerhalb von zwei Wochen nach Entdeckung eines Mangels den Online-Shop per E-Mail an info@ecoshop.ee oder telefonisch unter +372 5555 1911 zu kontaktieren.<\/p><p>Der Online-Shop haftet nicht f\u00fcr M\u00e4ngel, die nach der Lieferung der Ware an den K\u00e4ufer auftreten.<\/p><p>Weist ein im Online-Shop erworbenes Produkt einen Mangel auf, f\u00fcr den der Online-Shop verantwortlich ist, wird dieser das defekte Produkt reparieren oder ersetzen. Ist eine Reparatur oder ein Ersatz nicht m\u00f6glich, erstattet der Online-Shop dem K\u00e4ufer alle mit dem Kaufvertrag verbundenen Geb\u00fchren.<\/p><p>Der Online-Shop wird die vom Verbraucher eingereichte Beschwerde innerhalb von 14 Tagen schriftlich oder in einer Form, die schriftlich reproduziert werden kann, beantworten.<\/p>\t\t\t\t\t\t\t\t<\/div>\n\t\t\t\t<div class=\"elementor-element elementor-element-7449fef elementor-widget elementor-widget-spacer\" data-id=\"7449fef\" data-element_type=\"widget\" data-widget_type=\"spacer.default\">\n\t\t\t\t\t\t\t<div class=\"elementor-spacer\">\n\t\t\t<div class=\"elementor-spacer-inner\"><\/div>\n\t\t<\/div>\n\t\t\t\t\t\t<\/div>\n\t\t\t\t<div class=\"elementor-element elementor-element-738c776 elementor-widget elementor-widget-heading\" data-id=\"738c776\" data-element_type=\"widget\" data-widget_type=\"heading.default\">\n\t\t\t\t\t<h2 class=\"elementor-heading-title elementor-size-default\">Direktmarketing und Verarbeitung personenbezogener Daten\n\n<\/h2>\t\t\t\t<\/div>\n\t\t\t\t<div class=\"elementor-element elementor-element-6d4134b elementor-widget elementor-widget-spacer\" data-id=\"6d4134b\" data-element_type=\"widget\" data-widget_type=\"spacer.default\">\n\t\t\t\t\t\t\t<div class=\"elementor-spacer\">\n\t\t\t<div class=\"elementor-spacer-inner\"><\/div>\n\t\t<\/div>\n\t\t\t\t\t\t<\/div>\n\t\t\t\t<div class=\"elementor-element elementor-element-ff837cb elementor-widget elementor-widget-text-editor\" data-id=\"ff837cb\" data-element_type=\"widget\" data-widget_type=\"text-editor.default\">\n\t\t\t\t\t\t\t\t\t<p>Der Online-Shop verwendet die vom K\u00e4ufer eingegebenen personenbezogenen Daten ausschlie\u00dflich zur Bearbeitung der Bestellung und zum Versand der Ware. Zum Zweck der Zustellung werden die personenbezogenen Daten an das Versandunternehmen weitergegeben.<\/p><p>Der Online-Shop sendet Newsletter und Angebote nur dann an die E-Mail-Adresse des K\u00e4ufers, wenn der K\u00e4ufer dies durch Eingabe seiner E-Mail-Adresse auf der Website und durch Angabe seines Wunsches, Benachrichtigungen per Post zu erhalten, gew\u00fcnscht hat.<\/p><p>Der K\u00e4ufer kann sich jederzeit von Angeboten und Newslettern abmelden, die ihm per E-Mail zugesandt werden, indem er uns per E-Mail benachrichtigt oder den in der E-Mail mit den Angeboten enthaltenen Anweisungen folgt.<\/p>\t\t\t\t\t\t\t\t<\/div>\n\t\t\t\t<div class=\"elementor-element elementor-element-d75b36a elementor-widget elementor-widget-spacer\" data-id=\"d75b36a\" data-element_type=\"widget\" data-widget_type=\"spacer.default\">\n\t\t\t\t\t\t\t<div class=\"elementor-spacer\">\n\t\t\t<div class=\"elementor-spacer-inner\"><\/div>\n\t\t<\/div>\n\t\t\t\t\t\t<\/div>\n\t\t\t\t<div class=\"elementor-element elementor-element-a19a87a elementor-widget elementor-widget-heading\" data-id=\"a19a87a\" data-element_type=\"widget\" data-widget_type=\"heading.default\">\n\t\t\t\t\t<h2 class=\"elementor-heading-title elementor-size-default\">Streitbeilegung<\/h2>\t\t\t\t<\/div>\n\t\t\t\t<div class=\"elementor-element elementor-element-f381710 elementor-widget elementor-widget-spacer\" data-id=\"f381710\" data-element_type=\"widget\" data-widget_type=\"spacer.default\">\n\t\t\t\t\t\t\t<div class=\"elementor-spacer\">\n\t\t\t<div class=\"elementor-spacer-inner\"><\/div>\n\t\t<\/div>\n\t\t\t\t\t\t<\/div>\n\t\t\t\t<div class=\"elementor-element elementor-element-6f10c97 elementor-widget elementor-widget-text-editor\" data-id=\"6f10c97\" data-element_type=\"widget\" data-widget_type=\"text-editor.default\">\n\t\t\t\t\t\t\t\t\t<p>Beschwerden des K\u00e4ufers bez\u00fcglich des Online-Shops m\u00fcssen per E-Mail an info@ecoshop.ee oder telefonisch unter +372 5555 1911 gerichtet werden.<\/p><p>Sollten K\u00e4ufer und Online-Shop den Streitfall nicht einvernehmlich beilegen k\u00f6nnen, kann sich der K\u00e4ufer an die Verbraucherschlichtungsstelle wenden. Dort finden Sie die Verfahrensregeln und k\u00f6nnen einen Antrag stellen.\u00a0<a href=\"https:\/\/ttja.ee\/tarbijavaidluste-komisjon\">Hier<\/a>. Der Verbraucherschlichtungsausschuss ist zust\u00e4ndig f\u00fcr die Beilegung von Streitigkeiten aus dem zwischen dem K\u00e4ufer und dem Online-Shop geschlossenen Vertrag. Die Pr\u00fcfung der K\u00e4uferbeschwerde durch den Ausschuss ist kostenlos.<\/p><p>Der K\u00e4ufer kann sich an die Verbraucherschlichtungsstelle der Europ\u00e4ischen Union wenden.\u00a0<a href=\"https:\/\/ec.europa.eu\/consumers\/odr\/main\/index.cfm?event=main.home2.show&amp;lng=ET\" target=\"_blank\" rel=\"noopener noreferrer\">H\u00e4lfte<\/a>.<\/p>\t\t\t\t\t\t\t\t<\/div>\n\t\t\t\t<div class=\"elementor-element elementor-element-91a246b elementor-widget elementor-widget-spacer\" data-id=\"91a246b\" data-element_type=\"widget\" data-widget_type=\"spacer.default\">\n\t\t\t\t\t\t\t<div class=\"elementor-spacer\">\n\t\t\t<div class=\"elementor-spacer-inner\"><\/div>\n\t\t<\/div>\n\t\t\t\t\t\t<\/div>\n\t\t\t\t<div class=\"elementor-element elementor-element-6ad361c elementor-widget elementor-widget-text-editor\" data-id=\"6ad361c\" data-element_type=\"widget\" data-widget_type=\"text-editor.default\">\n\t\t\t\t\t\t\t\t\t<p>Letzte Aktualisierung: 28.12.2025<\/p>\t\t\t\t\t\t\t\t<\/div>\n\t\t\t\t\t<\/div>\n\t\t\t\t<\/div>\n\t\t\t\t<\/div>","protected":false},"excerpt":{"rendered":"<p>Veebipoe m\u00fc\u00fcgitingimused Veebipoe ecoshop.ee omanik on PlantBased O\u00dc (registrikood 17045194). M\u00fc\u00fcgilepingu kehtivus, kauba- ja hinnainfo M\u00fc\u00fcgitingimused kehtivad Veebipoest kaupade ostmisel. Veebipoes m\u00fc\u00fcdavate&hellip;<\/p>","protected":false},"author":1,"featured_media":0,"parent":0,"menu_order":0,"comment_status":"closed","ping_status":"closed","template":"","meta":{"wprm-recipe-roundup-name":"","wprm-recipe-roundup-description":"","footnotes":""},"class_list":["post-3487","page","type-page","status-publish","hentry"],"aioseo_notices":[],"_links":{"self":[{"href":"https:\/\/ecoshop.ee\/de\/wp-json\/wp\/v2\/pages\/3487","targetHints":{"allow":["GET"]}}],"collection":[{"href":"https:\/\/ecoshop.ee\/de\/wp-json\/wp\/v2\/pages"}],"about":[{"href":"https:\/\/ecoshop.ee\/de\/wp-json\/wp\/v2\/types\/page"}],"author":[{"embeddable":true,"href":"https:\/\/ecoshop.ee\/de\/wp-json\/wp\/v2\/users\/1"}],"replies":[{"embeddable":true,"href":"https:\/\/ecoshop.ee\/de\/wp-json\/wp\/v2\/comments?post=3487"}],"version-history":[{"count":0,"href":"https:\/\/ecoshop.ee\/de\/wp-json\/wp\/v2\/pages\/3487\/revisions"}],"wp:attachment":[{"href":"https:\/\/ecoshop.ee\/de\/wp-json\/wp\/v2\/media?parent=3487"}],"curies":[{"name":"wp","href":"https:\/\/api.w.org\/{rel}","templated":true}]}}