{"id":10084,"date":"2024-12-05T23:30:22","date_gmt":"2024-12-05T20:30:22","guid":{"rendered":"https:\/\/ecoshop.ee\/?post_type=product&#038;p=10084"},"modified":"2026-05-11T23:17:32","modified_gmt":"2026-05-11T20:17:32","slug":"veganes-multivitaminpraparat-fur-kinder-n60","status":"publish","type":"product","link":"https:\/\/ecoshop.ee\/de\/vegan-toidulisandid\/vegan-multivitamiin-lastele-n60\/","title":{"rendered":"Multivitamin f\u00fcr Kinder, N60"},"content":{"rendered":"<p><strong>N\u00e4rimi-Tabletten f\u00fcr die t\u00e4gliche Gesundheit \u2013 18 essentielle Vitamine und Mineralstoffe.<\/strong><\/p>\n<p>Unterst\u00fctzen Sie das gesunde Wachstum und die Entwicklung Ihres Kindes mit Vegetology, dem veganen Multivitaminpr\u00e4parat speziell f\u00fcr Kinder! Kids MultiVit enth\u00e4lt 18 essenzielle N\u00e4hrstoffe, darunter die Vitamine A, C, D3, E, K2 und B-Komplex sowie Fols\u00e4ure, Eisen und Zink. Diese N\u00e4hrstoffe st\u00e4rken das Immunsystem, die Energieproduktion, die Konzentration, die Knochen und die Augengesundheit. Die Kautabletten mit feinem Erdbeer-Vanille-Geschmack machen gesunde Ern\u00e4hrung lecker und unterhaltsam.<\/p>\n<p><strong>Hauptvorteile:<\/strong><\/p>\n<ul>\n<li><strong>Unterst\u00fctzung des Immunsystems:<\/strong> Die Vitamine C und D3 sowie Zink st\u00e4rken die Immunit\u00e4t Ihres Kindes und tragen dazu bei, dass es gesund und widerstandsf\u00e4hig bleibt.<\/li>\n<li><strong>Wachstum und Entwicklung:<\/strong> Die Vitamine A, D3, K2 und B-Komplex unterst\u00fctzen die Knochenentwicklung, die Muskelfunktion und das allgemeine Wachstum. Eisen tr\u00e4gt zu einem ausreichenden Eisenspeicher und zur kognitiven Entwicklung bei Kindern bei.<\/li>\n<li><strong>Energieladung:<\/strong> B-Vitamine, darunter B6 und B12, sowie Fols\u00e4ure helfen dabei, Nahrung in Energie umzuwandeln und halten Ihr Kind den ganzen Tag \u00fcber aktiv.<\/li>\n<li><strong>Unterst\u00fctzung der Gehirnaktivit\u00e4t:<\/strong> Vitamin E und Eisen unterst\u00fctzen die Konzentration und die Gehirnentwicklung und helfen Kindern, in der Schule und beim Spielen aufmerksam zu bleiben.<\/li>\n<li><strong>Verdauungsgesundheit:<\/strong> Inulin unterst\u00fctzt die Verdauung und beugt Verstopfung vor, indem es die N\u00e4hrstoffaufnahme verbessert.<\/li>\n<li><strong>Gesunde Haut und Sehkraft:<\/strong> Vitamin A tr\u00e4gt zur Erhaltung gesunder Haut bei, w\u00e4hrend Vitamin E die Augengesundheit unterst\u00fctzt.<\/li>\n<\/ul>\n<p><strong>Warum Kids MultiVit w\u00e4hlen?<\/strong><\/p>\n<ul>\n<li><strong>Vegane und wirksame Zusammensetzung:<\/strong> Enth\u00e4lt sorgf\u00e4ltig ausgew\u00e4hlte, hochwertige N\u00e4hrstoffe, darunter Vitamin D3 (Cholecalciferol), Vitamin K2 (MK-7), Fols\u00e4ure (5-MTHF) und Eisen (Eisenfumarat), die f\u00fcr eine optimale Aufnahme sorgen.<\/li>\n<li><strong>Rein und nat\u00fcrlich:<\/strong> Zuckerfrei, ohne k\u00fcnstliche Farbstoffe oder Konservierungsmittel.<\/li>\n<li><strong>K\u00f6stlich k\u00f6stlich:<\/strong> Der Erdbeer-Vanille-Geschmack macht die Vitamineinnahme zu einer angenehmen t\u00e4glichen Gewohnheit.<\/li>\n<\/ul>\n<p>Vegetology Kids MultiVit \u2013 eine einfache M\u00f6glichkeit, die Gesundheit und Entwicklung Ihres Kindes zu unterst\u00fctzen!<\/p>\n<p>&nbsp;<\/p>\n<p><iframe title=\"Entdecken Sie das beste Multivitaminpr\u00e4parat f\u00fcr Kinder: Hochdosiert, hervorragender Geschmack, ohne Kompromisse!\" width=\"1160\" height=\"653\" src=\"https:\/\/www.youtube.com\/embed\/ZWGR_kQs8Do?feature=oembed\" frameborder=\"0\" allow=\"accelerometer; autoplay; clipboard-write; encrypted-media; gyroscope; picture-in-picture; web-share\" referrerpolicy=\"strict-origin-when-cross-origin\" allowfullscreen><\/iframe><\/p>","protected":false},"excerpt":{"rendered":"<p>N\u00e4rimi-Tabletten f\u00fcr die t\u00e4gliche Gesundheit \u2013 18 essentielle vitamiins und Mineralien. Unterst\u00fctzen Sie das gesunde Wachstum und die Entwicklung Ihres Kindes mit den veganen Vegetology Multivitaminen, die speziell f\u00fcr Kinder entwickelt wurden!<\/p>","protected":false},"featured_media":10093,"comment_status":"open","ping_status":"closed","template":"","meta":{"wprm-recipe-roundup-name":"","wprm-recipe-roundup-description":""},"product_brand":[12063],"product_cat":[318],"product_tag":[534,335],"class_list":{"0":"post-10084","1":"product","2":"type-product","3":"status-publish","4":"has-post-thumbnail","6":"product_brand-vegetology","7":"product_cat-vegan-toidulisandid","8":"product_tag-laste","9":"product_tag-multivitamiin","10":"j79_wcxd_expiry_type-best-before","12":"first","13":"instock","14":"taxable","15":"shipping-taxable","16":"purchasable","17":"product-type-simple"},"supplier_id":9147,"supplier_sku":"","barcode":"5060351380768","atum_controlled":true,"out_stock_date":null,"out_stock_threshold":null,"inheritable":false,"inbound_stock":0,"stock_on_hold":0,"sold_today":0,"sales_last_days":4,"reserved_stock":0,"customer_returns":0,"warehouse_damage":0,"lost_in_post":0,"other_logs":0,"out_stock_days":0,"lost_sales":0,"has_location":false,"update_date":"2026-05-12T21:04:38","atum_locations":[],"atum_stock_status":"instock","restock_status":true,"low_stock_amount":"","sales_update_date":"2026-05-12T21:04:38","calc_backorders":null,"aioseo_notices":[],"_links":{"self":[{"href":"https:\/\/ecoshop.ee\/de\/wp-json\/wp\/v2\/product\/10084","targetHints":{"allow":["GET"]}}],"collection":[{"href":"https:\/\/ecoshop.ee\/de\/wp-json\/wp\/v2\/product"}],"about":[{"href":"https:\/\/ecoshop.ee\/de\/wp-json\/wp\/v2\/types\/product"}],"replies":[{"embeddable":true,"href":"https:\/\/ecoshop.ee\/de\/wp-json\/wp\/v2\/comments?post=10084"}],"version-history":[{"count":0,"href":"https:\/\/ecoshop.ee\/de\/wp-json\/wp\/v2\/product\/10084\/revisions"}],"wp:featuredmedia":[{"embeddable":true,"href":"https:\/\/ecoshop.ee\/de\/wp-json\/wp\/v2\/media\/10093"}],"wp:attachment":[{"href":"https:\/\/ecoshop.ee\/de\/wp-json\/wp\/v2\/media?parent=10084"}],"wp:term":[{"taxonomy":"product_brand","embeddable":true,"href":"https:\/\/ecoshop.ee\/de\/wp-json\/wp\/v2\/product_brand?post=10084"},{"taxonomy":"product_cat","embeddable":true,"href":"https:\/\/ecoshop.ee\/de\/wp-json\/wp\/v2\/product_cat?post=10084"},{"taxonomy":"product_tag","embeddable":true,"href":"https:\/\/ecoshop.ee\/de\/wp-json\/wp\/v2\/product_tag?post=10084"}],"curies":[{"name":"wp","href":"https:\/\/api.w.org\/{rel}","templated":true}]}}