{"id":105253,"date":"2025-04-09T14:41:22","date_gmt":"2025-04-09T12:41:22","guid":{"rendered":"https:\/\/ecoshop.ee\/?post_type=product&#038;p=105253"},"modified":"2025-07-21T11:40:57","modified_gmt":"2025-07-21T08:40:57","slug":"tribal-soul-raucherstabchen-symbol-mit-fallendem-rauch-used-murr","status":"publish","type":"product","link":"https:\/\/ecoshop.ee\/de\/viirukid\/tribal-soul-langeva-suitsuga-viirukikoonused-murr\/","title":{"rendered":"Tribal Soul R\u00e4ucherst\u00e4bchen mit fallendem Rauch used \u2013 Myrrhe"},"content":{"rendered":"<p class=\"\" data-start=\"162\" data-end=\"616\">Myrrhe ist ein nat\u00fcrliches Harz, das aus folgenden Bestandteilen gewonnen wird: <em data-start=\"200\" data-end=\"212\">Commiphora<\/em> Myrrhe wird aus einem Baum gewonnen und seit Jahrtausenden als Duftstoff, R\u00e4ucherwerk und Heilmittel verwendet. Sie wird auch in vielen alten Texten, darunter der Bibel und der Tora, als heiliges Harz erw\u00e4hnt, das die Verbindung zu einer h\u00f6heren Macht f\u00f6rdert. Myrrhe besitzt reinigende und sch\u00fctzende Eigenschaften&lt;sup&gt;used&lt;\/sup&gt;, hilft, Geist und Seele zu kl\u00e4ren und das spirituelle Gleichgewicht zu f\u00f6rdern. Ihr warmer, w\u00fcrziger und balsamischer Duft unterst\u00fctzt Meditation und inneren Frieden.<\/p>\n<p class=\"\" data-start=\"618\" data-end=\"745\">Handgefertigter R\u00e4ucherkegel used, der einen effektvollen, fallenden Rauchstrom erzeugt. Nur f\u00fcr R\u00e4uchergef\u00e4\u00dfe mit fallendem Rauch geeignet.<\/p>\n<ul>\n<li data-start=\"747\" data-end=\"891\">Hergestellt aus hochwertigen Pflanzenmaterialien und Harzen<\/li>\n<li data-start=\"747\" data-end=\"891\">Brenndauer ca. 30 Minuten<\/li>\n<li data-start=\"747\" data-end=\"891\">Menge pro Packung: 10 St\u00fcck<\/li>\n<\/ul>\n<p class=\"\" data-start=\"893\" data-end=\"1050\"><strong data-start=\"893\" data-end=\"908\">Verwendung:<\/strong> Z\u00fcnde die Spitze des Kegels 5\u201310 Sekunden lang an, bis sie zu gl\u00fchen beginnt. L\u00f6sche die Flamme und stelle den Kegel in den Brenner. F\u00fcr optimale Ergebnisse vor Zugluft sch\u00fctzen.<\/p>","protected":false},"excerpt":{"rendered":"<p>Myrrhe ist ein nat\u00fcrliches Harz, das aus dem Commiphora-Baum gewonnen wird. Es wird seit Jahrtausenden als Parf\u00fcm, R\u00e4ucherwerk und Heilmittel verwendet. Myrrhe wird auch in vielen anderen Werken erw\u00e4hnt\u2026<\/p>","protected":false},"featured_media":105254,"comment_status":"open","ping_status":"closed","template":"","meta":{"wprm-recipe-roundup-name":"","wprm-recipe-roundup-description":""},"product_brand":[12009],"product_cat":[5751],"product_tag":[5752,5753],"class_list":{"0":"post-105253","1":"product","2":"type-product","3":"status-publish","4":"has-post-thumbnail","6":"product_brand-tribal-soul","7":"product_cat-viirukid","8":"product_tag-langeva-suitsuga","9":"product_tag-viiruk","11":"first","12":"instock","13":"sale","14":"taxable","15":"shipping-taxable","16":"purchasable","17":"product-type-simple"},"supplier_id":105232,"supplier_sku":"","barcode":"8901684617299","atum_controlled":true,"out_stock_date":null,"out_stock_threshold":null,"inheritable":false,"inbound_stock":0,"stock_on_hold":0,"sold_today":0,"sales_last_days":0,"reserved_stock":0,"customer_returns":0,"warehouse_damage":0,"lost_in_post":0,"other_logs":0,"out_stock_days":0,"lost_sales":0,"has_location":false,"update_date":"2026-03-07T01:16:04","atum_locations":[],"atum_stock_status":"instock","restock_status":false,"low_stock_amount":"","sales_update_date":"2026-03-07T01:16:04","calc_backorders":null,"aioseo_notices":[],"_links":{"self":[{"href":"https:\/\/ecoshop.ee\/de\/wp-json\/wp\/v2\/product\/105253","targetHints":{"allow":["GET"]}}],"collection":[{"href":"https:\/\/ecoshop.ee\/de\/wp-json\/wp\/v2\/product"}],"about":[{"href":"https:\/\/ecoshop.ee\/de\/wp-json\/wp\/v2\/types\/product"}],"replies":[{"embeddable":true,"href":"https:\/\/ecoshop.ee\/de\/wp-json\/wp\/v2\/comments?post=105253"}],"version-history":[{"count":0,"href":"https:\/\/ecoshop.ee\/de\/wp-json\/wp\/v2\/product\/105253\/revisions"}],"wp:featuredmedia":[{"embeddable":true,"href":"https:\/\/ecoshop.ee\/de\/wp-json\/wp\/v2\/media\/105254"}],"wp:attachment":[{"href":"https:\/\/ecoshop.ee\/de\/wp-json\/wp\/v2\/media?parent=105253"}],"wp:term":[{"taxonomy":"product_brand","embeddable":true,"href":"https:\/\/ecoshop.ee\/de\/wp-json\/wp\/v2\/product_brand?post=105253"},{"taxonomy":"product_cat","embeddable":true,"href":"https:\/\/ecoshop.ee\/de\/wp-json\/wp\/v2\/product_cat?post=105253"},{"taxonomy":"product_tag","embeddable":true,"href":"https:\/\/ecoshop.ee\/de\/wp-json\/wp\/v2\/product_tag?post=105253"}],"curies":[{"name":"wp","href":"https:\/\/api.w.org\/{rel}","templated":true}]}}