{"id":105256,"date":"2025-04-09T14:52:53","date_gmt":"2025-04-09T12:52:53","guid":{"rendered":"https:\/\/ecoshop.ee\/?post_type=product&#038;p=105256"},"modified":"2025-07-21T11:40:56","modified_gmt":"2025-07-21T08:40:56","slug":"stammesseelen-raucherstabchen-symbol-used-weiser-salbei","status":"publish","type":"product","link":"https:\/\/ecoshop.ee\/de\/viirukid\/tribal-soul-langeva-suitsuga-viirukikoonused-valge-salvei\/","title":{"rendered":"Tribal Soul R\u00e4ucherst\u00e4bchen mit fallendem Rauch used \u2013 Wei\u00dfer Salbei"},"content":{"rendered":"<p class=\"\" data-start=\"150\" data-end=\"533\">Wei\u00dfer Salbei (<em data-start=\"164\" data-end=\"179\">Salvia apiana<\/em>Wei\u00dfer Salbei ist eine mit der Minze verwandte Pflanze, die von den indigenen V\u00f6lkern Nordamerikas seit Jahrhunderten als R\u00e4ucherwerk in Reinigungszeremonien und Heilritualen verwendet wird. Ihr Rauch gilt als heilig und soll negative Energien vertreiben, die Konzentration f\u00f6rdern und inneren Frieden schenken. Das harzige und intensive Aroma des wei\u00dfen Salbeis schafft eine tiefenentspannende Atmosph\u00e4re.<\/p>\n<p class=\"\" data-start=\"535\" data-end=\"662\">Handgefertigter R\u00e4ucherkegel used, der einen effektvollen, fallenden Rauchstrom erzeugt. Nur f\u00fcr R\u00e4uchergef\u00e4\u00dfe mit fallendem Rauch geeignet.<\/p>\n<ul>\n<li data-start=\"664\" data-end=\"808\">Hergestellt aus hochwertigen Pflanzenmaterialien und Harzen<\/li>\n<li data-start=\"664\" data-end=\"808\">Brenndauer ca. 30 Minuten<\/li>\n<li data-start=\"664\" data-end=\"808\">Menge pro Packung: 10 St\u00fcck<\/li>\n<\/ul>\n<p class=\"\" data-start=\"810\" data-end=\"967\"><strong data-start=\"810\" data-end=\"825\">Verwendung:<\/strong> Z\u00fcnde die Spitze des Kegels 5\u201310 Sekunden lang an, bis sie zu gl\u00fchen beginnt. L\u00f6sche die Flamme und stelle den Kegel in den Brenner. F\u00fcr optimale Ergebnisse vor Zugluft sch\u00fctzen.<\/p>","protected":false},"excerpt":{"rendered":"<p>Wei\u00dfer Salbei (Salvia apiana) ist eine mit der Minze verwandte Pflanze, die von den indigenen V\u00f6lkern Nordamerikas seit Jahrhunderten als R\u00e4ucherwerk in Reinigungszeremonien und Heilungsritualen verwendet wird. Ihr Rauch gilt als heilig\u2026<\/p>","protected":false},"featured_media":105257,"comment_status":"open","ping_status":"closed","template":"","meta":{"wprm-recipe-roundup-name":"","wprm-recipe-roundup-description":""},"product_brand":[12009],"product_cat":[5751],"product_tag":[5752,5753],"class_list":{"0":"post-105256","1":"product","2":"type-product","3":"status-publish","4":"has-post-thumbnail","6":"product_brand-tribal-soul","7":"product_cat-viirukid","8":"product_tag-langeva-suitsuga","9":"product_tag-viiruk","11":"first","12":"instock","13":"sale","14":"taxable","15":"shipping-taxable","16":"purchasable","17":"product-type-simple"},"supplier_id":105232,"supplier_sku":"","barcode":"8901684617312","atum_controlled":true,"out_stock_date":null,"out_stock_threshold":null,"inheritable":false,"inbound_stock":0,"stock_on_hold":0,"sold_today":0,"sales_last_days":0,"reserved_stock":0,"customer_returns":0,"warehouse_damage":0,"lost_in_post":0,"other_logs":0,"out_stock_days":0,"lost_sales":0,"has_location":false,"update_date":"2026-03-07T01:16:04","atum_locations":[],"atum_stock_status":"instock","restock_status":false,"low_stock_amount":"","sales_update_date":"2026-03-07T01:16:04","calc_backorders":null,"aioseo_notices":[],"_links":{"self":[{"href":"https:\/\/ecoshop.ee\/de\/wp-json\/wp\/v2\/product\/105256","targetHints":{"allow":["GET"]}}],"collection":[{"href":"https:\/\/ecoshop.ee\/de\/wp-json\/wp\/v2\/product"}],"about":[{"href":"https:\/\/ecoshop.ee\/de\/wp-json\/wp\/v2\/types\/product"}],"replies":[{"embeddable":true,"href":"https:\/\/ecoshop.ee\/de\/wp-json\/wp\/v2\/comments?post=105256"}],"version-history":[{"count":0,"href":"https:\/\/ecoshop.ee\/de\/wp-json\/wp\/v2\/product\/105256\/revisions"}],"wp:featuredmedia":[{"embeddable":true,"href":"https:\/\/ecoshop.ee\/de\/wp-json\/wp\/v2\/media\/105257"}],"wp:attachment":[{"href":"https:\/\/ecoshop.ee\/de\/wp-json\/wp\/v2\/media?parent=105256"}],"wp:term":[{"taxonomy":"product_brand","embeddable":true,"href":"https:\/\/ecoshop.ee\/de\/wp-json\/wp\/v2\/product_brand?post=105256"},{"taxonomy":"product_cat","embeddable":true,"href":"https:\/\/ecoshop.ee\/de\/wp-json\/wp\/v2\/product_cat?post=105256"},{"taxonomy":"product_tag","embeddable":true,"href":"https:\/\/ecoshop.ee\/de\/wp-json\/wp\/v2\/product_tag?post=105256"}],"curies":[{"name":"wp","href":"https:\/\/api.w.org\/{rel}","templated":true}]}}