{"id":105259,"date":"2025-04-09T15:23:22","date_gmt":"2025-04-09T13:23:22","guid":{"rendered":"https:\/\/ecoshop.ee\/?post_type=product&#038;p=105259"},"modified":"2025-04-09T15:23:23","modified_gmt":"2025-04-09T13:23:23","slug":"banjara-stammesraucherstabchen-im-maya-dialekt","status":"publish","type":"product","link":"https:\/\/ecoshop.ee\/de\/viirukid\/banjara-tribal-viirukid-maiade-murr\/","title":{"rendered":"Banjara-Stammesweihrauch \u2013 Maya-Myrrhe"},"content":{"rendered":"<p class=\"\" data-start=\"171\" data-end=\"469\">Banjara Tribal Incense entf\u00fchrt Sie auf eine aromatische Reise in die Welt uralter Rituale. Maya-Myrrhe ist ein nat\u00fcrliches Harz mit einem warmen, erdigen Duft, das seit Jahrhunderten verwendet wird. Myrrhe besitzt reinigende Eigenschaften, die helfen, negative Energien zu vertreiben und vor spirituellen Einfl\u00fcssen zu sch\u00fctzen.<\/p>\n<p class=\"\" data-start=\"471\" data-end=\"661\">Myrrhe wird traditionell als sch\u00fctzendes und reinigendes Mittel gesch\u00e4tzt und kann zudem das Wohlbefinden f\u00f6rdern, Stress abbauen und die Sinne beruhigen. Ideal f\u00fcr Meditation oder die Reinigung von R\u00e4umen.<\/p>\n<ul>\n<li data-start=\"663\" data-end=\"881\">100% nat\u00fcrliche Zusammensetzung<\/li>\n<li data-start=\"663\" data-end=\"881\">Handgefertigt nach alten Traditionen<\/li>\n<li data-start=\"663\" data-end=\"881\">Ein tiefer und sinnlicher Duft f\u00fcr rituelle oder allt\u00e4gliche Zwecke<\/li>\n<li data-start=\"663\" data-end=\"881\">Menge pro Packung: 10 R\u00e4ucherst\u00e4bchen<\/li>\n<\/ul>","protected":false},"excerpt":{"rendered":"<p>Banjara Tribal Incense entf\u00fchrt Sie auf eine aromatische Reise in die Welt uralter Rituale. Maya-Myrrhe ist ein nat\u00fcrliches Harz mit einem warmen, erdigen Duft und jahrhundertealter Tradition\u2026<\/p>","protected":false},"featured_media":105260,"comment_status":"open","ping_status":"closed","template":"","meta":{"wprm-recipe-roundup-name":"","wprm-recipe-roundup-description":""},"product_brand":[12008],"product_cat":[5751],"product_tag":[5753],"class_list":{"0":"post-105259","1":"product","2":"type-product","3":"status-publish","4":"has-post-thumbnail","6":"product_brand-banjara","7":"product_cat-viirukid","8":"product_tag-viiruk","10":"first","11":"instock","12":"taxable","13":"shipping-taxable","14":"purchasable","15":"product-type-simple"},"supplier_id":105232,"supplier_sku":"","barcode":"8901234590140","atum_controlled":true,"out_stock_date":null,"out_stock_threshold":null,"inheritable":false,"inbound_stock":0,"stock_on_hold":0,"sold_today":0,"sales_last_days":0,"reserved_stock":0,"customer_returns":0,"warehouse_damage":0,"lost_in_post":0,"other_logs":0,"out_stock_days":0,"lost_sales":0,"has_location":false,"update_date":"2026-03-07T01:16:05","atum_locations":[],"atum_stock_status":"instock","restock_status":false,"low_stock_amount":"","sales_update_date":"2026-03-07T01:16:05","calc_backorders":null,"aioseo_notices":[],"_links":{"self":[{"href":"https:\/\/ecoshop.ee\/de\/wp-json\/wp\/v2\/product\/105259","targetHints":{"allow":["GET"]}}],"collection":[{"href":"https:\/\/ecoshop.ee\/de\/wp-json\/wp\/v2\/product"}],"about":[{"href":"https:\/\/ecoshop.ee\/de\/wp-json\/wp\/v2\/types\/product"}],"replies":[{"embeddable":true,"href":"https:\/\/ecoshop.ee\/de\/wp-json\/wp\/v2\/comments?post=105259"}],"version-history":[{"count":0,"href":"https:\/\/ecoshop.ee\/de\/wp-json\/wp\/v2\/product\/105259\/revisions"}],"wp:featuredmedia":[{"embeddable":true,"href":"https:\/\/ecoshop.ee\/de\/wp-json\/wp\/v2\/media\/105260"}],"wp:attachment":[{"href":"https:\/\/ecoshop.ee\/de\/wp-json\/wp\/v2\/media?parent=105259"}],"wp:term":[{"taxonomy":"product_brand","embeddable":true,"href":"https:\/\/ecoshop.ee\/de\/wp-json\/wp\/v2\/product_brand?post=105259"},{"taxonomy":"product_cat","embeddable":true,"href":"https:\/\/ecoshop.ee\/de\/wp-json\/wp\/v2\/product_cat?post=105259"},{"taxonomy":"product_tag","embeddable":true,"href":"https:\/\/ecoshop.ee\/de\/wp-json\/wp\/v2\/product_tag?post=105259"}],"curies":[{"name":"wp","href":"https:\/\/api.w.org\/{rel}","templated":true}]}}