{"id":105274,"date":"2025-04-09T17:37:43","date_gmt":"2025-04-09T15:37:43","guid":{"rendered":"https:\/\/ecoshop.ee\/?post_type=product&#038;p=105274"},"modified":"2025-04-09T17:37:45","modified_gmt":"2025-04-09T15:37:45","slug":"banjara-stammesraucherwerk-maya-kopal","status":"publish","type":"product","link":"https:\/\/ecoshop.ee\/de\/viirukid\/banjara-tribal-viirukid-maiade-kopaal\/","title":{"rendered":"Banjara-Stammesweihrauch \u2013 Maya-Kopal"},"content":{"rendered":"<p class=\"\" data-start=\"146\" data-end=\"326\">Banjara Tribal Incense entf\u00fchrt Sie auf eine Duftreise, die uralte Traditionen und nat\u00fcrliche Rituale ehrt. Jede Packung schenkt Ihnen die Kraft nat\u00fcrlicher D\u00fcfte und ein tiefes Gef\u00fchl des Wohlbefindens.<\/p>\n<p class=\"\" data-start=\"328\" data-end=\"545\">Maya-Kopal ist ein Harz mit heiliger Bedeutung und tiefgreifenden reinigenden Eigenschaftenused. Sein harziges und erdiges Aroma hilft, negative Energien freizusetzen, Klarheit zu schaffen und spirituelle Zeremonien und die Selbstreflexion zu unterst\u00fctzen.<\/p>\n<ul>\n<li data-start=\"547\" data-end=\"737\">100% nat\u00fcrliche Zusammensetzung<\/li>\n<li data-start=\"547\" data-end=\"737\">Handgefertigt nach alten Traditionen<\/li>\n<li data-start=\"547\" data-end=\"737\">Ein heiliger und reinigender Duft f\u00fcr Rituale und energetisches Gleichgewicht<\/li>\n<li data-start=\"547\" data-end=\"737\">Menge pro Packung: 10 R\u00e4ucherst\u00e4bchen<\/li>\n<\/ul>","protected":false},"excerpt":{"rendered":"<p>Banjara Tribal viirukid viivad sind aroomide r\u00e4nnakule, mis austab iidseid traditsioone ja looduslikke rituaale. Iga karp toob sinuni looduslike l\u00f5hnade v\u00e4e ja&hellip;<\/p>","protected":false},"featured_media":105275,"comment_status":"open","ping_status":"closed","template":"","meta":{"wprm-recipe-roundup-name":"","wprm-recipe-roundup-description":""},"product_brand":[12008],"product_cat":[5751],"product_tag":[5753],"class_list":{"0":"post-105274","1":"product","2":"type-product","3":"status-publish","4":"has-post-thumbnail","6":"product_brand-banjara","7":"product_cat-viirukid","8":"product_tag-viiruk","10":"first","11":"instock","12":"sale","13":"taxable","14":"shipping-taxable","15":"purchasable","16":"product-type-simple"},"supplier_id":105232,"supplier_sku":"","barcode":"8901234589922","atum_controlled":true,"out_stock_date":null,"out_stock_threshold":null,"inheritable":false,"inbound_stock":0,"stock_on_hold":0,"sold_today":0,"sales_last_days":0,"reserved_stock":0,"customer_returns":0,"warehouse_damage":0,"lost_in_post":0,"other_logs":0,"out_stock_days":0,"lost_sales":0,"has_location":false,"update_date":"2026-03-07T01:16:05","atum_locations":[],"atum_stock_status":"instock","restock_status":false,"low_stock_amount":"","sales_update_date":"2026-03-07T01:16:05","calc_backorders":null,"aioseo_notices":[],"_links":{"self":[{"href":"https:\/\/ecoshop.ee\/de\/wp-json\/wp\/v2\/product\/105274","targetHints":{"allow":["GET"]}}],"collection":[{"href":"https:\/\/ecoshop.ee\/de\/wp-json\/wp\/v2\/product"}],"about":[{"href":"https:\/\/ecoshop.ee\/de\/wp-json\/wp\/v2\/types\/product"}],"replies":[{"embeddable":true,"href":"https:\/\/ecoshop.ee\/de\/wp-json\/wp\/v2\/comments?post=105274"}],"version-history":[{"count":0,"href":"https:\/\/ecoshop.ee\/de\/wp-json\/wp\/v2\/product\/105274\/revisions"}],"wp:featuredmedia":[{"embeddable":true,"href":"https:\/\/ecoshop.ee\/de\/wp-json\/wp\/v2\/media\/105275"}],"wp:attachment":[{"href":"https:\/\/ecoshop.ee\/de\/wp-json\/wp\/v2\/media?parent=105274"}],"wp:term":[{"taxonomy":"product_brand","embeddable":true,"href":"https:\/\/ecoshop.ee\/de\/wp-json\/wp\/v2\/product_brand?post=105274"},{"taxonomy":"product_cat","embeddable":true,"href":"https:\/\/ecoshop.ee\/de\/wp-json\/wp\/v2\/product_cat?post=105274"},{"taxonomy":"product_tag","embeddable":true,"href":"https:\/\/ecoshop.ee\/de\/wp-json\/wp\/v2\/product_tag?post=105274"}],"curies":[{"name":"wp","href":"https:\/\/api.w.org\/{rel}","templated":true}]}}