{"id":105289,"date":"2025-04-09T21:46:18","date_gmt":"2025-04-09T19:46:18","guid":{"rendered":"https:\/\/ecoshop.ee\/?post_type=product&#038;p=105289"},"modified":"2025-04-09T21:46:20","modified_gmt":"2025-04-09T19:46:20","slug":"banjara-stammesraucherstabchen-palo-santo","status":"publish","type":"product","link":"https:\/\/ecoshop.ee\/de\/viirukid\/banjara-tribal-viirukid-palo-santo\/","title":{"rendered":"Banjara Tribal Weihrauch \u2013 Palo Santo"},"content":{"rendered":"<p class=\"\" data-start=\"139\" data-end=\"313\">Banjara&#039;s Tribal Incense ist eine aromatische Reise, die uralte Traditionen und nat\u00fcrliche Rituale ehrt. Jede Schachtel bietet ein intensives Sinneserlebnis und eine Verbindung zur Kraft nat\u00fcrlicher D\u00fcfte.<\/p>\n<p class=\"\" data-start=\"315\" data-end=\"568\">Palo Santo, der \u201eheilige Baum\u201c, w\u00e4chst in den tropischen Regionen S\u00fcdamerikas, und sein Holz, seine Bl\u00e4tter und sein \u00d6l werden seit Jahrhunderten zur Heilung von K\u00f6rper und Seele verwendet. Einheimische Schamanen nutzen Palo Santo zur Reinigung, zum Schutz und zur Harmonisierung.<\/p>\n<ul>\n<li data-start=\"570\" data-end=\"762\">100% nat\u00fcrliche Zusammensetzung<\/li>\n<li data-start=\"570\" data-end=\"762\">Handgefertigt nach alten Traditionen<\/li>\n<li data-start=\"570\" data-end=\"762\">Ein heiliger, warmer Holzduft zur spirituellen und energetischen Reinigung<\/li>\n<li data-start=\"570\" data-end=\"762\">Menge pro Packung: 10 R\u00e4ucherst\u00e4bchen<\/li>\n<\/ul>","protected":false},"excerpt":{"rendered":"<p>Banjara Tribal viirukid on aroomir\u00e4nnak, mis austab iidseid traditsioone ja loodusrituaale. Iga karp pakub s\u00fcgavat sensoorset kogemust ning \u00fchendust looduslike l\u00f5hnade v\u00e4ega.&hellip;<\/p>","protected":false},"featured_media":105290,"comment_status":"open","ping_status":"closed","template":"","meta":{"wprm-recipe-roundup-name":"","wprm-recipe-roundup-description":""},"product_brand":[12008],"product_cat":[5751],"product_tag":[5753],"class_list":{"0":"post-105289","1":"product","2":"type-product","3":"status-publish","4":"has-post-thumbnail","6":"product_brand-banjara","7":"product_cat-viirukid","8":"product_tag-viiruk","10":"first","11":"instock","12":"sale","13":"taxable","14":"shipping-taxable","15":"purchasable","16":"product-type-simple"},"supplier_id":105232,"supplier_sku":"","barcode":"8901234567906","atum_controlled":true,"out_stock_date":null,"out_stock_threshold":null,"inheritable":false,"inbound_stock":0,"stock_on_hold":0,"sold_today":0,"sales_last_days":0,"reserved_stock":0,"customer_returns":0,"warehouse_damage":0,"lost_in_post":0,"other_logs":0,"out_stock_days":0,"lost_sales":0,"has_location":false,"update_date":"2026-03-07T01:16:05","atum_locations":[],"atum_stock_status":"instock","restock_status":false,"low_stock_amount":"","sales_update_date":"2026-03-07T01:16:05","calc_backorders":null,"aioseo_notices":[],"_links":{"self":[{"href":"https:\/\/ecoshop.ee\/de\/wp-json\/wp\/v2\/product\/105289","targetHints":{"allow":["GET"]}}],"collection":[{"href":"https:\/\/ecoshop.ee\/de\/wp-json\/wp\/v2\/product"}],"about":[{"href":"https:\/\/ecoshop.ee\/de\/wp-json\/wp\/v2\/types\/product"}],"replies":[{"embeddable":true,"href":"https:\/\/ecoshop.ee\/de\/wp-json\/wp\/v2\/comments?post=105289"}],"version-history":[{"count":0,"href":"https:\/\/ecoshop.ee\/de\/wp-json\/wp\/v2\/product\/105289\/revisions"}],"wp:featuredmedia":[{"embeddable":true,"href":"https:\/\/ecoshop.ee\/de\/wp-json\/wp\/v2\/media\/105290"}],"wp:attachment":[{"href":"https:\/\/ecoshop.ee\/de\/wp-json\/wp\/v2\/media?parent=105289"}],"wp:term":[{"taxonomy":"product_brand","embeddable":true,"href":"https:\/\/ecoshop.ee\/de\/wp-json\/wp\/v2\/product_brand?post=105289"},{"taxonomy":"product_cat","embeddable":true,"href":"https:\/\/ecoshop.ee\/de\/wp-json\/wp\/v2\/product_cat?post=105289"},{"taxonomy":"product_tag","embeddable":true,"href":"https:\/\/ecoshop.ee\/de\/wp-json\/wp\/v2\/product_tag?post=105289"}],"curies":[{"name":"wp","href":"https:\/\/api.w.org\/{rel}","templated":true}]}}