{"id":105292,"date":"2025-04-09T21:50:28","date_gmt":"2025-04-09T19:50:28","guid":{"rendered":"https:\/\/ecoshop.ee\/?post_type=product&#038;p=105292"},"modified":"2025-04-09T21:50:29","modified_gmt":"2025-04-09T19:50:29","slug":"banjara-stammesrauchersandelholz","status":"publish","type":"product","link":"https:\/\/ecoshop.ee\/de\/viirukid\/banjara-tribal-viirukid-sandlipuu\/","title":{"rendered":"Banjara-Stammesr\u00e4ucherwerk \u2013 Sandelholz"},"content":{"rendered":"<p class=\"\" data-start=\"137\" data-end=\"313\">Banjara Tribal Incense entf\u00fchrt Sie in eine Welt der Aromen, die auf uralten Traditionen und Ritualen basieren. Jede Packung schenkt Ihnen die Kraft nat\u00fcrlicher D\u00fcfte und ein tiefes Gef\u00fchl des Wohlbefindens.<\/p>\n<p class=\"\" data-start=\"315\" data-end=\"626\">Sandelholz ist ein kostbares, duftendes Holz, das seinen Duft \u00fcber Jahrzehnte bewahrt. Sein warmer, beruhigender Duft f\u00f6rdert die geistige Klarheit, lindert \u00c4ngste und tr\u00e4gt zu Entspannung und einem erholsamen Schlaf bei. Beim Verbrennen setzt es nat\u00fcrliche antiseptische Eigenschaften frei, die die Luft reinigen und f\u00fcr ein harmonisches Raumklima sorgen.<\/p>\n<ul>\n<li data-start=\"628\" data-end=\"808\">100% nat\u00fcrliche Zusammensetzung<\/li>\n<li data-start=\"628\" data-end=\"808\">Handgefertigt nach alten Traditionen<\/li>\n<li data-start=\"628\" data-end=\"808\">Ein warmer und beruhigender Duft f\u00fcr mehr innere Ruhe und besseren Schlaf<\/li>\n<li data-start=\"628\" data-end=\"808\">Menge pro Packung: 10 R\u00e4ucherst\u00e4bchen<\/li>\n<\/ul>","protected":false},"excerpt":{"rendered":"<p>Banjara Tribal viirukid viivad sind aroomide maailma, mis p\u00f5hineb iidsetel traditsioonidel ja rituaalidel. Iga karp toob sinuni looduslike l\u00f5hnade j\u00f5u ning s\u00fcgava&hellip;<\/p>","protected":false},"featured_media":105293,"comment_status":"open","ping_status":"closed","template":"","meta":{"wprm-recipe-roundup-name":"","wprm-recipe-roundup-description":""},"product_brand":[12008],"product_cat":[5751],"product_tag":[5753],"class_list":{"0":"post-105292","1":"product","2":"type-product","3":"status-publish","4":"has-post-thumbnail","6":"product_brand-banjara","7":"product_cat-viirukid","8":"product_tag-viiruk","10":"first","11":"instock","12":"taxable","13":"shipping-taxable","14":"purchasable","15":"product-type-simple"},"supplier_id":105232,"supplier_sku":"","barcode":"8901234690157","atum_controlled":true,"out_stock_date":null,"out_stock_threshold":null,"inheritable":false,"inbound_stock":0,"stock_on_hold":0,"sold_today":0,"sales_last_days":0,"reserved_stock":0,"customer_returns":0,"warehouse_damage":0,"lost_in_post":0,"other_logs":0,"out_stock_days":0,"lost_sales":0,"has_location":false,"update_date":"2026-03-07T01:16:05","atum_locations":[],"atum_stock_status":"instock","restock_status":false,"low_stock_amount":"","sales_update_date":"2026-03-07T01:16:05","calc_backorders":null,"aioseo_notices":[],"_links":{"self":[{"href":"https:\/\/ecoshop.ee\/de\/wp-json\/wp\/v2\/product\/105292","targetHints":{"allow":["GET"]}}],"collection":[{"href":"https:\/\/ecoshop.ee\/de\/wp-json\/wp\/v2\/product"}],"about":[{"href":"https:\/\/ecoshop.ee\/de\/wp-json\/wp\/v2\/types\/product"}],"replies":[{"embeddable":true,"href":"https:\/\/ecoshop.ee\/de\/wp-json\/wp\/v2\/comments?post=105292"}],"version-history":[{"count":0,"href":"https:\/\/ecoshop.ee\/de\/wp-json\/wp\/v2\/product\/105292\/revisions"}],"wp:featuredmedia":[{"embeddable":true,"href":"https:\/\/ecoshop.ee\/de\/wp-json\/wp\/v2\/media\/105293"}],"wp:attachment":[{"href":"https:\/\/ecoshop.ee\/de\/wp-json\/wp\/v2\/media?parent=105292"}],"wp:term":[{"taxonomy":"product_brand","embeddable":true,"href":"https:\/\/ecoshop.ee\/de\/wp-json\/wp\/v2\/product_brand?post=105292"},{"taxonomy":"product_cat","embeddable":true,"href":"https:\/\/ecoshop.ee\/de\/wp-json\/wp\/v2\/product_cat?post=105292"},{"taxonomy":"product_tag","embeddable":true,"href":"https:\/\/ecoshop.ee\/de\/wp-json\/wp\/v2\/product_tag?post=105292"}],"curies":[{"name":"wp","href":"https:\/\/api.w.org\/{rel}","templated":true}]}}