{"id":105295,"date":"2025-04-09T22:14:08","date_gmt":"2025-04-09T20:14:08","guid":{"rendered":"https:\/\/ecoshop.ee\/?post_type=product&#038;p=105295"},"modified":"2025-04-09T22:16:00","modified_gmt":"2025-04-09T20:16:00","slug":"krauterduftol-mit-uppigem-lavendelduft-10-ml","status":"publish","type":"product","link":"https:\/\/ecoshop.ee\/de\/eeterlikud-olid-ja-aroomiolid\/taimne-aroomioli-lopsakas-lavendel-10ml\/","title":{"rendered":"Kr\u00e4uterduft\u00f6l \u2013 Lush Lavendel \u2013 10 ml"},"content":{"rendered":"<p class=\"\" data-start=\"164\" data-end=\"379\">Ein nat\u00fcrliches, pflanzliches Aroma\u00f6l mit einem intensiven, langanhaltenden Lavendelduft. Es enth\u00e4lt eine h\u00f6here Konzentration an \u00e4therischen \u00d6len als viele herk\u00f6mmliche Marken, wodurch der Duft intensiver ist und l\u00e4nger anh\u00e4lt.<\/p>\n<p class=\"\" data-start=\"381\" data-end=\"548\">Geeignet f\u00fcr die Verwendung mit einer traditionellen Duftlampe oder einem elektrischen Diffusor. Der Duft von Lavendel beruhigt die Sinne, f\u00f6rdert die Entspannung und schafft eine behagliche Atmosph\u00e4re in jedem Raum.<\/p>\n<ul>\n<li data-start=\"550\" data-end=\"699\">Pflanzlich, 100% vegan<\/li>\n<li data-start=\"550\" data-end=\"699\">Enth\u00e4lt keine sch\u00e4dlichen Chemikalien<\/li>\n<li data-start=\"550\" data-end=\"699\">Zur Verwendung mit einer \u00d6lbrennerin oder einem Diffusor<\/li>\n<li data-start=\"550\" data-end=\"699\">Langanhaltender und nat\u00fcrlicher Lavendelduft<\/li>\n<\/ul>","protected":false},"excerpt":{"rendered":"<p>Looduslikul taimsel baasil valmistatud aroomi\u00f5li, millel on rikkalik ja kauap\u00fcsiv lavendliaroom. Sisaldab suuremas koguses eeterlikke \u00f5lisid kui paljud tavabr\u00e4ndid, mist\u00f5ttu on l\u00f5hn&hellip;<\/p>","protected":false},"featured_media":105298,"comment_status":"open","ping_status":"closed","template":"","meta":{"wprm-recipe-roundup-name":"","wprm-recipe-roundup-description":""},"product_brand":[],"product_cat":[5754],"product_tag":[5755],"class_list":{"0":"post-105295","1":"product","2":"type-product","3":"status-publish","4":"has-post-thumbnail","6":"product_cat-eeterlikud-olid-ja-aroomiolid","7":"product_tag-aroomioli","9":"first","10":"instock","11":"taxable","12":"shipping-taxable","13":"purchasable","14":"product-type-simple"},"supplier_id":105232,"supplier_sku":"","barcode":"5028691475032","atum_controlled":true,"out_stock_date":null,"out_stock_threshold":null,"inheritable":false,"inbound_stock":0,"stock_on_hold":0,"sold_today":0,"sales_last_days":0,"reserved_stock":0,"customer_returns":0,"warehouse_damage":0,"lost_in_post":0,"other_logs":0,"out_stock_days":0,"lost_sales":0,"has_location":false,"update_date":"2026-03-07T01:16:07","atum_locations":[],"atum_stock_status":"instock","restock_status":false,"low_stock_amount":"","sales_update_date":"2026-03-07T01:16:07","calc_backorders":null,"aioseo_notices":[],"_links":{"self":[{"href":"https:\/\/ecoshop.ee\/de\/wp-json\/wp\/v2\/product\/105295","targetHints":{"allow":["GET"]}}],"collection":[{"href":"https:\/\/ecoshop.ee\/de\/wp-json\/wp\/v2\/product"}],"about":[{"href":"https:\/\/ecoshop.ee\/de\/wp-json\/wp\/v2\/types\/product"}],"replies":[{"embeddable":true,"href":"https:\/\/ecoshop.ee\/de\/wp-json\/wp\/v2\/comments?post=105295"}],"version-history":[{"count":0,"href":"https:\/\/ecoshop.ee\/de\/wp-json\/wp\/v2\/product\/105295\/revisions"}],"wp:featuredmedia":[{"embeddable":true,"href":"https:\/\/ecoshop.ee\/de\/wp-json\/wp\/v2\/media\/105298"}],"wp:attachment":[{"href":"https:\/\/ecoshop.ee\/de\/wp-json\/wp\/v2\/media?parent=105295"}],"wp:term":[{"taxonomy":"product_brand","embeddable":true,"href":"https:\/\/ecoshop.ee\/de\/wp-json\/wp\/v2\/product_brand?post=105295"},{"taxonomy":"product_cat","embeddable":true,"href":"https:\/\/ecoshop.ee\/de\/wp-json\/wp\/v2\/product_cat?post=105295"},{"taxonomy":"product_tag","embeddable":true,"href":"https:\/\/ecoshop.ee\/de\/wp-json\/wp\/v2\/product_tag?post=105295"}],"curies":[{"name":"wp","href":"https:\/\/api.w.org\/{rel}","templated":true}]}}