{"id":105315,"date":"2025-04-09T23:28:06","date_gmt":"2025-04-09T21:28:06","guid":{"rendered":"https:\/\/ecoshop.ee\/?post_type=product&#038;p=105315"},"modified":"2025-04-09T23:28:07","modified_gmt":"2025-04-09T21:28:07","slug":"teebaumol-10-ml","status":"publish","type":"product","link":"https:\/\/ecoshop.ee\/de\/eeterlikud-olid-ja-aroomiolid\/teepuu-eeterlik-oli-10ml\/","title":{"rendered":"Teebaum\u00f6l \u2013 10 ml"},"content":{"rendered":"<p class=\"\" data-start=\"175\" data-end=\"344\"><em data-start=\"208\" data-end=\"232\">Melaleuca Alternifolia<br \/>\n<\/em><br data-start=\"232\" data-end=\"235\" \/>Teebaum\u00f6l ist f\u00fcr seine nat\u00fcrlichen antiseptischen und antimykotischen Eigenschaften bekannt. Es wird durch Wasserdampfdestillation gewonnen. <em data-start=\"470\" data-end=\"494\">Melaleuca alternifolia<\/em> Teebaum\u00f6l wird aus den Bl\u00e4ttern und Zweigen eines an der Nordostk\u00fcste Australiens heimischen Baumes gewonnen. Die Aborigines nutzen es seit Jahrhunderten zur Linderung von Wunden, Verbrennungen und Atemwegserkrankungen.<\/p>\n<p class=\"\" data-start=\"665\" data-end=\"883\">Teebaum\u00f6l eignet sich zur \u00e4u\u00dferlichen Anwendung und unterst\u00fctzt die Hautgesundheit (bei Akne, Pilzinfektionen und Schuppen), lindert Muskelschmerzen, Erk\u00e4ltungssymptome und Atemwegsbeschwerden. Dem Badewasser zugesetzt, reinigt und pflegt es die Haut.<\/p>\n<ul>\n<li data-start=\"885\" data-end=\"1074\">100% reines \u00e4therisches \u00d6l<\/li>\n<li data-start=\"885\" data-end=\"1074\">Nat\u00fcrlich antiseptisch und antimykotisch<\/li>\n<li data-start=\"885\" data-end=\"1074\">Wirksam bei Akne, Hautirritationen und Erk\u00e4ltungen<\/li>\n<li data-start=\"885\" data-end=\"1074\">Verwendeter Pflanzenteil: Bl\u00e4tter und Zweige<\/li>\n<li data-start=\"885\" data-end=\"1074\">Extraktionsmethode: Wasserdampfdestillation<\/li>\n<li data-start=\"885\" data-end=\"1074\">10 ml in einer dunklen Glasflasche<\/li>\n<\/ul>\n<p class=\"\" data-start=\"1076\" data-end=\"1231\">\u26a0\ufe0f Nur zur \u00e4u\u00dferlichen Anwendung. Nicht verschlucken. Au\u00dferhalb der Reichweite von Kindern und Haustieren aufbewahren. Nicht w\u00e4hrend der Schwangerschaft oder Stillzeit anwenden.<\/p>","protected":false},"excerpt":{"rendered":"<p>Melaleuca Alternifolia Teepuu\u00f5li on tuntud oma looduslike antiseptiliste ja seenevastaste omaduste poolest. Seda saadakse aurudestilleerimise teel Melaleuca alternifolia puu lehtedest ja okstest,&hellip;<\/p>","protected":false},"featured_media":105316,"comment_status":"open","ping_status":"closed","template":"","meta":{"wprm-recipe-roundup-name":"","wprm-recipe-roundup-description":""},"product_brand":[],"product_cat":[5754],"product_tag":[5756],"class_list":{"0":"post-105315","1":"product","2":"type-product","3":"status-publish","4":"has-post-thumbnail","6":"product_cat-eeterlikud-olid-ja-aroomiolid","7":"product_tag-eeterlik-oli","9":"first","10":"instock","11":"taxable","12":"shipping-taxable","13":"purchasable","14":"product-type-simple"},"supplier_id":105232,"supplier_sku":"","barcode":"5055796528394","atum_controlled":true,"out_stock_date":null,"out_stock_threshold":null,"inheritable":false,"inbound_stock":0,"stock_on_hold":0,"sold_today":0,"sales_last_days":0,"reserved_stock":0,"customer_returns":0,"warehouse_damage":0,"lost_in_post":0,"other_logs":0,"out_stock_days":0,"lost_sales":0,"has_location":false,"update_date":"2026-03-07T01:16:07","atum_locations":[],"atum_stock_status":"instock","restock_status":false,"low_stock_amount":"","sales_update_date":"2026-03-07T01:16:07","calc_backorders":null,"aioseo_notices":[],"_links":{"self":[{"href":"https:\/\/ecoshop.ee\/de\/wp-json\/wp\/v2\/product\/105315","targetHints":{"allow":["GET"]}}],"collection":[{"href":"https:\/\/ecoshop.ee\/de\/wp-json\/wp\/v2\/product"}],"about":[{"href":"https:\/\/ecoshop.ee\/de\/wp-json\/wp\/v2\/types\/product"}],"replies":[{"embeddable":true,"href":"https:\/\/ecoshop.ee\/de\/wp-json\/wp\/v2\/comments?post=105315"}],"version-history":[{"count":0,"href":"https:\/\/ecoshop.ee\/de\/wp-json\/wp\/v2\/product\/105315\/revisions"}],"wp:featuredmedia":[{"embeddable":true,"href":"https:\/\/ecoshop.ee\/de\/wp-json\/wp\/v2\/media\/105316"}],"wp:attachment":[{"href":"https:\/\/ecoshop.ee\/de\/wp-json\/wp\/v2\/media?parent=105315"}],"wp:term":[{"taxonomy":"product_brand","embeddable":true,"href":"https:\/\/ecoshop.ee\/de\/wp-json\/wp\/v2\/product_brand?post=105315"},{"taxonomy":"product_cat","embeddable":true,"href":"https:\/\/ecoshop.ee\/de\/wp-json\/wp\/v2\/product_cat?post=105315"},{"taxonomy":"product_tag","embeddable":true,"href":"https:\/\/ecoshop.ee\/de\/wp-json\/wp\/v2\/product_tag?post=105315"}],"curies":[{"name":"wp","href":"https:\/\/api.w.org\/{rel}","templated":true}]}}