{"id":105318,"date":"2025-04-09T23:40:47","date_gmt":"2025-04-09T21:40:47","guid":{"rendered":"https:\/\/ecoshop.ee\/?post_type=product&#038;p=105318"},"modified":"2025-04-09T23:40:48","modified_gmt":"2025-04-09T21:40:48","slug":"rosenholzol-10-ml","status":"publish","type":"product","link":"https:\/\/ecoshop.ee\/de\/eeterlikud-olid-ja-aroomiolid\/roosipuu-eeterlik-oli-10ml\/","title":{"rendered":"\u00c4therisches Rosenholz\u00f6l \u2013 10 ml"},"content":{"rendered":"<p class=\"\" data-start=\"68\" data-end=\"121\"><em data-start=\"103\" data-end=\"121\">Aniba Rosaeodora<\/em><\/p>\n<p class=\"\" data-start=\"123\" data-end=\"480\">\u00c4therisches Rosenholz\u00f6l wird f\u00fcr seinen beruhigenden, s\u00fc\u00dfen und leicht w\u00fcrzigen Duft gesch\u00e4tzt, der die Stimmung ausgleicht und die geistige Klarheit f\u00f6rdert. Es wird durch Wasserdampfdestillation von Rosenholz aus Brasilien gewonnen. In der Aromatherapie ist Rosenholz\u00f6l als nat\u00fcrliches Antidepressivum bekannt, das die Stimmung hebt, M\u00fcdigkeit reduziert und die Vitalit\u00e4t wiederherstellt.<\/p>\n<p class=\"\" data-start=\"482\" data-end=\"681\">Das \u00d6l eignet sich auch gut zur Linderung von leichten Schmerzen, Kopfschmerzen und Muskelverspannungen, und seine nat\u00fcrlichen antibakteriellen und insektenabweisenden Eigenschaften machen es zu einem vielseitigen Helfer f\u00fcr den Hausgebrauch.<\/p>\n<ul>\n<li data-start=\"683\" data-end=\"839\">100% reines \u00e4therisches \u00d6l<\/li>\n<li data-start=\"683\" data-end=\"839\">Beruhigt den Geist und unterst\u00fctzt das seelische Gleichgewicht<\/li>\n<li data-start=\"683\" data-end=\"839\">Nat\u00fcrlich antiseptisch und insektenabweisend<\/li>\n<li data-start=\"683\" data-end=\"839\">Lindert leichte Schmerzen und Beschwerden<\/li>\n<li data-start=\"683\" data-end=\"839\">Verwendeter Pflanzenteil: Holz<\/li>\n<li data-start=\"683\" data-end=\"839\">Extraktionsmethode: Wasserdampfdestillation<\/li>\n<li data-start=\"683\" data-end=\"839\">10 ml in einer dunklen Glasflasche<\/li>\n<\/ul>\n<p class=\"\" data-start=\"942\" data-end=\"1097\">\u26a0\ufe0f Nur zur \u00e4u\u00dferlichen Anwendung. Nicht verschlucken. Au\u00dferhalb der Reichweite von Kindern und Haustieren aufbewahren. Nicht w\u00e4hrend der Schwangerschaft oder Stillzeit anwenden.<\/p>","protected":false},"excerpt":{"rendered":"<p>Aniba Rosaeodora Roosipuu eeterlik \u00f5li on hinnatud oma rahustava, magusa ja kergelt v\u00fcrtsika l\u00f5hna poolest, mis toetab meeleolu tasakaalustamist ja vaimset selgust.&hellip;<\/p>","protected":false},"featured_media":105319,"comment_status":"open","ping_status":"closed","template":"","meta":{"wprm-recipe-roundup-name":"","wprm-recipe-roundup-description":""},"product_brand":[],"product_cat":[5754],"product_tag":[5756],"class_list":{"0":"post-105318","1":"product","2":"type-product","3":"status-publish","4":"has-post-thumbnail","6":"product_cat-eeterlikud-olid-ja-aroomiolid","7":"product_tag-eeterlik-oli","9":"first","10":"instock","11":"sale","12":"taxable","13":"shipping-taxable","14":"purchasable","15":"product-type-simple"},"supplier_id":105232,"supplier_sku":"","barcode":"5055796528769","atum_controlled":true,"out_stock_date":null,"out_stock_threshold":null,"inheritable":false,"inbound_stock":0,"stock_on_hold":0,"sold_today":0,"sales_last_days":0,"reserved_stock":0,"customer_returns":0,"warehouse_damage":0,"lost_in_post":0,"other_logs":0,"out_stock_days":0,"lost_sales":0,"has_location":false,"update_date":"2026-03-07T01:16:07","atum_locations":[],"atum_stock_status":"instock","restock_status":false,"low_stock_amount":"","sales_update_date":"2026-03-07T01:16:07","calc_backorders":null,"aioseo_notices":[],"_links":{"self":[{"href":"https:\/\/ecoshop.ee\/de\/wp-json\/wp\/v2\/product\/105318","targetHints":{"allow":["GET"]}}],"collection":[{"href":"https:\/\/ecoshop.ee\/de\/wp-json\/wp\/v2\/product"}],"about":[{"href":"https:\/\/ecoshop.ee\/de\/wp-json\/wp\/v2\/types\/product"}],"replies":[{"embeddable":true,"href":"https:\/\/ecoshop.ee\/de\/wp-json\/wp\/v2\/comments?post=105318"}],"version-history":[{"count":0,"href":"https:\/\/ecoshop.ee\/de\/wp-json\/wp\/v2\/product\/105318\/revisions"}],"wp:featuredmedia":[{"embeddable":true,"href":"https:\/\/ecoshop.ee\/de\/wp-json\/wp\/v2\/media\/105319"}],"wp:attachment":[{"href":"https:\/\/ecoshop.ee\/de\/wp-json\/wp\/v2\/media?parent=105318"}],"wp:term":[{"taxonomy":"product_brand","embeddable":true,"href":"https:\/\/ecoshop.ee\/de\/wp-json\/wp\/v2\/product_brand?post=105318"},{"taxonomy":"product_cat","embeddable":true,"href":"https:\/\/ecoshop.ee\/de\/wp-json\/wp\/v2\/product_cat?post=105318"},{"taxonomy":"product_tag","embeddable":true,"href":"https:\/\/ecoshop.ee\/de\/wp-json\/wp\/v2\/product_tag?post=105318"}],"curies":[{"name":"wp","href":"https:\/\/api.w.org\/{rel}","templated":true}]}}