{"id":105468,"date":"2025-04-12T11:16:44","date_gmt":"2025-04-12T09:16:44","guid":{"rendered":"https:\/\/ecoshop.ee\/?post_type=product&#038;p=105468"},"modified":"2025-04-12T11:16:46","modified_gmt":"2025-04-12T09:16:46","slug":"atherisches-zedernholzol-10-ml","status":"publish","type":"product","link":"https:\/\/ecoshop.ee\/de\/eeterlikud-olid-ja-aroomiolid\/seedripuu-eeterlik-oli-10ml\/","title":{"rendered":"\u00c4therisches Zedernholz\u00f6l \u2013 10 ml"},"content":{"rendered":"<p class=\"\" data-start=\"96\" data-end=\"165\"><em data-start=\"143\" data-end=\"165\">Juniperus virginiana<\/em><\/p>\n<p class=\"\" data-start=\"167\" data-end=\"515\">Das \u00e4therische \u00d6l des Zedernholzes wird aus dem in den USA wachsenden Zedernbaum gewonnen. <em data-start=\"214\" data-end=\"236\">Juniperus virginiana<\/em> Holzdampfdestillation. Dieses \u00d6l wird f\u00fcr seine beruhigenden, ausgleichenden und hautpflegenden Eigenschaften gesch\u00e4tzt. Traditionell wird es zur Linderung von Hautirritationen, Schuppen und \u00fcberm\u00e4\u00dfiger Talgproduktion sowie zur Entspannung bei Anspannung und Unruhe eingesetzt.<\/p>\n<p class=\"\" data-start=\"517\" data-end=\"724\">Zedernholz\u00f6l reguliert die Talgdr\u00fcsenfunktion, unterst\u00fctzt die Hautreinigung und wirkt beruhigend auf K\u00f6rper und Geist. Es eignet sich hervorragend zur abendlichen Anwendung, um den Schlaf zu f\u00f6rdern und das Nervensystem auszugleichen.<\/p>\n<ul>\n<li data-start=\"726\" data-end=\"891\">100% reines \u00e4therisches \u00d6l<\/li>\n<li data-start=\"726\" data-end=\"891\">Unterst\u00fctzt das Gleichgewicht der Haut und lindert Irritationen.<\/li>\n<li data-start=\"726\" data-end=\"891\">Nat\u00fcrliche antiseptische und antimykotische Wirkung<\/li>\n<li data-start=\"726\" data-end=\"891\">Geeignet zur beruhigenden und entspannenden Anwendung<\/li>\n<li data-start=\"726\" data-end=\"891\">Verwendeter Pflanzenteil: Holz<\/li>\n<li data-start=\"726\" data-end=\"891\">Extraktionsmethode: Wasserdampfdestillation<\/li>\n<li data-start=\"726\" data-end=\"891\">10 ml in einer dunklen Glasflasche<\/li>\n<\/ul>\n<p class=\"\" data-start=\"994\" data-end=\"1149\">\u26a0\ufe0f Nur zur \u00e4u\u00dferlichen Anwendung. Nicht verschlucken. Au\u00dferhalb der Reichweite von Kindern und Haustieren aufbewahren. Nicht w\u00e4hrend der Schwangerschaft oder Stillzeit anwenden.<\/p>","protected":false},"excerpt":{"rendered":"<p>Juniperus Virginiana Seedripuu eeterlik \u00f5li on saadud USA-s kasvava Juniperus virginiana puidust aurudestilleerimise teel. See \u00f5li on hinnatud oma rahustavate, tasakaalustavate ja&hellip;<\/p>","protected":false},"featured_media":105469,"comment_status":"open","ping_status":"closed","template":"","meta":{"wprm-recipe-roundup-name":"","wprm-recipe-roundup-description":""},"product_brand":[],"product_cat":[5754],"product_tag":[5756],"class_list":{"0":"post-105468","1":"product","2":"type-product","3":"status-publish","4":"has-post-thumbnail","6":"product_cat-eeterlikud-olid-ja-aroomiolid","7":"product_tag-eeterlik-oli","9":"first","10":"instock","11":"taxable","12":"shipping-taxable","13":"purchasable","14":"product-type-simple"},"supplier_id":105232,"supplier_sku":"","barcode":"5055796528875","atum_controlled":true,"out_stock_date":null,"out_stock_threshold":null,"inheritable":false,"inbound_stock":0,"stock_on_hold":0,"sold_today":0,"sales_last_days":0,"reserved_stock":0,"customer_returns":0,"warehouse_damage":0,"lost_in_post":0,"other_logs":0,"out_stock_days":0,"lost_sales":0,"has_location":false,"update_date":"2026-03-07T01:16:07","atum_locations":[],"atum_stock_status":"instock","restock_status":false,"low_stock_amount":"","sales_update_date":"2026-03-07T01:16:07","calc_backorders":null,"aioseo_notices":[],"_links":{"self":[{"href":"https:\/\/ecoshop.ee\/de\/wp-json\/wp\/v2\/product\/105468","targetHints":{"allow":["GET"]}}],"collection":[{"href":"https:\/\/ecoshop.ee\/de\/wp-json\/wp\/v2\/product"}],"about":[{"href":"https:\/\/ecoshop.ee\/de\/wp-json\/wp\/v2\/types\/product"}],"replies":[{"embeddable":true,"href":"https:\/\/ecoshop.ee\/de\/wp-json\/wp\/v2\/comments?post=105468"}],"version-history":[{"count":0,"href":"https:\/\/ecoshop.ee\/de\/wp-json\/wp\/v2\/product\/105468\/revisions"}],"wp:featuredmedia":[{"embeddable":true,"href":"https:\/\/ecoshop.ee\/de\/wp-json\/wp\/v2\/media\/105469"}],"wp:attachment":[{"href":"https:\/\/ecoshop.ee\/de\/wp-json\/wp\/v2\/media?parent=105468"}],"wp:term":[{"taxonomy":"product_brand","embeddable":true,"href":"https:\/\/ecoshop.ee\/de\/wp-json\/wp\/v2\/product_brand?post=105468"},{"taxonomy":"product_cat","embeddable":true,"href":"https:\/\/ecoshop.ee\/de\/wp-json\/wp\/v2\/product_cat?post=105468"},{"taxonomy":"product_tag","embeddable":true,"href":"https:\/\/ecoshop.ee\/de\/wp-json\/wp\/v2\/product_tag?post=105468"}],"curies":[{"name":"wp","href":"https:\/\/api.w.org\/{rel}","templated":true}]}}