{"id":105474,"date":"2025-04-12T12:42:09","date_gmt":"2025-04-12T10:42:09","guid":{"rendered":"https:\/\/ecoshop.ee\/?post_type=product&#038;p=105474"},"modified":"2025-12-08T11:16:49","modified_gmt":"2025-12-08T08:16:49","slug":"zitronengrasol-10-ml","status":"publish","type":"product","link":"https:\/\/ecoshop.ee\/de\/eeterlikud-olid-ja-aroomiolid\/sidrunheina-eeterlik-oli-10ml\/","title":{"rendered":"\u00c4therisches Zitronengras\u00f6l \u2013 10 ml"},"content":{"rendered":"<p class=\"\" data-start=\"86\" data-end=\"145\"><em data-start=\"124\" data-end=\"145\">Cymbopogon Citratus<\/em><\/p>\n<p class=\"\" data-start=\"147\" data-end=\"462\">Lemongrass-\u00d6l wird durch Wasserdampfdestillation gewonnen.rimise <em data-start=\"206\" data-end=\"227\">Cymbopogon citratus<\/em> Aus den Bl\u00e4ttern einer Pflanzenart, die auch als \u201c\u00d6lgras\u201d bekannt ist, wird \u00d6l gewonnen. Sein frischer, zitrusartiger Duft ist f\u00fcr seine anregende und reinigende Wirkung bekannt. In der Aromatherapie wird es zur Linderung von M\u00fcdigkeit, Kopfschmerzen, nerv\u00f6ser Ersch\u00f6pfung und Stress eingesetzt.<\/p>\n<p class=\"\" data-start=\"464\" data-end=\"814\">Zitronengras\u00f6l unterst\u00fctzt die Verdauung, hilft Muskelverspannungen zu l\u00f6sen und f\u00f6rdert die Genesung. Es ist au\u00dferdem ein nat\u00fcrliches Mittel zur Regulierung fettiger Haut und zur Reduzierung von \u00fcberm\u00e4\u00dfigem Schwitzen. Das \u00d6l eignet sich auch als nat\u00fcrliches Insektenschutzmittel, beispielsweise um Fl\u00f6he und Zecken fernzuhalten. Vorsicht beim Auftragen auf die Haut \u2013 es kann Hautreizungen verursachen.<\/p>\n<ul>\n<li data-start=\"816\" data-end=\"998\">100% reines \u00e4therisches \u00d6l<\/li>\n<li data-start=\"816\" data-end=\"998\">Belebendes und erfrischendes Zitrusaroma<\/li>\n<li data-start=\"816\" data-end=\"998\">Unterst\u00fctzt die Regeneration und reduziert Muskelverspannungen.<\/li>\n<li data-start=\"816\" data-end=\"998\">Geeignet zum Ausgleich fettiger Haut und als nat\u00fcrliches Insektenschutzmittel<\/li>\n<li data-start=\"816\" data-end=\"998\">Verwendeter Pflanzenteil: Bl\u00e4tter<\/li>\n<li data-start=\"816\" data-end=\"998\">Extraktionsmethode: Wasserdampfdestillation<\/li>\n<li data-start=\"816\" data-end=\"998\">10 ml in einer dunklen Glasflasche<\/li>\n<\/ul>\n<p class=\"\" data-start=\"1102\" data-end=\"1257\">\u26a0\ufe0f Nur zur \u00e4u\u00dferlichen Anwendung. Nicht verschlucken. Au\u00dferhalb der Reichweite von Kindern und Haustieren aufbewahren. Nicht w\u00e4hrend der Schwangerschaft oder Stillzeit anwenden.<\/p>","protected":false},"excerpt":{"rendered":"<p>Cymbopogon Citratus Sidrunheina eeterlik \u00f5li saadakse aurudestilleerimise teel Cymbopogon citratus taimeliigi lehtedest, mida kutsutakse ka \u201c\u00f5liheinaks\u201d. Selle v\u00e4rske, tsitruseline l\u00f5hn on tuntud&hellip;<\/p>","protected":false},"featured_media":105476,"comment_status":"open","ping_status":"closed","template":"","meta":{"wprm-recipe-roundup-name":"","wprm-recipe-roundup-description":""},"product_brand":[],"product_cat":[5754],"product_tag":[5756],"class_list":{"0":"post-105474","1":"product","2":"type-product","3":"status-publish","4":"has-post-thumbnail","6":"product_cat-eeterlikud-olid-ja-aroomiolid","7":"product_tag-eeterlik-oli","9":"first","10":"instock","11":"taxable","12":"shipping-taxable","13":"purchasable","14":"product-type-simple"},"supplier_id":105232,"supplier_sku":"","barcode":"5055796528653","atum_controlled":true,"out_stock_date":null,"out_stock_threshold":null,"inheritable":false,"inbound_stock":0,"stock_on_hold":0,"sold_today":0,"sales_last_days":0,"reserved_stock":0,"customer_returns":0,"warehouse_damage":0,"lost_in_post":0,"other_logs":0,"out_stock_days":0,"lost_sales":0,"has_location":false,"update_date":"2026-03-07T01:16:07","atum_locations":[],"atum_stock_status":"instock","restock_status":false,"low_stock_amount":"","sales_update_date":"2026-03-07T01:16:07","calc_backorders":null,"aioseo_notices":[],"_links":{"self":[{"href":"https:\/\/ecoshop.ee\/de\/wp-json\/wp\/v2\/product\/105474","targetHints":{"allow":["GET"]}}],"collection":[{"href":"https:\/\/ecoshop.ee\/de\/wp-json\/wp\/v2\/product"}],"about":[{"href":"https:\/\/ecoshop.ee\/de\/wp-json\/wp\/v2\/types\/product"}],"replies":[{"embeddable":true,"href":"https:\/\/ecoshop.ee\/de\/wp-json\/wp\/v2\/comments?post=105474"}],"version-history":[{"count":0,"href":"https:\/\/ecoshop.ee\/de\/wp-json\/wp\/v2\/product\/105474\/revisions"}],"wp:featuredmedia":[{"embeddable":true,"href":"https:\/\/ecoshop.ee\/de\/wp-json\/wp\/v2\/media\/105476"}],"wp:attachment":[{"href":"https:\/\/ecoshop.ee\/de\/wp-json\/wp\/v2\/media?parent=105474"}],"wp:term":[{"taxonomy":"product_brand","embeddable":true,"href":"https:\/\/ecoshop.ee\/de\/wp-json\/wp\/v2\/product_brand?post=105474"},{"taxonomy":"product_cat","embeddable":true,"href":"https:\/\/ecoshop.ee\/de\/wp-json\/wp\/v2\/product_cat?post=105474"},{"taxonomy":"product_tag","embeddable":true,"href":"https:\/\/ecoshop.ee\/de\/wp-json\/wp\/v2\/product_tag?post=105474"}],"curies":[{"name":"wp","href":"https:\/\/api.w.org\/{rel}","templated":true}]}}