{"id":105478,"date":"2025-04-12T14:08:58","date_gmt":"2025-04-12T12:08:58","guid":{"rendered":"https:\/\/ecoshop.ee\/?post_type=product&#038;p=105478"},"modified":"2025-04-12T14:08:59","modified_gmt":"2025-04-12T12:08:59","slug":"wacholderbeerenol-10-ml","status":"publish","type":"product","link":"https:\/\/ecoshop.ee\/de\/eeterlikud-olid-ja-aroomiolid\/kadakamarja-eeterlik-oli-10ml\/","title":{"rendered":"\u00c4therisches Wacholderbeeren\u00f6l \u2013 10 ml"},"content":{"rendered":"<p class=\"\" data-start=\"86\" data-end=\"144\"><em data-start=\"124\" data-end=\"144\">Juniperus Communis<\/em><\/p>\n<p class=\"\" data-start=\"146\" data-end=\"457\">Das \u00e4therische \u00d6l der Wacholderbeere wird durch Wasserdampfdestillation gewonnen.rimise <em data-start=\"205\" data-end=\"225\">Juniperus communis<\/em> Aus den Beeren des Wacholderbaums gewonnen, ist Wacholder\u00f6l f\u00fcr sein holziges, leicht w\u00fcrziges und frisches Aroma bekannt, das reinigende und beruhigende Wirkung besitzt. In der Aromatherapie wird Wacholder\u00f6l eingesetzt, um die Sinne auszugleichen, \u00c4ngste zu lindern und die Luft zu reinigen.<\/p>\n<p class=\"\" data-start=\"459\" data-end=\"665\">Wacholderbeeren wirken auf nat\u00fcrliche Weise antiseptisch, und ihr \u00d6l eignet sich hervorragend als Inhaltsstoff in nat\u00fcrlichen Lufterfrischern und Raumsprays. Es hilft, Bakterien in der Luft zu bek\u00e4mpfen und sorgt f\u00fcr eine klare und saubere Atmosph\u00e4re.<\/p>\n<ul>\n<li data-start=\"667\" data-end=\"825\">100% reines \u00e4therisches \u00d6l<\/li>\n<li data-start=\"667\" data-end=\"825\">Beruhigender und ausgleichender Duft<\/li>\n<li data-start=\"667\" data-end=\"825\">Nat\u00fcrliches Antiseptikum zur Reinigung von Luft und R\u00e4umen<\/li>\n<li data-start=\"667\" data-end=\"825\">Ein holziger und erfrischender Duft, der Klarheit schafft.<\/li>\n<li data-start=\"667\" data-end=\"825\">Verwendeter Pflanzenteil: Beere<\/li>\n<li data-start=\"667\" data-end=\"825\">Extraktionsmethode: Wasserdampfdestillation<\/li>\n<li data-start=\"667\" data-end=\"825\">10 ml in einer dunklen Glasflasche<\/li>\n<\/ul>\n<p class=\"\" data-start=\"928\" data-end=\"1083\">\u26a0\ufe0f Nur zur \u00e4u\u00dferlichen Anwendung. Nicht verschlucken. Au\u00dferhalb der Reichweite von Kindern und Haustieren aufbewahren. Nicht w\u00e4hrend der Schwangerschaft oder Stillzeit anwenden.<\/p>","protected":false},"excerpt":{"rendered":"<p>Juniperus Communis Kadakamarja eeterlik \u00f5li saadakse aurudestilleerimise teel Juniperus communis puu marjadest. Selle puidune, kergelt v\u00fcrtsikas ja v\u00e4rske aroom on tuntud oma&hellip;<\/p>","protected":false},"featured_media":105479,"comment_status":"open","ping_status":"closed","template":"","meta":{"wprm-recipe-roundup-name":"","wprm-recipe-roundup-description":""},"product_brand":[],"product_cat":[5754],"product_tag":[5756],"class_list":{"0":"post-105478","1":"product","2":"type-product","3":"status-publish","4":"has-post-thumbnail","6":"product_cat-eeterlikud-olid-ja-aroomiolid","7":"product_tag-eeterlik-oli","9":"first","10":"instock","11":"taxable","12":"shipping-taxable","13":"purchasable","14":"product-type-simple"},"supplier_id":105232,"supplier_sku":"","barcode":"5055796528646","atum_controlled":true,"out_stock_date":null,"out_stock_threshold":null,"inheritable":false,"inbound_stock":0,"stock_on_hold":0,"sold_today":0,"sales_last_days":0,"reserved_stock":0,"customer_returns":0,"warehouse_damage":0,"lost_in_post":0,"other_logs":0,"out_stock_days":0,"lost_sales":0,"has_location":false,"update_date":"2026-03-07T01:16:07","atum_locations":[],"atum_stock_status":"instock","restock_status":false,"low_stock_amount":"","sales_update_date":"2026-03-07T01:16:07","calc_backorders":null,"aioseo_notices":[],"_links":{"self":[{"href":"https:\/\/ecoshop.ee\/de\/wp-json\/wp\/v2\/product\/105478","targetHints":{"allow":["GET"]}}],"collection":[{"href":"https:\/\/ecoshop.ee\/de\/wp-json\/wp\/v2\/product"}],"about":[{"href":"https:\/\/ecoshop.ee\/de\/wp-json\/wp\/v2\/types\/product"}],"replies":[{"embeddable":true,"href":"https:\/\/ecoshop.ee\/de\/wp-json\/wp\/v2\/comments?post=105478"}],"version-history":[{"count":0,"href":"https:\/\/ecoshop.ee\/de\/wp-json\/wp\/v2\/product\/105478\/revisions"}],"wp:featuredmedia":[{"embeddable":true,"href":"https:\/\/ecoshop.ee\/de\/wp-json\/wp\/v2\/media\/105479"}],"wp:attachment":[{"href":"https:\/\/ecoshop.ee\/de\/wp-json\/wp\/v2\/media?parent=105478"}],"wp:term":[{"taxonomy":"product_brand","embeddable":true,"href":"https:\/\/ecoshop.ee\/de\/wp-json\/wp\/v2\/product_brand?post=105478"},{"taxonomy":"product_cat","embeddable":true,"href":"https:\/\/ecoshop.ee\/de\/wp-json\/wp\/v2\/product_cat?post=105478"},{"taxonomy":"product_tag","embeddable":true,"href":"https:\/\/ecoshop.ee\/de\/wp-json\/wp\/v2\/product_tag?post=105478"}],"curies":[{"name":"wp","href":"https:\/\/api.w.org\/{rel}","templated":true}]}}