{"id":105481,"date":"2025-04-12T14:17:02","date_gmt":"2025-04-12T12:17:02","guid":{"rendered":"https:\/\/ecoshop.ee\/?post_type=product&#038;p=105481"},"modified":"2025-04-12T14:17:03","modified_gmt":"2025-04-12T12:17:03","slug":"citronella-ol-10-ml","status":"publish","type":"product","link":"https:\/\/ecoshop.ee\/de\/eeterlikud-olid-ja-aroomiolid\/tsitronella-eeterlik-oli-10ml\/","title":{"rendered":"Citronella\u00f6l \u2013 10 ml"},"content":{"rendered":"<p class=\"\" data-start=\"91\" data-end=\"153\"><em data-start=\"129\" data-end=\"153\">Cymbopogon Winterianus<\/em><\/p>\n<p class=\"\" data-start=\"155\" data-end=\"452\">Citronella\u00f6l wird durch Wasserdampfdestillation gewonnen. <em data-start=\"214\" data-end=\"238\">Cymbopogon winterianus<\/em> Dieses \u00d6l ist weltweit als nat\u00fcrliches und wirksames Insektenschutzmittel bekannt und wird seit der Antike verwendet. Sein Duft ist zitronig-frisch und belebend und verleiht dem Raum eine leichte und positive Atmosph\u00e4re.<\/p>\n<p class=\"\" data-start=\"454\" data-end=\"717\">Citronella wehrt nicht nur M\u00fccken und andere Insekten ab, sondern reguliert auch \u00fcberm\u00e4\u00dfiges Schwitzen und fettige Haut. In der Aromatherapie wird es zur Linderung von Kopfschmerzen, M\u00fcdigkeit und Muskelverspannungen eingesetzt. Es eignet sich zudem hervorragend als Raumduft und sorgt f\u00fcr eine angenehme, klare und belebende Atmosph\u00e4re.<\/p>\n<ul>\n<li data-start=\"719\" data-end=\"885\">100% reines \u00e4therisches \u00d6l<\/li>\n<li data-start=\"719\" data-end=\"885\">Wirksames nat\u00fcrliches M\u00fccken- und Insektenabwehrmittel<\/li>\n<li data-start=\"719\" data-end=\"885\">Erfrischendes und belebendes Zitrusaroma<\/li>\n<li data-start=\"719\" data-end=\"885\">Unterst\u00fctzt das Gleichgewicht der Haut und hilft, Spannungen zu l\u00f6sen.<\/li>\n<li data-start=\"719\" data-end=\"885\">Verwendeter Pflanzenteil: getrocknetes Gras<\/li>\n<li data-start=\"719\" data-end=\"885\">Extraktionsmethode: Wasserdampfdestillation<\/li>\n<li data-start=\"719\" data-end=\"885\">10 ml in einer dunklen Glasflasche<\/li>\n<\/ul>\n<p class=\"\" data-start=\"999\" data-end=\"1168\">\u26a0\ufe0f Nur zur \u00e4u\u00dferlichen Anwendung. Nicht verschlucken. Au\u00dferhalb der Reichweite von Kindern und Haustieren aufbewahren. Nicht w\u00e4hrend der Schwangerschaft oder bei Kindern unter 3 Jahren anwenden.<\/p>","protected":false},"excerpt":{"rendered":"<p>Cymbopogon Winterianus Tsitronella eeterlik \u00f5li saadakse aurudestilleerimise teel Cymbopogon winterianus liigi kuivatatud rohust. See \u00f5li on maailmas tuntud kui looduslik ja t\u00f5hus&hellip;<\/p>","protected":false},"featured_media":105482,"comment_status":"open","ping_status":"closed","template":"","meta":{"wprm-recipe-roundup-name":"","wprm-recipe-roundup-description":""},"product_brand":[],"product_cat":[5754],"product_tag":[5756],"class_list":{"0":"post-105481","1":"product","2":"type-product","3":"status-publish","4":"has-post-thumbnail","6":"product_cat-eeterlikud-olid-ja-aroomiolid","7":"product_tag-eeterlik-oli","9":"first","10":"instock","11":"taxable","12":"shipping-taxable","13":"purchasable","14":"product-type-simple"},"supplier_id":105232,"supplier_sku":"","barcode":"5055796528578","atum_controlled":true,"out_stock_date":null,"out_stock_threshold":null,"inheritable":false,"inbound_stock":0,"stock_on_hold":0,"sold_today":0,"sales_last_days":0,"reserved_stock":0,"customer_returns":0,"warehouse_damage":0,"lost_in_post":0,"other_logs":0,"out_stock_days":0,"lost_sales":0,"has_location":false,"update_date":"2026-03-07T01:16:07","atum_locations":[],"atum_stock_status":"instock","restock_status":false,"low_stock_amount":"","sales_update_date":"2026-03-07T01:16:07","calc_backorders":null,"aioseo_notices":[],"_links":{"self":[{"href":"https:\/\/ecoshop.ee\/de\/wp-json\/wp\/v2\/product\/105481","targetHints":{"allow":["GET"]}}],"collection":[{"href":"https:\/\/ecoshop.ee\/de\/wp-json\/wp\/v2\/product"}],"about":[{"href":"https:\/\/ecoshop.ee\/de\/wp-json\/wp\/v2\/types\/product"}],"replies":[{"embeddable":true,"href":"https:\/\/ecoshop.ee\/de\/wp-json\/wp\/v2\/comments?post=105481"}],"version-history":[{"count":0,"href":"https:\/\/ecoshop.ee\/de\/wp-json\/wp\/v2\/product\/105481\/revisions"}],"wp:featuredmedia":[{"embeddable":true,"href":"https:\/\/ecoshop.ee\/de\/wp-json\/wp\/v2\/media\/105482"}],"wp:attachment":[{"href":"https:\/\/ecoshop.ee\/de\/wp-json\/wp\/v2\/media?parent=105481"}],"wp:term":[{"taxonomy":"product_brand","embeddable":true,"href":"https:\/\/ecoshop.ee\/de\/wp-json\/wp\/v2\/product_brand?post=105481"},{"taxonomy":"product_cat","embeddable":true,"href":"https:\/\/ecoshop.ee\/de\/wp-json\/wp\/v2\/product_cat?post=105481"},{"taxonomy":"product_tag","embeddable":true,"href":"https:\/\/ecoshop.ee\/de\/wp-json\/wp\/v2\/product_tag?post=105481"}],"curies":[{"name":"wp","href":"https:\/\/api.w.org\/{rel}","templated":true}]}}