{"id":105484,"date":"2025-04-12T14:21:57","date_gmt":"2025-04-12T12:21:57","guid":{"rendered":"https:\/\/ecoshop.ee\/?post_type=product&#038;p=105484"},"modified":"2025-04-12T14:21:58","modified_gmt":"2025-04-12T12:21:58","slug":"basilikumol-10-ml","status":"publish","type":"product","link":"https:\/\/ecoshop.ee\/de\/eeterlikud-olid-ja-aroomiolid\/basiiliku-eeterlik-oli-10ml\/","title":{"rendered":"Basilikum\u00f6l \u2013 10 ml"},"content":{"rendered":"<p class=\"\" data-start=\"86\" data-end=\"140\"><em data-start=\"122\" data-end=\"140\">Ocimum Basilicum<\/em><\/p>\n<p class=\"\" data-start=\"142\" data-end=\"534\">Basilikum\u00f6l wird durch Wasserdampfdestillation aus den Bl\u00e4ttern und Bl\u00fctenst\u00e4nden der Basilikumpflanze gewonnen. Sein gr\u00fcnlich-gelbes \u00d6l verstr\u00f6mt einen frischen, w\u00fcrzigen Duft und wird in der Aromatherapie als stimmungsaufhellendes, konzentrationsf\u00f6rderndes und mental erm\u00fcdungshemmendes Mittel eingesetzt. Basilikum stammt urspr\u00fcnglich aus dem tropischen Asien und den Pazifikinseln und spielt in Indien seit Jahrhunderten eine wichtige Rolle bei Heilung und Gebet.<\/p>\n<p class=\"\" data-start=\"536\" data-end=\"841\">Basilikum\u00f6l unterst\u00fctzt die Atemwege und eignet sich zur Linderung von Asthma, Bronchitis und Sinusitis. Es wird auch bei stressbedingten Kopfschmerzen, Verdauungsbeschwerden, Menstruationsbeschwerden und Gelenkschmerzen eingesetzt. Das \u00d6l wirkt erfrischend auf die Haut und lindert Insektenstiche.<\/p>\n<ul>\n<li data-start=\"843\" data-end=\"1012\">100% reines \u00e4therisches \u00d6l<\/li>\n<li data-start=\"843\" data-end=\"1012\">Steigert die Stimmung und die geistige Klarheit, lindert M\u00fcdigkeit<\/li>\n<li data-start=\"843\" data-end=\"1012\">Unterst\u00fctzt das Atmungs- und Verdauungssystem<\/li>\n<li data-start=\"843\" data-end=\"1012\">Nat\u00fcrliches Heilmittel gegen Kopfschmerzen und Muskelverspannungen<\/li>\n<li data-start=\"843\" data-end=\"1012\">Verwendeter Pflanzenteil: bl\u00fchendes Kraut<\/li>\n<li data-start=\"843\" data-end=\"1012\">Extraktionsmethode: Wasserdampfdestillation<\/li>\n<li data-start=\"843\" data-end=\"1012\">10 ml in einer dunklen Glasflasche<\/li>\n<\/ul>\n<p class=\"\" data-start=\"1121\" data-end=\"1291\">\u26a0\ufe0f Nur zur \u00e4u\u00dferlichen Anwendung. Nicht verschlucken. Nicht w\u00e4hrend der Schwangerschaft oder bei Kindern unter 16 Jahren anwenden. Au\u00dferhalb der Reichweite von Kindern und Haustieren aufbewahren.<\/p>","protected":false},"excerpt":{"rendered":"<p>Ocimum Basilicum Basiiliku eeterlik \u00f5li saadakse aurudestilleerimise teel basiiliku lehtedest ja \u00f5itsvatest latvadest. Selle rohekas-kollane \u00f5li on v\u00e4rske ja terava l\u00f5hnaga, m\u00f5judes&hellip;<\/p>","protected":false},"featured_media":105485,"comment_status":"open","ping_status":"closed","template":"","meta":{"wprm-recipe-roundup-name":"","wprm-recipe-roundup-description":""},"product_brand":[],"product_cat":[5754],"product_tag":[5756],"class_list":{"0":"post-105484","1":"product","2":"type-product","3":"status-publish","4":"has-post-thumbnail","6":"product_cat-eeterlikud-olid-ja-aroomiolid","7":"product_tag-eeterlik-oli","9":"first","10":"instock","11":"sale","12":"taxable","13":"shipping-taxable","14":"purchasable","15":"product-type-simple"},"supplier_id":105232,"supplier_sku":"","barcode":"5055796528509","atum_controlled":true,"out_stock_date":null,"out_stock_threshold":null,"inheritable":false,"inbound_stock":0,"stock_on_hold":0,"sold_today":0,"sales_last_days":0,"reserved_stock":0,"customer_returns":0,"warehouse_damage":0,"lost_in_post":0,"other_logs":0,"out_stock_days":0,"lost_sales":0,"has_location":false,"update_date":"2026-03-07T01:16:07","atum_locations":[],"atum_stock_status":"instock","restock_status":false,"low_stock_amount":"","sales_update_date":"2026-03-07T01:16:07","calc_backorders":null,"aioseo_notices":[],"_links":{"self":[{"href":"https:\/\/ecoshop.ee\/de\/wp-json\/wp\/v2\/product\/105484","targetHints":{"allow":["GET"]}}],"collection":[{"href":"https:\/\/ecoshop.ee\/de\/wp-json\/wp\/v2\/product"}],"about":[{"href":"https:\/\/ecoshop.ee\/de\/wp-json\/wp\/v2\/types\/product"}],"replies":[{"embeddable":true,"href":"https:\/\/ecoshop.ee\/de\/wp-json\/wp\/v2\/comments?post=105484"}],"version-history":[{"count":0,"href":"https:\/\/ecoshop.ee\/de\/wp-json\/wp\/v2\/product\/105484\/revisions"}],"wp:featuredmedia":[{"embeddable":true,"href":"https:\/\/ecoshop.ee\/de\/wp-json\/wp\/v2\/media\/105485"}],"wp:attachment":[{"href":"https:\/\/ecoshop.ee\/de\/wp-json\/wp\/v2\/media?parent=105484"}],"wp:term":[{"taxonomy":"product_brand","embeddable":true,"href":"https:\/\/ecoshop.ee\/de\/wp-json\/wp\/v2\/product_brand?post=105484"},{"taxonomy":"product_cat","embeddable":true,"href":"https:\/\/ecoshop.ee\/de\/wp-json\/wp\/v2\/product_cat?post=105484"},{"taxonomy":"product_tag","embeddable":true,"href":"https:\/\/ecoshop.ee\/de\/wp-json\/wp\/v2\/product_tag?post=105484"}],"curies":[{"name":"wp","href":"https:\/\/api.w.org\/{rel}","templated":true}]}}