{"id":105487,"date":"2025-04-12T14:27:26","date_gmt":"2025-04-12T12:27:26","guid":{"rendered":"https:\/\/ecoshop.ee\/?post_type=product&#038;p=105487"},"modified":"2025-12-12T17:43:40","modified_gmt":"2025-12-12T14:43:40","slug":"10-ml-verdunntes-atherisches-weihrauchol","status":"publish","type":"product","link":"https:\/\/ecoshop.ee\/de\/eeterlikud-olid-ja-aroomiolid\/viiruki-eeterlik-oli-lahjendatud-10ml\/","title":{"rendered":"\u00c4therisches Weihrauch\u00f6l (verd\u00fcnnt) \u2013 10 ml"},"content":{"rendered":"<p class=\"\" data-start=\"114\" data-end=\"185\"><em data-start=\"165\" data-end=\"185\">Boswellia carterii<\/em><\/p>\n<p class=\"\" data-start=\"187\" data-end=\"503\">\u00c4therisches Weihrauch\u00f6l wird durch Wasserdampfdestillation gewonnen. <em data-start=\"242\" data-end=\"262\">Boswellia carterii<\/em> Aus dem Harz des Baumes gewonnen, ist dieses \u00d6l in 5% Traubenkern\u00f6l verd\u00fcnnt und kann daher ohne weitere Verd\u00fcnnung direkt \u00e4u\u00dferlich angewendet werden. Weihrauch wird seit Jahrtausenden als heiliges R\u00e4ucherwerk, in der Hautpflege und zur F\u00f6rderung des inneren Friedens verwendet.<\/p>\n<p class=\"\" data-start=\"505\" data-end=\"811\">Weihrauch\u00f6l z\u00e4hlt aufgrund seiner beruhigenden Wirkung zu den beliebtesten Aromatherapie\u00f6len. Es hilft, Angstzust\u00e4nde und Stress abzubauen, unterst\u00fctzt die Atemwege und lindert Husten. In der Kosmetik wird es zur Hautstraffung, Gl\u00e4ttung von Falten und Vorbeugung von Dehnungsstreifen eingesetzt. Es eignet sich hervorragend zur Unterst\u00fctzung von Meditation und Konzentration.<\/p>\n<ul>\n<li data-start=\"813\" data-end=\"982\">Verd\u00fcnnt in 5% Traubenkern\u00f6l<\/li>\n<li data-start=\"813\" data-end=\"982\">Beruhigende und ausgleichende Wirkung<\/li>\n<li data-start=\"813\" data-end=\"982\">Unterst\u00fctzt die Hautatmung und -elastizit\u00e4t<\/li>\n<li data-start=\"813\" data-end=\"982\">Geeignet f\u00fcr spirituelle Praktiken und meditative Entspannung<\/li>\n<li data-start=\"813\" data-end=\"982\">Verwendeter Pflanzenteil: Harz<\/li>\n<li data-start=\"813\" data-end=\"982\">Extraktionsmethode: Wasserdampfdestillation<\/li>\n<li data-start=\"813\" data-end=\"982\">10 ml in einer dunklen Glasflasche<\/li>\n<\/ul>\n<p class=\"\" data-start=\"1085\" data-end=\"1226\">\u26a0\ufe0f Nur zur \u00e4u\u00dferlichen Anwendung. Nicht verschlucken. Nicht w\u00e4hrend der Schwangerschaft anwenden. Au\u00dferhalb der Reichweite von Kindern und Haustieren aufbewahren.<\/p>","protected":false},"excerpt":{"rendered":"<p>Boswellia Carterii Viiruki eeterlik \u00f5li saadakse aurudestilleerimise teel Boswellia carterii puu vaigust. See \u00f5li on lahjendatud 5% viinamarjaseemne\u00f5lis, mist\u00f5ttu sobib see otsekoheseks&hellip;<\/p>","protected":false},"featured_media":105488,"comment_status":"open","ping_status":"closed","template":"","meta":{"wprm-recipe-roundup-name":"","wprm-recipe-roundup-description":""},"product_brand":[],"product_cat":[5754],"product_tag":[5756],"class_list":{"0":"post-105487","1":"product","2":"type-product","3":"status-publish","4":"has-post-thumbnail","6":"product_cat-eeterlikud-olid-ja-aroomiolid","7":"product_tag-eeterlik-oli","9":"first","10":"instock","11":"taxable","12":"shipping-taxable","13":"purchasable","14":"product-type-simple"},"supplier_id":105232,"supplier_sku":"","barcode":"5055796528547","atum_controlled":true,"out_stock_date":null,"out_stock_threshold":null,"inheritable":false,"inbound_stock":0,"stock_on_hold":0,"sold_today":0,"sales_last_days":0,"reserved_stock":0,"customer_returns":0,"warehouse_damage":0,"lost_in_post":0,"other_logs":0,"out_stock_days":0,"lost_sales":0,"has_location":false,"update_date":"2026-03-07T01:16:07","atum_locations":[],"atum_stock_status":"instock","restock_status":false,"low_stock_amount":"","sales_update_date":"2026-03-07T01:16:07","calc_backorders":null,"aioseo_notices":[],"_links":{"self":[{"href":"https:\/\/ecoshop.ee\/de\/wp-json\/wp\/v2\/product\/105487","targetHints":{"allow":["GET"]}}],"collection":[{"href":"https:\/\/ecoshop.ee\/de\/wp-json\/wp\/v2\/product"}],"about":[{"href":"https:\/\/ecoshop.ee\/de\/wp-json\/wp\/v2\/types\/product"}],"replies":[{"embeddable":true,"href":"https:\/\/ecoshop.ee\/de\/wp-json\/wp\/v2\/comments?post=105487"}],"version-history":[{"count":0,"href":"https:\/\/ecoshop.ee\/de\/wp-json\/wp\/v2\/product\/105487\/revisions"}],"wp:featuredmedia":[{"embeddable":true,"href":"https:\/\/ecoshop.ee\/de\/wp-json\/wp\/v2\/media\/105488"}],"wp:attachment":[{"href":"https:\/\/ecoshop.ee\/de\/wp-json\/wp\/v2\/media?parent=105487"}],"wp:term":[{"taxonomy":"product_brand","embeddable":true,"href":"https:\/\/ecoshop.ee\/de\/wp-json\/wp\/v2\/product_brand?post=105487"},{"taxonomy":"product_cat","embeddable":true,"href":"https:\/\/ecoshop.ee\/de\/wp-json\/wp\/v2\/product_cat?post=105487"},{"taxonomy":"product_tag","embeddable":true,"href":"https:\/\/ecoshop.ee\/de\/wp-json\/wp\/v2\/product_tag?post=105487"}],"curies":[{"name":"wp","href":"https:\/\/api.w.org\/{rel}","templated":true}]}}