{"id":105490,"date":"2025-04-12T14:33:56","date_gmt":"2025-04-12T12:33:56","guid":{"rendered":"https:\/\/ecoshop.ee\/?post_type=product&#038;p=105490"},"modified":"2025-04-12T14:33:57","modified_gmt":"2025-04-12T12:33:57","slug":"fenchelol-10-ml","status":"publish","type":"product","link":"https:\/\/ecoshop.ee\/de\/eeterlikud-olid-ja-aroomiolid\/fenkoli-eeterlik-oli-10ml\/","title":{"rendered":"Fenchel\u00f6l \u2013 10 ml"},"content":{"rendered":"<p class=\"\" data-start=\"84\" data-end=\"138\"><em data-start=\"118\" data-end=\"138\">Foeniculum Vulgare<\/em><\/p>\n<p class=\"\" data-start=\"140\" data-end=\"434\">Fenchel\u00f6l wird durch Wasserdampfdestillation von zerkleinertem Fenchel gewonnen. <em data-start=\"206\" data-end=\"226\">Foeniculum vulgare<\/em> Aus Samen gewonnen. Es handelt sich um s\u00fc\u00dfen Fenchel, auch bekannt als R\u00f6mischer Fenchel. Das Aroma dieses \u00d6ls ist warm, krautig und leicht w\u00fcrzig und wird in der Aromatherapie zur St\u00e4rkung des Selbstvertrauens und der inneren Kraft eingesetzt.<\/p>\n<p class=\"\" data-start=\"436\" data-end=\"752\">Fenchel\u00f6l wird aufgrund seiner verdauungsf\u00f6rdernden Wirkung gesch\u00e4tzt \u2013 es lindert Bl\u00e4hungen, \u00dcbelkeit, Verstopfung und Verdauungsst\u00f6rungen. Es soll au\u00dferdem ein S\u00e4ttigungsgef\u00fchl f\u00f6rdern und somit beim Abnehmen helfen. In der Hautpflege wird es zur Regulierung fettiger Haut und zur Hautstraffung eingesetzt.<\/p>\n<ul>\n<li data-start=\"754\" data-end=\"923\">100% reines \u00e4therisches \u00d6l<\/li>\n<li data-start=\"754\" data-end=\"923\">Unterst\u00fctzt die Verdauung und hilft, Bl\u00e4hungen zu lindern.<\/li>\n<li data-start=\"754\" data-end=\"923\">Pflegt die Haut und reduziert \u00fcbersch\u00fcssigen Talg.<\/li>\n<li data-start=\"754\" data-end=\"923\">F\u00f6rdert innere Ausgeglichenheit und Konzentration<\/li>\n<li data-start=\"754\" data-end=\"923\">Verwendeter Pflanzenteil: Zersto\u00dfene Samen<\/li>\n<li data-start=\"754\" data-end=\"923\">Extraktionsmethode: Wasserdampfdestillation<\/li>\n<li data-start=\"754\" data-end=\"923\">10 ml in einer dunklen Glasflasche<\/li>\n<\/ul>\n<p class=\"\" data-start=\"1040\" data-end=\"1241\">\u26a0\ufe0f Nur zur \u00e4u\u00dferlichen Anwendung. Nicht verschlucken. Nicht anwenden w\u00e4hrend der Schwangerschaft, Stillzeit oder bei Epilepsie. Nicht anwenden bei Brustkrebs. Au\u00dferhalb der Reichweite von Kindern und Haustieren aufbewahren.<\/p>","protected":false},"excerpt":{"rendered":"<p>Foeniculum Vulgare Fenkoli eeterlik \u00f5li saadakse aurudestilleerimise teel purustatud Foeniculum vulgare seemnetest. Tegu on magusa fenkoliga, mida tuntakse ka kui Rooma fenkolit.&hellip;<\/p>","protected":false},"featured_media":105491,"comment_status":"open","ping_status":"closed","template":"","meta":{"wprm-recipe-roundup-name":"","wprm-recipe-roundup-description":""},"product_brand":[],"product_cat":[5754],"product_tag":[5756],"class_list":{"0":"post-105490","1":"product","2":"type-product","3":"status-publish","4":"has-post-thumbnail","6":"product_cat-eeterlikud-olid-ja-aroomiolid","7":"product_tag-eeterlik-oli","9":"first","10":"instock","11":"taxable","12":"shipping-taxable","13":"purchasable","14":"product-type-simple"},"supplier_id":105232,"supplier_sku":"","barcode":"5055796528530","atum_controlled":true,"out_stock_date":null,"out_stock_threshold":null,"inheritable":false,"inbound_stock":0,"stock_on_hold":0,"sold_today":0,"sales_last_days":0,"reserved_stock":0,"customer_returns":0,"warehouse_damage":0,"lost_in_post":0,"other_logs":0,"out_stock_days":0,"lost_sales":0,"has_location":false,"update_date":"2026-03-07T01:16:07","atum_locations":[],"atum_stock_status":"instock","restock_status":false,"low_stock_amount":"","sales_update_date":"2026-03-07T01:16:07","calc_backorders":null,"aioseo_notices":[],"_links":{"self":[{"href":"https:\/\/ecoshop.ee\/de\/wp-json\/wp\/v2\/product\/105490","targetHints":{"allow":["GET"]}}],"collection":[{"href":"https:\/\/ecoshop.ee\/de\/wp-json\/wp\/v2\/product"}],"about":[{"href":"https:\/\/ecoshop.ee\/de\/wp-json\/wp\/v2\/types\/product"}],"replies":[{"embeddable":true,"href":"https:\/\/ecoshop.ee\/de\/wp-json\/wp\/v2\/comments?post=105490"}],"version-history":[{"count":0,"href":"https:\/\/ecoshop.ee\/de\/wp-json\/wp\/v2\/product\/105490\/revisions"}],"wp:featuredmedia":[{"embeddable":true,"href":"https:\/\/ecoshop.ee\/de\/wp-json\/wp\/v2\/media\/105491"}],"wp:attachment":[{"href":"https:\/\/ecoshop.ee\/de\/wp-json\/wp\/v2\/media?parent=105490"}],"wp:term":[{"taxonomy":"product_brand","embeddable":true,"href":"https:\/\/ecoshop.ee\/de\/wp-json\/wp\/v2\/product_brand?post=105490"},{"taxonomy":"product_cat","embeddable":true,"href":"https:\/\/ecoshop.ee\/de\/wp-json\/wp\/v2\/product_cat?post=105490"},{"taxonomy":"product_tag","embeddable":true,"href":"https:\/\/ecoshop.ee\/de\/wp-json\/wp\/v2\/product_tag?post=105490"}],"curies":[{"name":"wp","href":"https:\/\/api.w.org\/{rel}","templated":true}]}}