{"id":105494,"date":"2025-04-12T14:39:58","date_gmt":"2025-04-12T12:39:58","guid":{"rendered":"https:\/\/ecoshop.ee\/?post_type=product&#038;p=105494"},"modified":"2025-04-12T14:39:59","modified_gmt":"2025-04-12T12:39:59","slug":"atherisches-ol-aus-schwarzem-pfeffer-10-ml","status":"publish","type":"product","link":"https:\/\/ecoshop.ee\/de\/eeterlikud-olid-ja-aroomiolid\/musta-pipra-eeterlik-oli-10ml\/","title":{"rendered":"\u00c4therisches \u00d6l aus schwarzem Pfeffer \u2013 10 ml"},"content":{"rendered":"<p class=\"\" data-start=\"86\" data-end=\"138\"><em data-start=\"124\" data-end=\"138\">Piper Nigrum<\/em><\/p>\n<p class=\"\" data-start=\"140\" data-end=\"492\">Schwarzes Pfeffer\u00f6l wird durch Wasserdampfdestillation gewonnen. rimise Herkunft: Indien <em data-start=\"214\" data-end=\"228\">Schwarzer Pfeffer<\/em> Aus den Pfefferk\u00f6rnern der Pflanze gewonnen, enth\u00e4lt dieses warme, w\u00fcrzige und belebende \u00d6l nat\u00fcrliche Antioxidantien (Polyterpene und Sesquiterpene), die das Immunsystem und das allgemeine Wohlbefinden unterst\u00fctzen. In Massage\u00f6lmischungen erzeugt es ein angenehm w\u00e4rmendes Gef\u00fchl und hilft, Muskelverspannungen zu l\u00f6sen.<\/p>\n<p class=\"\" data-start=\"494\" data-end=\"663\">Schwarzer Pfeffer\u00f6l wird in der Aromatherapie wegen seiner beruhigenden Wirkung eingesetzt \u2013 es hilft, \u00c4ngste zu reduzieren, die Emotionen auszugleichen und die Konzentration und mentale St\u00e4rke zu f\u00f6rdern.<\/p>\n<ul>\n<li data-start=\"665\" data-end=\"810\">100% reines \u00e4therisches \u00d6l<\/li>\n<li data-start=\"665\" data-end=\"810\">W\u00e4rmend und entspannend f\u00fcr die Muskelmassage<\/li>\n<li data-start=\"665\" data-end=\"810\">Unterst\u00fctzt das Immunsystem und das allgemeine Wohlbefinden<\/li>\n<li data-start=\"665\" data-end=\"810\">Beruhigt angespannte Gedanken und Gef\u00fchle<\/li>\n<li data-start=\"665\" data-end=\"810\">Verwendeter Pflanzenteil: Pfefferk\u00f6rner<\/li>\n<li data-start=\"665\" data-end=\"810\">Extraktionsmethode: Wasserdampfdestillation<\/li>\n<li data-start=\"665\" data-end=\"810\">10 ml in einer dunklen Glasflasche<\/li>\n<\/ul>\n<p class=\"\" data-start=\"919\" data-end=\"1074\">\u26a0\ufe0f Nur zur \u00e4u\u00dferlichen Anwendung. Nicht verschlucken. Au\u00dferhalb der Reichweite von Kindern und Haustieren aufbewahren. Nicht w\u00e4hrend der Schwangerschaft oder Stillzeit anwenden.<\/p>","protected":false},"excerpt":{"rendered":"<p>Piper Nigrum Musta pipra eeterlik \u00f5li saadakse aurudestilleerimise teel India p\u00e4ritolu Piper nigrum taime piprateradest. See soe, v\u00fcrtsikas ja ergutav \u00f5li sisaldab&hellip;<\/p>","protected":false},"featured_media":105495,"comment_status":"open","ping_status":"closed","template":"","meta":{"wprm-recipe-roundup-name":"","wprm-recipe-roundup-description":""},"product_brand":[],"product_cat":[5754],"product_tag":[5756],"class_list":{"0":"post-105494","1":"product","2":"type-product","3":"status-publish","4":"has-post-thumbnail","6":"product_cat-eeterlikud-olid-ja-aroomiolid","7":"product_tag-eeterlik-oli","9":"first","10":"instock","11":"sale","12":"taxable","13":"shipping-taxable","14":"purchasable","15":"product-type-simple"},"supplier_id":105232,"supplier_sku":"","barcode":"5055796528523","atum_controlled":true,"out_stock_date":null,"out_stock_threshold":null,"inheritable":false,"inbound_stock":0,"stock_on_hold":0,"sold_today":0,"sales_last_days":0,"reserved_stock":0,"customer_returns":0,"warehouse_damage":0,"lost_in_post":0,"other_logs":0,"out_stock_days":0,"lost_sales":0,"has_location":false,"update_date":"2026-03-07T01:16:07","atum_locations":[],"atum_stock_status":"instock","restock_status":false,"low_stock_amount":"","sales_update_date":"2026-03-07T01:16:07","calc_backorders":null,"aioseo_notices":[],"_links":{"self":[{"href":"https:\/\/ecoshop.ee\/de\/wp-json\/wp\/v2\/product\/105494","targetHints":{"allow":["GET"]}}],"collection":[{"href":"https:\/\/ecoshop.ee\/de\/wp-json\/wp\/v2\/product"}],"about":[{"href":"https:\/\/ecoshop.ee\/de\/wp-json\/wp\/v2\/types\/product"}],"replies":[{"embeddable":true,"href":"https:\/\/ecoshop.ee\/de\/wp-json\/wp\/v2\/comments?post=105494"}],"version-history":[{"count":0,"href":"https:\/\/ecoshop.ee\/de\/wp-json\/wp\/v2\/product\/105494\/revisions"}],"wp:featuredmedia":[{"embeddable":true,"href":"https:\/\/ecoshop.ee\/de\/wp-json\/wp\/v2\/media\/105495"}],"wp:attachment":[{"href":"https:\/\/ecoshop.ee\/de\/wp-json\/wp\/v2\/media?parent=105494"}],"wp:term":[{"taxonomy":"product_brand","embeddable":true,"href":"https:\/\/ecoshop.ee\/de\/wp-json\/wp\/v2\/product_brand?post=105494"},{"taxonomy":"product_cat","embeddable":true,"href":"https:\/\/ecoshop.ee\/de\/wp-json\/wp\/v2\/product_cat?post=105494"},{"taxonomy":"product_tag","embeddable":true,"href":"https:\/\/ecoshop.ee\/de\/wp-json\/wp\/v2\/product_tag?post=105494"}],"curies":[{"name":"wp","href":"https:\/\/api.w.org\/{rel}","templated":true}]}}