{"id":105497,"date":"2025-04-12T14:45:44","date_gmt":"2025-04-12T12:45:44","guid":{"rendered":"https:\/\/ecoshop.ee\/?post_type=product&#038;p=105497"},"modified":"2025-04-12T14:45:45","modified_gmt":"2025-04-12T12:45:45","slug":"bergamotteol-10-ml","status":"publish","type":"product","link":"https:\/\/ecoshop.ee\/de\/eeterlikud-olid-ja-aroomiolid\/bergamoti-eeterlik-oli-10ml\/","title":{"rendered":"Bergamotte\u00f6l \u2013 10 ml"},"content":{"rendered":"<p class=\"\" data-start=\"90\" data-end=\"149\"><em data-start=\"132\" data-end=\"149\">Citrus Bergamia<\/em><\/p>\n<p class=\"\" data-start=\"151\" data-end=\"493\">Bergamotte\u00f6l wird durch Kaltpressung gewonnen. <em data-start=\"203\" data-end=\"220\">Citrus bergamia<\/em> Aus der Schale der Frucht gewonnen. Die FCF-Variante (furocumarinfrei) ist speziell behandelt, um das Risiko von Photosensibilisierung der Haut zu reduzieren. Das frische und leicht s\u00fc\u00dfe Zitrusaroma der Bergamotte tr\u00e4gt zu einer heiteren und entspannenden Stimmung bei und macht sie zu einem der beliebtesten \u00d6le in der Aromatherapie.<\/p>\n<p class=\"\" data-start=\"495\" data-end=\"755\">Bergamotte\u00f6l unterst\u00fctzt das Nervensystem und wirkt ausgleichend auf die Emotionen \u2013 es eignet sich zur Anwendung bei Stress, Depressionen, Angstzust\u00e4nden, geringem Selbstwertgef\u00fchl und Verspannungen. In der Hautpflege wird es zur unterst\u00fctzenden Behandlung von Akne, Psoriasis, Ekzemen und Fieberbl\u00e4schen eingesetzt.<\/p>\n<ul>\n<li data-start=\"757\" data-end=\"921\">100% reines \u00e4therisches \u00d6l<\/li>\n<li data-start=\"757\" data-end=\"921\">Hebt die Stimmung und beruhigt das Nervensystem<\/li>\n<li data-start=\"757\" data-end=\"921\">Unterst\u00fctzt die Haut und hilft, Entz\u00fcndungen zu lindern.<\/li>\n<li data-start=\"757\" data-end=\"921\">Geeignet f\u00fcr Aromatherapie, Badewasser und Massage<\/li>\n<li data-start=\"757\" data-end=\"921\">Verwendeter Pflanzenteil: Fruchtschale<\/li>\n<li data-start=\"757\" data-end=\"921\">Extraktionsmethode: Kaltpressung<\/li>\n<li data-start=\"757\" data-end=\"921\">10 ml in einer dunklen Glasflasche<\/li>\n<\/ul>\n<p class=\"\" data-start=\"1027\" data-end=\"1229\">\u26a0\ufe0f Nur zur \u00e4u\u00dferlichen Anwendung. Nicht verschlucken. Nach der Anwendung auf der Haut Sonnenlicht meiden. Nicht w\u00e4hrend der Schwangerschaft oder Stillzeit anwenden. Au\u00dferhalb der Reichweite von Kindern und Haustieren aufbewahren.<\/p>","protected":false},"excerpt":{"rendered":"<p>Citrus Bergamia Bergamoti eeterlik \u00f5li saadakse k\u00fclmpressimise teel Citrus bergamia puuvilja koorest. FCF (furokumariinivaba) versioon on spetsiaalselt t\u00f6\u00f6deldud, et v\u00e4hendada valgustundlikkuse riski&hellip;<\/p>","protected":false},"featured_media":105498,"comment_status":"open","ping_status":"closed","template":"","meta":{"wprm-recipe-roundup-name":"","wprm-recipe-roundup-description":""},"product_brand":[],"product_cat":[5754],"product_tag":[5756],"class_list":{"0":"post-105497","1":"product","2":"type-product","3":"status-publish","4":"has-post-thumbnail","6":"product_cat-eeterlikud-olid-ja-aroomiolid","7":"product_tag-eeterlik-oli","9":"first","10":"instock","11":"taxable","12":"shipping-taxable","13":"purchasable","14":"product-type-simple"},"supplier_id":105232,"supplier_sku":"","barcode":"5055796528516","atum_controlled":true,"out_stock_date":null,"out_stock_threshold":null,"inheritable":false,"inbound_stock":0,"stock_on_hold":0,"sold_today":0,"sales_last_days":0,"reserved_stock":0,"customer_returns":0,"warehouse_damage":0,"lost_in_post":0,"other_logs":0,"out_stock_days":0,"lost_sales":0,"has_location":false,"update_date":"2026-03-07T01:16:07","atum_locations":[],"atum_stock_status":"instock","restock_status":false,"low_stock_amount":"","sales_update_date":"2026-03-07T01:16:07","calc_backorders":null,"aioseo_notices":[],"_links":{"self":[{"href":"https:\/\/ecoshop.ee\/de\/wp-json\/wp\/v2\/product\/105497","targetHints":{"allow":["GET"]}}],"collection":[{"href":"https:\/\/ecoshop.ee\/de\/wp-json\/wp\/v2\/product"}],"about":[{"href":"https:\/\/ecoshop.ee\/de\/wp-json\/wp\/v2\/types\/product"}],"replies":[{"embeddable":true,"href":"https:\/\/ecoshop.ee\/de\/wp-json\/wp\/v2\/comments?post=105497"}],"version-history":[{"count":0,"href":"https:\/\/ecoshop.ee\/de\/wp-json\/wp\/v2\/product\/105497\/revisions"}],"wp:featuredmedia":[{"embeddable":true,"href":"https:\/\/ecoshop.ee\/de\/wp-json\/wp\/v2\/media\/105498"}],"wp:attachment":[{"href":"https:\/\/ecoshop.ee\/de\/wp-json\/wp\/v2\/media?parent=105497"}],"wp:term":[{"taxonomy":"product_brand","embeddable":true,"href":"https:\/\/ecoshop.ee\/de\/wp-json\/wp\/v2\/product_brand?post=105497"},{"taxonomy":"product_cat","embeddable":true,"href":"https:\/\/ecoshop.ee\/de\/wp-json\/wp\/v2\/product_cat?post=105497"},{"taxonomy":"product_tag","embeddable":true,"href":"https:\/\/ecoshop.ee\/de\/wp-json\/wp\/v2\/product_tag?post=105497"}],"curies":[{"name":"wp","href":"https:\/\/api.w.org\/{rel}","templated":true}]}}