{"id":105500,"date":"2025-04-12T14:49:18","date_gmt":"2025-04-12T12:49:18","guid":{"rendered":"https:\/\/ecoshop.ee\/?post_type=product&#038;p=105500"},"modified":"2025-04-12T14:49:19","modified_gmt":"2025-04-12T12:49:19","slug":"atherisches-zitronenol-10-ml","status":"publish","type":"product","link":"https:\/\/ecoshop.ee\/de\/eeterlikud-olid-ja-aroomiolid\/sidruni-eeterlik-oli-10ml\/","title":{"rendered":"\u00c4therisches Zitronen\u00f6l \u2013 10 ml"},"content":{"rendered":"<p class=\"\" data-start=\"82\" data-end=\"130\"><em data-start=\"116\" data-end=\"130\">Zitrone<\/em><\/p>\n<p class=\"\" data-start=\"132\" data-end=\"438\">\u00c4therisches Zitronen\u00f6l wird aus frischen Zitronenschalen kaltgepresst. Sein spritziger, frischer Zitrusduft wirkt belebend, steigert die Konzentration und hilft, M\u00fcdigkeit und Stress abzubauen. Zitronen\u00f6l z\u00e4hlt zu den beliebtesten \u00d6len in der Aromatherapie und eignet sich sowohl f\u00fcr die Anwendung zu Hause als auch im B\u00fcro.<\/p>\n<p class=\"\" data-start=\"440\" data-end=\"664\">Zitronen\u00f6l st\u00e4rkt das Immunsystem und reinigt den K\u00f6rper. Es wird zur Linderung von Verdauungsbeschwerden, Muskelverspannungen und Erk\u00e4ltungssymptomen eingesetzt. In der Hautpflege hilft Zitronen\u00f6l, Akne, Entz\u00fcndungen und \u00fcbersch\u00fcssigen Talg zu reduzieren.<\/p>\n<ul>\n<li data-start=\"666\" data-end=\"822\">100% reines \u00e4therisches \u00d6l<\/li>\n<li data-start=\"666\" data-end=\"822\">Regt die Sinne an und verbessert die Konzentration<\/li>\n<li data-start=\"666\" data-end=\"822\">St\u00e4rkt das Immunsystem und hilft dem K\u00f6rper bei der Reinigung.<\/li>\n<li data-start=\"666\" data-end=\"822\">Erfrischt die Haut und lindert Hautirritationen.<\/li>\n<li data-start=\"666\" data-end=\"822\">Verwendeter Pflanzenteil: Fruchtschale<\/li>\n<li data-start=\"666\" data-end=\"822\">Extraktionsmethode: Kaltpressung<\/li>\n<li data-start=\"666\" data-end=\"822\">10 ml in einer dunklen Glasflasche<\/li>\n<\/ul>\n<p class=\"\" data-start=\"928\" data-end=\"1130\">\u26a0\ufe0f Nur zur \u00e4u\u00dferlichen Anwendung. Nicht verschlucken. Nach der Anwendung auf der Haut Sonnenlicht meiden. Nicht w\u00e4hrend der Schwangerschaft oder Stillzeit anwenden. Au\u00dferhalb der Reichweite von Kindern und Haustieren aufbewahren.<\/p>","protected":false},"excerpt":{"rendered":"<p>Citrus Limon Sidruni eeterlik \u00f5li saadakse k\u00fclmpressimise teel v\u00e4rsketest sidrunikoortest. Selle teravalt v\u00e4rske tsitrusel\u00f5hn m\u00f5jub vaimu ergutavalt, suurendab keskendumisv\u00f5imet ning aitab hajutada&hellip;<\/p>","protected":false},"featured_media":105501,"comment_status":"open","ping_status":"closed","template":"","meta":{"wprm-recipe-roundup-name":"","wprm-recipe-roundup-description":""},"product_brand":[],"product_cat":[5754],"product_tag":[5756],"class_list":{"0":"post-105500","1":"product","2":"type-product","3":"status-publish","4":"has-post-thumbnail","6":"product_cat-eeterlikud-olid-ja-aroomiolid","7":"product_tag-eeterlik-oli","9":"first","10":"instock","11":"taxable","12":"shipping-taxable","13":"purchasable","14":"product-type-simple"},"supplier_id":105232,"supplier_sku":"","barcode":"5055796528493","atum_controlled":true,"out_stock_date":null,"out_stock_threshold":null,"inheritable":false,"inbound_stock":0,"stock_on_hold":0,"sold_today":0,"sales_last_days":0,"reserved_stock":0,"customer_returns":0,"warehouse_damage":0,"lost_in_post":0,"other_logs":0,"out_stock_days":0,"lost_sales":0,"has_location":false,"update_date":"2026-03-07T01:16:14","atum_locations":[],"atum_stock_status":"instock","restock_status":false,"low_stock_amount":"","sales_update_date":"2026-03-07T01:16:14","calc_backorders":null,"aioseo_notices":[],"_links":{"self":[{"href":"https:\/\/ecoshop.ee\/de\/wp-json\/wp\/v2\/product\/105500","targetHints":{"allow":["GET"]}}],"collection":[{"href":"https:\/\/ecoshop.ee\/de\/wp-json\/wp\/v2\/product"}],"about":[{"href":"https:\/\/ecoshop.ee\/de\/wp-json\/wp\/v2\/types\/product"}],"replies":[{"embeddable":true,"href":"https:\/\/ecoshop.ee\/de\/wp-json\/wp\/v2\/comments?post=105500"}],"version-history":[{"count":0,"href":"https:\/\/ecoshop.ee\/de\/wp-json\/wp\/v2\/product\/105500\/revisions"}],"wp:featuredmedia":[{"embeddable":true,"href":"https:\/\/ecoshop.ee\/de\/wp-json\/wp\/v2\/media\/105501"}],"wp:attachment":[{"href":"https:\/\/ecoshop.ee\/de\/wp-json\/wp\/v2\/media?parent=105500"}],"wp:term":[{"taxonomy":"product_brand","embeddable":true,"href":"https:\/\/ecoshop.ee\/de\/wp-json\/wp\/v2\/product_brand?post=105500"},{"taxonomy":"product_cat","embeddable":true,"href":"https:\/\/ecoshop.ee\/de\/wp-json\/wp\/v2\/product_cat?post=105500"},{"taxonomy":"product_tag","embeddable":true,"href":"https:\/\/ecoshop.ee\/de\/wp-json\/wp\/v2\/product_tag?post=105500"}],"curies":[{"name":"wp","href":"https:\/\/api.w.org\/{rel}","templated":true}]}}