{"id":105503,"date":"2025-04-12T14:54:22","date_gmt":"2025-04-12T12:54:22","guid":{"rendered":"https:\/\/ecoshop.ee\/?post_type=product&#038;p=105503"},"modified":"2025-04-12T14:54:23","modified_gmt":"2025-04-12T12:54:23","slug":"sandelholzol-10-ml","status":"publish","type":"product","link":"https:\/\/ecoshop.ee\/de\/eeterlikud-olid-ja-aroomiolid\/sandlipuu-eeterlik-oli-10ml\/","title":{"rendered":"Sandelholz\u00f6l \u2013 10 ml"},"content":{"rendered":"<p class=\"\" data-start=\"109\" data-end=\"187\"><em data-start=\"167\" data-end=\"187\">Amyris Balsamifera<\/em><\/p>\n<p class=\"\" data-start=\"189\" data-end=\"534\">Sandelholz\u00f6l, auch bekannt als westindisches Sandelholz\u00f6l, wird gewonnen aus <em data-start=\"260\" data-end=\"280\">Amyris balsamifera<\/em> Das \u00d6l wird aus dem Holz und den Zweigen des Baumes rimise dampfdestilliert. Sein warmer, erdiger, leicht sandelholzartiger Duft wirkt beruhigend und entspannend. Aufgrund seines hohen \u00d6lgehalts wird dieser Baum auch \u201cKerzenbaum\u201d genannt, da er wie eine Kerze von selbst abbrennt.<\/p>\n<p class=\"\" data-start=\"536\" data-end=\"822\">Amyris\u00f6l wird zur Linderung von Stress, Angstzust\u00e4nden und Schlaflosigkeit eingesetzt. In der Aromatherapie wirkt es entspannend, f\u00f6rdert den Schlaf und eignet sich f\u00fcr die Meditation. Es unterst\u00fctzt zudem die Atemwege und kann Muskelverspannungen und Entz\u00fcndungen lindern. In der Hautpflege ist es als Weichmacher und beruhigendes Mittel bekannt.<\/p>\n<ul>\n<li data-start=\"824\" data-end=\"996\">100% reines \u00e4therisches \u00d6l<\/li>\n<li data-start=\"824\" data-end=\"996\">Beruhigt das Nervensystem und f\u00f6rdert die Entspannung<\/li>\n<li data-start=\"824\" data-end=\"996\">F\u00f6rdert den Schlaf und eignet sich f\u00fcr die meditative Anwendung.<\/li>\n<li data-start=\"824\" data-end=\"996\">Unterst\u00fctzt die Atemwege und lindert Muskelverspannungen.<\/li>\n<li data-start=\"824\" data-end=\"996\">Verwendeter Pflanzenteil: Holz und Zweige<\/li>\n<li data-start=\"824\" data-end=\"996\">Extraktionsmethode: Wasserdampfdestillation<\/li>\n<li data-start=\"824\" data-end=\"996\">10 ml in einer dunklen Glasflasche<\/li>\n<\/ul>\n<p class=\"\" data-start=\"1108\" data-end=\"1263\">\u26a0\ufe0f Nur zur \u00e4u\u00dferlichen Anwendung. Nicht verschlucken. Au\u00dferhalb der Reichweite von Kindern und Haustieren aufbewahren. Nicht w\u00e4hrend der Schwangerschaft oder Stillzeit anwenden.<\/p>","protected":false},"excerpt":{"rendered":"<p>Amyris Balsamifera Sandlipuu eeterlik \u00f5li, tuntud ka kui L\u00e4\u00e4ne-India sandlipuu\u00f5li, saadakse Amyris balsamifera puu puidust ja okstest aurudestilleerimise teel. Selle soe, maal\u00e4hedane&hellip;<\/p>","protected":false},"featured_media":105505,"comment_status":"open","ping_status":"closed","template":"","meta":{"wprm-recipe-roundup-name":"","wprm-recipe-roundup-description":""},"product_brand":[],"product_cat":[5754],"product_tag":[5756],"class_list":{"0":"post-105503","1":"product","2":"type-product","3":"status-publish","4":"has-post-thumbnail","6":"product_cat-eeterlikud-olid-ja-aroomiolid","7":"product_tag-eeterlik-oli","9":"first","10":"instock","11":"taxable","12":"shipping-taxable","13":"purchasable","14":"product-type-simple"},"supplier_id":105232,"supplier_sku":"","barcode":"5055796528462","atum_controlled":true,"out_stock_date":null,"out_stock_threshold":null,"inheritable":false,"inbound_stock":0,"stock_on_hold":0,"sold_today":0,"sales_last_days":0,"reserved_stock":0,"customer_returns":0,"warehouse_damage":0,"lost_in_post":0,"other_logs":0,"out_stock_days":0,"lost_sales":0,"has_location":false,"update_date":"2026-03-07T01:16:14","atum_locations":[],"atum_stock_status":"instock","restock_status":false,"low_stock_amount":"","sales_update_date":"2026-03-07T01:16:14","calc_backorders":null,"aioseo_notices":[],"_links":{"self":[{"href":"https:\/\/ecoshop.ee\/de\/wp-json\/wp\/v2\/product\/105503","targetHints":{"allow":["GET"]}}],"collection":[{"href":"https:\/\/ecoshop.ee\/de\/wp-json\/wp\/v2\/product"}],"about":[{"href":"https:\/\/ecoshop.ee\/de\/wp-json\/wp\/v2\/types\/product"}],"replies":[{"embeddable":true,"href":"https:\/\/ecoshop.ee\/de\/wp-json\/wp\/v2\/comments?post=105503"}],"version-history":[{"count":0,"href":"https:\/\/ecoshop.ee\/de\/wp-json\/wp\/v2\/product\/105503\/revisions"}],"wp:featuredmedia":[{"embeddable":true,"href":"https:\/\/ecoshop.ee\/de\/wp-json\/wp\/v2\/media\/105505"}],"wp:attachment":[{"href":"https:\/\/ecoshop.ee\/de\/wp-json\/wp\/v2\/media?parent=105503"}],"wp:term":[{"taxonomy":"product_brand","embeddable":true,"href":"https:\/\/ecoshop.ee\/de\/wp-json\/wp\/v2\/product_brand?post=105503"},{"taxonomy":"product_cat","embeddable":true,"href":"https:\/\/ecoshop.ee\/de\/wp-json\/wp\/v2\/product_cat?post=105503"},{"taxonomy":"product_tag","embeddable":true,"href":"https:\/\/ecoshop.ee\/de\/wp-json\/wp\/v2\/product_tag?post=105503"}],"curies":[{"name":"wp","href":"https:\/\/api.w.org\/{rel}","templated":true}]}}