{"id":105506,"date":"2025-04-12T14:59:11","date_gmt":"2025-04-12T12:59:11","guid":{"rendered":"https:\/\/ecoshop.ee\/?post_type=product&#038;p=105506"},"modified":"2025-04-12T14:59:12","modified_gmt":"2025-04-12T12:59:12","slug":"ylang-ylang-ol-10-ml","status":"publish","type":"product","link":"https:\/\/ecoshop.ee\/de\/eeterlikud-olid-ja-aroomiolid\/ylang-ylang-eeterlik-oli-10ml\/","title":{"rendered":"\u00c4therisches Ylang-Ylang-\u00d6l \u2013 10 ml"},"content":{"rendered":"<p class=\"\" data-start=\"88\" data-end=\"143\"><em data-start=\"126\" data-end=\"143\">Cananga Odorata<\/em><\/p>\n<p class=\"\" data-start=\"145\" data-end=\"452\">Das \u00e4therische \u00d6l von Ylang-Ylang wird durch Wasserdampfdestillation gewonnen. <em data-start=\"204\" data-end=\"221\">Cananga odorata<\/em> Ein Baum mit wundersch\u00f6n duftenden gelben Bl\u00fcten, der in S\u00fcdostasien beheimatet ist. Sein s\u00fc\u00dfes und exotisches Aroma ist f\u00fcr seine entspannende Wirkung bekannt und wird sowohl in der Aromatherapie als auch in der Parf\u00fcm- und Kosmetikindustrie gesch\u00e4tzt.<\/p>\n<p class=\"\" data-start=\"454\" data-end=\"834\">In der Aromatherapie wird Ylang-Ylang zur Linderung von Stress, Angstzust\u00e4nden, Schock und Depressionen eingesetzt. Das \u00d6l beruhigt die Sinne, f\u00f6rdert das Wohlbefinden, senkt den Blutdruck und bringt K\u00f6rper und Geist ins Gleichgewicht. In der Hautpflege dient es dazu, die Talgproduktion der Kopfhaut zu regulieren und das Haar zu st\u00e4rken. Bei \u00fcberm\u00e4\u00dfiger Anwendung kann der Duft zu intensiv werden, daher sollte es sparsam verwendet werden.<\/p>\n<ul>\n<li data-start=\"836\" data-end=\"995\">100% reines \u00e4therisches \u00d6l<\/li>\n<li data-start=\"836\" data-end=\"995\">Beruhigt das Nervensystem und f\u00f6rdert die Entspannung<\/li>\n<li data-start=\"836\" data-end=\"995\">Geeignet zur Linderung von Stress, Angstzust\u00e4nden und Anspannung<\/li>\n<li data-start=\"836\" data-end=\"995\">Unterst\u00fctzt das Gleichgewicht von Haar und Kopfhaut<\/li>\n<li data-start=\"836\" data-end=\"995\">Verwendeter Pflanzenteil: Bl\u00fcten<\/li>\n<li data-start=\"836\" data-end=\"995\">Extraktionsmethode: Wasserdampfdestillation<\/li>\n<li data-start=\"836\" data-end=\"995\">10 ml in einer dunklen Glasflasche<\/li>\n<\/ul>\n<p class=\"\" data-start=\"1098\" data-end=\"1312\">\u26a0\ufe0f Nur zur \u00e4u\u00dferlichen Anwendung. Nicht verschlucken. \u00dcberm\u00e4\u00dfiger Gebrauch kann Kopfschmerzen oder \u00dcbelkeit verursachen. Au\u00dferhalb der Reichweite von Kindern und Haustieren aufbewahren. Nicht w\u00e4hrend der Schwangerschaft oder Stillzeit anwenden.<\/p>","protected":false},"excerpt":{"rendered":"<p>Cananga Odorata Ylang Ylang eeterlik \u00f5li saadakse aurudestilleerimise teel Cananga odorata puu kaunilt l\u00f5hnavatest kollastest \u00f5itest, mis p\u00e4rinevad Kagu-Aasia piirkonnast. Selle magus&hellip;<\/p>","protected":false},"featured_media":105507,"comment_status":"open","ping_status":"closed","template":"","meta":{"wprm-recipe-roundup-name":"","wprm-recipe-roundup-description":""},"product_brand":[],"product_cat":[5754],"product_tag":[5756],"class_list":{"0":"post-105506","1":"product","2":"type-product","3":"status-publish","4":"has-post-thumbnail","6":"product_cat-eeterlikud-olid-ja-aroomiolid","7":"product_tag-eeterlik-oli","9":"first","10":"instock","11":"taxable","12":"shipping-taxable","13":"purchasable","14":"product-type-simple"},"supplier_id":105232,"supplier_sku":"","barcode":"5055796528431","atum_controlled":true,"out_stock_date":null,"out_stock_threshold":null,"inheritable":false,"inbound_stock":0,"stock_on_hold":0,"sold_today":0,"sales_last_days":0,"reserved_stock":0,"customer_returns":0,"warehouse_damage":0,"lost_in_post":0,"other_logs":0,"out_stock_days":0,"lost_sales":0,"has_location":false,"update_date":"2026-03-07T01:16:14","atum_locations":[],"atum_stock_status":"instock","restock_status":false,"low_stock_amount":"","sales_update_date":"2026-03-07T01:16:14","calc_backorders":null,"aioseo_notices":[],"_links":{"self":[{"href":"https:\/\/ecoshop.ee\/de\/wp-json\/wp\/v2\/product\/105506","targetHints":{"allow":["GET"]}}],"collection":[{"href":"https:\/\/ecoshop.ee\/de\/wp-json\/wp\/v2\/product"}],"about":[{"href":"https:\/\/ecoshop.ee\/de\/wp-json\/wp\/v2\/types\/product"}],"replies":[{"embeddable":true,"href":"https:\/\/ecoshop.ee\/de\/wp-json\/wp\/v2\/comments?post=105506"}],"version-history":[{"count":0,"href":"https:\/\/ecoshop.ee\/de\/wp-json\/wp\/v2\/product\/105506\/revisions"}],"wp:featuredmedia":[{"embeddable":true,"href":"https:\/\/ecoshop.ee\/de\/wp-json\/wp\/v2\/media\/105507"}],"wp:attachment":[{"href":"https:\/\/ecoshop.ee\/de\/wp-json\/wp\/v2\/media?parent=105506"}],"wp:term":[{"taxonomy":"product_brand","embeddable":true,"href":"https:\/\/ecoshop.ee\/de\/wp-json\/wp\/v2\/product_brand?post=105506"},{"taxonomy":"product_cat","embeddable":true,"href":"https:\/\/ecoshop.ee\/de\/wp-json\/wp\/v2\/product_cat?post=105506"},{"taxonomy":"product_tag","embeddable":true,"href":"https:\/\/ecoshop.ee\/de\/wp-json\/wp\/v2\/product_tag?post=105506"}],"curies":[{"name":"wp","href":"https:\/\/api.w.org\/{rel}","templated":true}]}}