{"id":105512,"date":"2025-04-12T15:07:11","date_gmt":"2025-04-12T13:07:11","guid":{"rendered":"https:\/\/ecoshop.ee\/?post_type=product&#038;p=105512"},"modified":"2025-12-08T11:16:49","modified_gmt":"2025-12-08T08:16:49","slug":"pfefferminzol-10-ml","status":"publish","type":"product","link":"https:\/\/ecoshop.ee\/de\/eeterlikud-olid-ja-aroomiolid\/piparmundi-eeterlik-oli-10ml\/","title":{"rendered":"Pfefferminz\u00f6l \u2013 10 ml"},"content":{"rendered":"<p class=\"\" data-start=\"87\" data-end=\"141\"><em data-start=\"124\" data-end=\"141\">Pfefferminze<\/em><\/p>\n<p class=\"\" data-start=\"143\" data-end=\"447\">Pfefferminz\u00f6l wird gewonnen <em data-start=\"176\" data-end=\"193\">Pfefferminze<\/em> Wasserdampfdestilliert aus einer bl\u00fchenden Pflanze. Sein frisches, k\u00fchlendes, mentholartiges Aroma belebt die Sinne, lindert M\u00fcdigkeit und f\u00f6rdert die Konzentration. In der Aromatherapie wird es zur Linderung von geistiger Ersch\u00f6pfung, Kopfschmerzen, \u00dcbelkeit und Atemwegserkrankungen eingesetzt.<\/p>\n<p class=\"\" data-start=\"449\" data-end=\"716\">Pfefferminz\u00f6l eignet sich hervorragend zur Hautpflege \u2013 es k\u00fchlt Sonnenbrand, lindert Juckreiz und Entz\u00fcndungen. Es wird auch in Mundsp\u00fclungen verwendet, um Mundgeruch und Zahnfleischprobleme zu bek\u00e4mpfen. In einer Duftlampe verwendet, hilft es, M\u00fccken und andere Insekten fernzuhalten.<\/p>\n<ul>\n<li data-start=\"718\" data-end=\"891\">100% reines \u00e4therisches \u00d6l<\/li>\n<li data-start=\"718\" data-end=\"891\">Erfrischt und belebt die Sinne, lindert \u00dcbelkeit<\/li>\n<li data-start=\"718\" data-end=\"891\">Unterst\u00fctzt die Atmung und lindert geistige Ersch\u00f6pfung<\/li>\n<li data-start=\"718\" data-end=\"891\">K\u00fchlende Wirkung auf die Haut und nat\u00fcrliches Insektenschutzmittel<\/li>\n<li data-start=\"718\" data-end=\"891\">Verwendeter Pflanzenteil: bl\u00fchendes Kraut<\/li>\n<li data-start=\"718\" data-end=\"891\">Extraktionsmethode: Wasserdampfdestillation<\/li>\n<li data-start=\"718\" data-end=\"891\">10 ml in einer dunklen Glasflasche<\/li>\n<\/ul>\n<p class=\"\" data-start=\"1000\" data-end=\"1155\">\u26a0\ufe0f Nur zur \u00e4u\u00dferlichen Anwendung. Nicht verschlucken. Au\u00dferhalb der Reichweite von Kindern und Haustieren aufbewahren. Nicht w\u00e4hrend der Schwangerschaft oder Stillzeit anwenden.<\/p>","protected":false},"excerpt":{"rendered":"<p>Mentha Piperita Piparm\u00fcndi eeterlik \u00f5li saadakse Mentha piperita \u00f5itsevast \u00fcrdist aurudestilleerimise teel. Selle v\u00e4rske, jahutav ja mentooline aroom ergutab meeli, leevendab v\u00e4simust&hellip;<\/p>","protected":false},"featured_media":105513,"comment_status":"open","ping_status":"closed","template":"","meta":{"wprm-recipe-roundup-name":"","wprm-recipe-roundup-description":""},"product_brand":[],"product_cat":[5754],"product_tag":[5756],"class_list":{"0":"post-105512","1":"product","2":"type-product","3":"status-publish","4":"has-post-thumbnail","6":"product_cat-eeterlikud-olid-ja-aroomiolid","7":"product_tag-eeterlik-oli","9":"first","10":"instock","11":"taxable","12":"shipping-taxable","13":"purchasable","14":"product-type-simple"},"supplier_id":105232,"supplier_sku":"","barcode":"5055796528417","atum_controlled":true,"out_stock_date":null,"out_stock_threshold":null,"inheritable":false,"inbound_stock":0,"stock_on_hold":0,"sold_today":0,"sales_last_days":0,"reserved_stock":0,"customer_returns":0,"warehouse_damage":0,"lost_in_post":0,"other_logs":0,"out_stock_days":0,"lost_sales":0,"has_location":false,"update_date":"2026-03-07T01:16:14","atum_locations":[],"atum_stock_status":"instock","restock_status":false,"low_stock_amount":"","sales_update_date":"2026-03-07T01:16:14","calc_backorders":null,"aioseo_notices":[],"_links":{"self":[{"href":"https:\/\/ecoshop.ee\/de\/wp-json\/wp\/v2\/product\/105512","targetHints":{"allow":["GET"]}}],"collection":[{"href":"https:\/\/ecoshop.ee\/de\/wp-json\/wp\/v2\/product"}],"about":[{"href":"https:\/\/ecoshop.ee\/de\/wp-json\/wp\/v2\/types\/product"}],"replies":[{"embeddable":true,"href":"https:\/\/ecoshop.ee\/de\/wp-json\/wp\/v2\/comments?post=105512"}],"version-history":[{"count":0,"href":"https:\/\/ecoshop.ee\/de\/wp-json\/wp\/v2\/product\/105512\/revisions"}],"wp:featuredmedia":[{"embeddable":true,"href":"https:\/\/ecoshop.ee\/de\/wp-json\/wp\/v2\/media\/105513"}],"wp:attachment":[{"href":"https:\/\/ecoshop.ee\/de\/wp-json\/wp\/v2\/media?parent=105512"}],"wp:term":[{"taxonomy":"product_brand","embeddable":true,"href":"https:\/\/ecoshop.ee\/de\/wp-json\/wp\/v2\/product_brand?post=105512"},{"taxonomy":"product_cat","embeddable":true,"href":"https:\/\/ecoshop.ee\/de\/wp-json\/wp\/v2\/product_cat?post=105512"},{"taxonomy":"product_tag","embeddable":true,"href":"https:\/\/ecoshop.ee\/de\/wp-json\/wp\/v2\/product_tag?post=105512"}],"curies":[{"name":"wp","href":"https:\/\/api.w.org\/{rel}","templated":true}]}}