{"id":105521,"date":"2025-04-12T15:34:47","date_gmt":"2025-04-12T13:34:47","guid":{"rendered":"https:\/\/ecoshop.ee\/?post_type=product&#038;p=105521"},"modified":"2026-04-14T22:57:24","modified_gmt":"2026-04-14T19:57:24","slug":"aromatika-raucherkegel-mit-fallendem-rauch-used-lavendel","status":"publish","type":"product","link":"https:\/\/ecoshop.ee\/de\/viirukid\/aromatika-langeva-suitsuga-viirukikoonused-lavendel\/","title":{"rendered":"Aromatika R\u00e4ucherkegel mit fallendem Rauch used \u2013 Lavendel"},"content":{"rendered":"<p class=\"\" data-start=\"176\" data-end=\"450\">Der R\u00e4ucherkegel used wird aus nat\u00fcrlichen Kr\u00e4utern, \u00d6len und Harzen hergestellt. Sein Rauch wirbelt in einem speziellen Brenner effektvoll auf und schafft so eine optisch bezaubernde und beruhigende Atmosph\u00e4re. Der wohltuende Lavendelduft eignet sich ideal zum Entspannen, Meditieren und f\u00fcr Yoga.<\/p>\n<p class=\"\" data-start=\"452\" data-end=\"614\">Beim Verbrennen entsteht Rauch, der schwerer als Luft ist und wie ein feiner Wasserfall in und um den Brenner str\u00f6mt. Dieser Effekt bietet sowohl \u00e4sthetischen als auch aromatherapeutischen Genuss.<\/p>\n<ul>\n<li data-start=\"616\" data-end=\"836\">Beruhigender Lavendelduft<\/li>\n<li data-start=\"616\" data-end=\"836\">Geeignet f\u00fcr Meditation, Yoga und Entspannung<\/li>\n<li data-start=\"616\" data-end=\"836\">Hergestellt aus nat\u00fcrlichen Zutaten<\/li>\n<li data-start=\"616\" data-end=\"836\">Zur Verwendung in R\u00e4uchergef\u00e4\u00dfen mit fallendem Rauch<\/li>\n<li data-start=\"616\" data-end=\"836\">Menge pro Packung: 10 R\u00e4ucherkegel<\/li>\n<\/ul>","protected":false},"excerpt":{"rendered":"<p>Looduslikest \u00fcrtidest, \u00f5lidest ja vaikudest valmistatud viirukikoonused, mille suits langeb efektse keerisena spetsiaalse p\u00f5letiga allapoole, luues visuaalselt lummava ja rahustava meeleolu. Lavendli&hellip;<\/p>","protected":false},"featured_media":105522,"comment_status":"open","ping_status":"closed","template":"","meta":{"wprm-recipe-roundup-name":"","wprm-recipe-roundup-description":""},"product_brand":[12007],"product_cat":[5751],"product_tag":[5753],"class_list":{"0":"post-105521","1":"product","2":"type-product","3":"status-publish","4":"has-post-thumbnail","6":"product_brand-aromatika","7":"product_cat-viirukid","8":"product_tag-viiruk","10":"first","11":"instock","12":"taxable","13":"shipping-taxable","14":"purchasable","15":"product-type-simple"},"supplier_id":105232,"supplier_sku":"","barcode":"8902955118934","atum_controlled":true,"out_stock_date":null,"out_stock_threshold":null,"inheritable":false,"inbound_stock":0,"stock_on_hold":0,"sold_today":0,"sales_last_days":0,"reserved_stock":0,"customer_returns":0,"warehouse_damage":0,"lost_in_post":0,"other_logs":0,"out_stock_days":0,"lost_sales":0,"has_location":false,"update_date":"2026-04-14T19:57:25","atum_locations":[],"atum_stock_status":"instock","restock_status":false,"low_stock_amount":"","sales_update_date":"2026-03-07T01:16:14","calc_backorders":null,"aioseo_notices":[],"_links":{"self":[{"href":"https:\/\/ecoshop.ee\/de\/wp-json\/wp\/v2\/product\/105521","targetHints":{"allow":["GET"]}}],"collection":[{"href":"https:\/\/ecoshop.ee\/de\/wp-json\/wp\/v2\/product"}],"about":[{"href":"https:\/\/ecoshop.ee\/de\/wp-json\/wp\/v2\/types\/product"}],"replies":[{"embeddable":true,"href":"https:\/\/ecoshop.ee\/de\/wp-json\/wp\/v2\/comments?post=105521"}],"version-history":[{"count":0,"href":"https:\/\/ecoshop.ee\/de\/wp-json\/wp\/v2\/product\/105521\/revisions"}],"wp:featuredmedia":[{"embeddable":true,"href":"https:\/\/ecoshop.ee\/de\/wp-json\/wp\/v2\/media\/105522"}],"wp:attachment":[{"href":"https:\/\/ecoshop.ee\/de\/wp-json\/wp\/v2\/media?parent=105521"}],"wp:term":[{"taxonomy":"product_brand","embeddable":true,"href":"https:\/\/ecoshop.ee\/de\/wp-json\/wp\/v2\/product_brand?post=105521"},{"taxonomy":"product_cat","embeddable":true,"href":"https:\/\/ecoshop.ee\/de\/wp-json\/wp\/v2\/product_cat?post=105521"},{"taxonomy":"product_tag","embeddable":true,"href":"https:\/\/ecoshop.ee\/de\/wp-json\/wp\/v2\/product_tag?post=105521"}],"curies":[{"name":"wp","href":"https:\/\/api.w.org\/{rel}","templated":true}]}}