{"id":105524,"date":"2025-04-12T15:41:49","date_gmt":"2025-04-12T13:41:49","guid":{"rendered":"https:\/\/ecoshop.ee\/?post_type=product&#038;p=105524"},"modified":"2026-04-14T22:57:12","modified_gmt":"2026-04-14T19:57:12","slug":"aromatika-raucherkegel-mit-fallendem-rauch-used-lotus","status":"publish","type":"product","link":"https:\/\/ecoshop.ee\/de\/viirukid\/aromatika-langeva-suitsuga-viirukikoonused-lootos\/","title":{"rendered":"Aromatika R\u00e4ucherkegel mit fallendem Rauch used \u2013 Lotus"},"content":{"rendered":"<p class=\"\" data-start=\"166\" data-end=\"380\">Der ruhige und reine Duft der Lotusblume schenkt dem Raum Ausgeglichenheit, Stille und innere Klarheit. Der Rauch der Zapfen steigt wie ein Nebel herab, erzeugt ein meditatives Schauspiel und erf\u00fcllt die Umgebung mit einem zarten Duft, der lange anh\u00e4lt.<\/p>\n<p class=\"\" data-start=\"382\" data-end=\"529\">Das R\u00e4ucherst\u00e4bchen Iconused ist die perfekte Wahl f\u00fcr Momente, in denen Sie zur Ruhe kommen, sich ganz auf sich selbst konzentrieren und tiefer durchatmen m\u00f6chten. Ideal f\u00fcr Meditation, Yoga oder einfach eine Auszeit in der Stille.<\/p>\n<ul>\n<li data-start=\"531\" data-end=\"762\">Sanfter und ausgleichender Lotusduft<\/li>\n<li data-start=\"531\" data-end=\"762\">Visuell beruhigender Rauchstromeffekt<\/li>\n<li data-start=\"531\" data-end=\"762\">Hergestellt aus nat\u00fcrlichen Harzen, Kr\u00e4utern und \u00d6len<\/li>\n<li data-start=\"531\" data-end=\"762\">Nur zur Verwendung in R\u00e4uchergef\u00e4\u00dfen mit fallendem Rauch<\/li>\n<li data-start=\"531\" data-end=\"762\">Menge pro Packung: 10 R\u00e4ucherkegel<\/li>\n<\/ul>","protected":false},"excerpt":{"rendered":"<p>Lootose rahulik ja puhas aroom toob ruumi tasakaalu, vaikuse ja sisemise selguse. Koonuste suits voolab alla nagu udujuga, luues meditatiivse vaatem\u00e4ngu ja&hellip;<\/p>","protected":false},"featured_media":105525,"comment_status":"open","ping_status":"closed","template":"","meta":{"wprm-recipe-roundup-name":"","wprm-recipe-roundup-description":""},"product_brand":[12007],"product_cat":[5751],"product_tag":[5753],"class_list":{"0":"post-105524","1":"product","2":"type-product","3":"status-publish","4":"has-post-thumbnail","6":"product_brand-aromatika","7":"product_cat-viirukid","8":"product_tag-viiruk","10":"first","11":"instock","12":"taxable","13":"shipping-taxable","14":"purchasable","15":"product-type-simple"},"supplier_id":105232,"supplier_sku":"","barcode":"8902955121729","atum_controlled":true,"out_stock_date":null,"out_stock_threshold":null,"inheritable":false,"inbound_stock":0,"stock_on_hold":0,"sold_today":0,"sales_last_days":0,"reserved_stock":0,"customer_returns":0,"warehouse_damage":0,"lost_in_post":0,"other_logs":0,"out_stock_days":0,"lost_sales":0,"has_location":false,"update_date":"2026-04-14T19:57:13","atum_locations":[],"atum_stock_status":"instock","restock_status":false,"low_stock_amount":"","sales_update_date":"2026-03-07T01:16:14","calc_backorders":null,"aioseo_notices":[],"_links":{"self":[{"href":"https:\/\/ecoshop.ee\/de\/wp-json\/wp\/v2\/product\/105524","targetHints":{"allow":["GET"]}}],"collection":[{"href":"https:\/\/ecoshop.ee\/de\/wp-json\/wp\/v2\/product"}],"about":[{"href":"https:\/\/ecoshop.ee\/de\/wp-json\/wp\/v2\/types\/product"}],"replies":[{"embeddable":true,"href":"https:\/\/ecoshop.ee\/de\/wp-json\/wp\/v2\/comments?post=105524"}],"version-history":[{"count":0,"href":"https:\/\/ecoshop.ee\/de\/wp-json\/wp\/v2\/product\/105524\/revisions"}],"wp:featuredmedia":[{"embeddable":true,"href":"https:\/\/ecoshop.ee\/de\/wp-json\/wp\/v2\/media\/105525"}],"wp:attachment":[{"href":"https:\/\/ecoshop.ee\/de\/wp-json\/wp\/v2\/media?parent=105524"}],"wp:term":[{"taxonomy":"product_brand","embeddable":true,"href":"https:\/\/ecoshop.ee\/de\/wp-json\/wp\/v2\/product_brand?post=105524"},{"taxonomy":"product_cat","embeddable":true,"href":"https:\/\/ecoshop.ee\/de\/wp-json\/wp\/v2\/product_cat?post=105524"},{"taxonomy":"product_tag","embeddable":true,"href":"https:\/\/ecoshop.ee\/de\/wp-json\/wp\/v2\/product_tag?post=105524"}],"curies":[{"name":"wp","href":"https:\/\/api.w.org\/{rel}","templated":true}]}}