{"id":105543,"date":"2025-04-12T18:16:44","date_gmt":"2025-04-12T16:16:44","guid":{"rendered":"https:\/\/ecoshop.ee\/?post_type=product&#038;p=105543"},"modified":"2025-04-12T18:16:45","modified_gmt":"2025-04-12T16:16:45","slug":"helsinki-aromazerstauber-mit-led-farben-und-usb-timer","status":"publish","type":"product","link":"https:\/\/ecoshop.ee\/de\/difuuserid-ja-poletid\/helsinki-aroomi-atomiseerija-led-varvid-usb-taimeriga\/","title":{"rendered":"Helsinki Aromazerst\u00e4uber \u2013 LED-Farben, USB, mit Timer"},"content":{"rendered":"<p class=\"\" data-start=\"158\" data-end=\"393\">Eine zeitlose und elegante Art, einen Raum ohne Flamme oder Rauch zu beduften. Der Helsinki-Zerst\u00e4uber nutzt Ultraschalltechnologie, um mit \u00e4therischen \u00d6len angereichertes Wasser im Handumdrehen in einen feinen, k\u00fchlen Nebel zu verwandeln, der den Raum mit einem wohltuenden Duft erf\u00fcllt.<\/p>\n<p class=\"\" data-start=\"395\" data-end=\"530\">Die LED-Beleuchtung wechselt zwischen 7 verschiedenen Farbt\u00f6nen und schafft so eine stimmungsvolle und sanfte Atmosph\u00e4re im Raum. Ideal zur Versch\u00f6nerung Ihres Zuhauses, B\u00fcros oder Ihrer Meditationsecke.<\/p>\n<ul>\n<li data-start=\"532\" data-end=\"751\">Ultraschalltechnologie \u2013 kaum sp\u00fcrbar und effektiv<\/li>\n<li data-start=\"532\" data-end=\"751\">LED-Beleuchtung mit 7 Farben<\/li>\n<li data-start=\"532\" data-end=\"751\">Fassungsverm\u00f6gen: 120 ml<\/li>\n<li data-start=\"532\" data-end=\"751\">Funktioniert \u00fcber USB (Kabell\u00e4nge 100 cm)<\/li>\n<li data-start=\"532\" data-end=\"751\">Timer: 1-3-6 Stunden<\/li>\n<li data-start=\"532\" data-end=\"751\">Abmessungen: H\u00f6he 13 cm, Durchmesser 11 cm<\/li>\n<\/ul>\n<p class=\"\" data-start=\"753\" data-end=\"804\">\u26a0\ufe0f Nur mit \u00e4therischen \u00d6len, die mit Wasser gemischt sind, verwenden!<\/p>","protected":false},"excerpt":{"rendered":"<p>Ajatu ja elegantne viis ruumi l\u00f5hnastamiseks ilma leegita ja suitsuta. Helsinki atomiseerija kasutab ultraheli tehnoloogiat, et muuta eeterliku \u00f5liga rikastatud vesi koheselt&hellip;<\/p>","protected":false},"featured_media":105544,"comment_status":"open","ping_status":"closed","template":"","meta":{"wprm-recipe-roundup-name":"","wprm-recipe-roundup-description":""},"product_brand":[],"product_cat":[5757],"product_tag":[5758],"class_list":{"0":"post-105543","1":"product","2":"type-product","3":"status-publish","4":"has-post-thumbnail","6":"product_cat-difuuserid-ja-poletid","7":"product_tag-difuuser","9":"first","10":"instock","11":"taxable","12":"shipping-taxable","13":"purchasable","14":"product-type-simple"},"supplier_id":105232,"supplier_sku":"","barcode":"5056368310126","atum_controlled":true,"out_stock_date":null,"out_stock_threshold":null,"inheritable":false,"inbound_stock":0,"stock_on_hold":0,"sold_today":0,"sales_last_days":0,"reserved_stock":0,"customer_returns":0,"warehouse_damage":0,"lost_in_post":0,"other_logs":0,"out_stock_days":0,"lost_sales":0,"has_location":false,"update_date":"2026-03-07T01:16:14","atum_locations":[],"atum_stock_status":"instock","restock_status":false,"low_stock_amount":"","sales_update_date":"2026-03-07T01:16:14","calc_backorders":null,"aioseo_notices":[],"_links":{"self":[{"href":"https:\/\/ecoshop.ee\/de\/wp-json\/wp\/v2\/product\/105543","targetHints":{"allow":["GET"]}}],"collection":[{"href":"https:\/\/ecoshop.ee\/de\/wp-json\/wp\/v2\/product"}],"about":[{"href":"https:\/\/ecoshop.ee\/de\/wp-json\/wp\/v2\/types\/product"}],"replies":[{"embeddable":true,"href":"https:\/\/ecoshop.ee\/de\/wp-json\/wp\/v2\/comments?post=105543"}],"version-history":[{"count":0,"href":"https:\/\/ecoshop.ee\/de\/wp-json\/wp\/v2\/product\/105543\/revisions"}],"wp:featuredmedia":[{"embeddable":true,"href":"https:\/\/ecoshop.ee\/de\/wp-json\/wp\/v2\/media\/105544"}],"wp:attachment":[{"href":"https:\/\/ecoshop.ee\/de\/wp-json\/wp\/v2\/media?parent=105543"}],"wp:term":[{"taxonomy":"product_brand","embeddable":true,"href":"https:\/\/ecoshop.ee\/de\/wp-json\/wp\/v2\/product_brand?post=105543"},{"taxonomy":"product_cat","embeddable":true,"href":"https:\/\/ecoshop.ee\/de\/wp-json\/wp\/v2\/product_cat?post=105543"},{"taxonomy":"product_tag","embeddable":true,"href":"https:\/\/ecoshop.ee\/de\/wp-json\/wp\/v2\/product_tag?post=105543"}],"curies":[{"name":"wp","href":"https:\/\/api.w.org\/{rel}","templated":true}]}}