{"id":105553,"date":"2025-04-12T18:38:05","date_gmt":"2025-04-12T16:38:05","guid":{"rendered":"https:\/\/ecoshop.ee\/?post_type=product&#038;p=105553"},"modified":"2025-04-12T18:38:06","modified_gmt":"2025-04-12T16:38:06","slug":"buddha-feng-shui-raucherstabchenhalter-creme","status":"publish","type":"product","link":"https:\/\/ecoshop.ee\/de\/difuuserid-ja-poletid\/buddha-feng-shui-viirukihoidja-kreemjas\/","title":{"rendered":"Buddha Feng Shui R\u00e4ucherst\u00e4bchenhalter \u2013 Creme"},"content":{"rendered":"<p class=\"\" data-start=\"148\" data-end=\"406\">Ein eleganter und bedeutungsvoller R\u00e4ucherst\u00e4bchenhalter, der dem Raum Ruhe, Konzentration und spirituelle Ausgeglichenheit verleiht. Die von indonesischen Kunsthandwerkern gefertigte Buddha-Statue mit ihrem friedvollen Ausdruck und ihrer meditativen K\u00f6rpersprache schafft die perfekte Atmosph\u00e4re f\u00fcr Entspannung, Yoga oder Aromatherapie.<\/p>\n<p class=\"\" data-start=\"408\" data-end=\"513\">Perfekt zum Verbrennen von R\u00e4ucherst\u00e4bchen und als Geschenk f\u00fcr alle, die gute D\u00fcfte und innere Ruhe sch\u00e4tzen.<\/p>\n<ul>\n<li data-start=\"515\" data-end=\"718\">Detailliertes Buddha-Design<\/li>\n<li data-start=\"515\" data-end=\"718\">Mit einem beruhigenden Cremeton<\/li>\n<li data-start=\"515\" data-end=\"718\">Passend f\u00fcr handels\u00fcbliche R\u00e4ucherst\u00e4bchen<\/li>\n<li data-start=\"515\" data-end=\"718\">Handgefertigt aus nat\u00fcrlichen Materialien<\/li>\n<li data-start=\"515\" data-end=\"718\">Wirkt im Raum als Symbol f\u00fcr Frieden und Ausgeglichenheit.<\/li>\n<\/ul>\n<p class=\"\" data-start=\"720\" data-end=\"758\">\u26a0\ufe0f Dekorative Steine sind nicht im Lieferumfang enthalten.<\/p>","protected":false},"excerpt":{"rendered":"<p>Elegantne ja t\u00e4hendusrikas viirukihoidja, mis toob ruumi rahu, keskendumise ja vaimse tasakaalu. Indoneesia k\u00e4sit\u00f6\u00f6liste loodud Buddha kuju, mille rahulik ilme ja mediteeriv&hellip;<\/p>","protected":false},"featured_media":105559,"comment_status":"open","ping_status":"closed","template":"","meta":{"wprm-recipe-roundup-name":"","wprm-recipe-roundup-description":""},"product_brand":[],"product_cat":[5757],"product_tag":[5760],"class_list":{"0":"post-105553","1":"product","2":"type-product","3":"status-publish","4":"has-post-thumbnail","6":"product_cat-difuuserid-ja-poletid","7":"product_tag-viirukihoidja","9":"first","10":"instock","11":"taxable","12":"shipping-taxable","13":"purchasable","14":"product-type-simple"},"supplier_id":105232,"supplier_sku":"","barcode":"5056368318443","atum_controlled":true,"out_stock_date":null,"out_stock_threshold":null,"inheritable":false,"inbound_stock":0,"stock_on_hold":0,"sold_today":0,"sales_last_days":0,"reserved_stock":0,"customer_returns":0,"warehouse_damage":0,"lost_in_post":0,"other_logs":0,"out_stock_days":0,"lost_sales":0,"has_location":false,"update_date":"2026-03-07T01:16:14","atum_locations":[],"atum_stock_status":"instock","restock_status":false,"low_stock_amount":"","sales_update_date":"2026-03-07T01:16:14","calc_backorders":null,"aioseo_notices":[],"_links":{"self":[{"href":"https:\/\/ecoshop.ee\/de\/wp-json\/wp\/v2\/product\/105553","targetHints":{"allow":["GET"]}}],"collection":[{"href":"https:\/\/ecoshop.ee\/de\/wp-json\/wp\/v2\/product"}],"about":[{"href":"https:\/\/ecoshop.ee\/de\/wp-json\/wp\/v2\/types\/product"}],"replies":[{"embeddable":true,"href":"https:\/\/ecoshop.ee\/de\/wp-json\/wp\/v2\/comments?post=105553"}],"version-history":[{"count":0,"href":"https:\/\/ecoshop.ee\/de\/wp-json\/wp\/v2\/product\/105553\/revisions"}],"wp:featuredmedia":[{"embeddable":true,"href":"https:\/\/ecoshop.ee\/de\/wp-json\/wp\/v2\/media\/105559"}],"wp:attachment":[{"href":"https:\/\/ecoshop.ee\/de\/wp-json\/wp\/v2\/media?parent=105553"}],"wp:term":[{"taxonomy":"product_brand","embeddable":true,"href":"https:\/\/ecoshop.ee\/de\/wp-json\/wp\/v2\/product_brand?post=105553"},{"taxonomy":"product_cat","embeddable":true,"href":"https:\/\/ecoshop.ee\/de\/wp-json\/wp\/v2\/product_cat?post=105553"},{"taxonomy":"product_tag","embeddable":true,"href":"https:\/\/ecoshop.ee\/de\/wp-json\/wp\/v2\/product_tag?post=105553"}],"curies":[{"name":"wp","href":"https:\/\/api.w.org\/{rel}","templated":true}]}}