{"id":105562,"date":"2025-04-12T18:48:05","date_gmt":"2025-04-12T16:48:05","guid":{"rendered":"https:\/\/ecoshop.ee\/?post_type=product&#038;p=105562"},"modified":"2025-07-21T11:40:56","modified_gmt":"2025-07-21T08:40:56","slug":"raucherstabchenhalter-aus-holz-buddha","status":"publish","type":"product","link":"https:\/\/ecoshop.ee\/de\/difuuserid-ja-poletid\/puidust-viirukialus-buddha\/","title":{"rendered":"R\u00e4ucherst\u00e4bchenhalter aus Holz \u2013 Buddha"},"content":{"rendered":"<p class=\"\" data-start=\"155\" data-end=\"370\">Ein vielseitiger und friedvoller R\u00e4uchergef\u00e4\u00dfhalter, der sowohl R\u00e4ucherst\u00e4bchen als auch R\u00e4ucherkegel aufnehmen kann. Die Buddha-Statue, aus Holz gefertigt und in Indien handgeschnitzt, verleiht jedem Raum spirituelle Ausgewogenheit und \u00e4sthetische Tiefe.<\/p>\n<p class=\"\" data-start=\"372\" data-end=\"489\">Ideal f\u00fcr eine Meditations- und Yogaecke, aber auch als Geschenk f\u00fcr alle, die innere Ruhe und sinnvolles Design sch\u00e4tzen.<\/p>\n<ul>\n<li data-start=\"491\" data-end=\"699\">Geeignet f\u00fcr R\u00e4ucherst\u00e4bchen und -kegel<\/li>\n<li data-start=\"491\" data-end=\"699\">Detaillierte Buddha-Gravur<\/li>\n<li data-start=\"491\" data-end=\"699\">Hergestellt aus hochwertigem Naturholz<\/li>\n<li data-start=\"491\" data-end=\"699\">Schafft eine friedliche und spirituelle Atmosph\u00e4re<\/li>\n<li data-start=\"491\" data-end=\"699\">Geeignet als Geschenk oder f\u00fcr den pers\u00f6nlichen Gebrauch<\/li>\n<\/ul>","protected":false},"excerpt":{"rendered":"<p>Mitmek\u00fclgne ja rahu loov viirukialus, millele saad asetada nii viirukipulga kui -koonuse. Puidust valmistatud ja Indias k\u00e4sitsi nikerdatud Buddha kujutis lisab igasse&hellip;<\/p>","protected":false},"featured_media":105563,"comment_status":"open","ping_status":"closed","template":"","meta":{"wprm-recipe-roundup-name":"","wprm-recipe-roundup-description":""},"product_brand":[],"product_cat":[5757],"product_tag":[5760],"class_list":{"0":"post-105562","1":"product","2":"type-product","3":"status-publish","4":"has-post-thumbnail","6":"product_cat-difuuserid-ja-poletid","7":"product_tag-viirukihoidja","9":"first","10":"instock","11":"taxable","12":"shipping-taxable","13":"purchasable","14":"product-type-simple"},"supplier_id":105232,"supplier_sku":"","barcode":"5056368330544","atum_controlled":true,"out_stock_date":null,"out_stock_threshold":null,"inheritable":false,"inbound_stock":0,"stock_on_hold":0,"sold_today":0,"sales_last_days":0,"reserved_stock":0,"customer_returns":0,"warehouse_damage":0,"lost_in_post":0,"other_logs":0,"out_stock_days":0,"lost_sales":0,"has_location":false,"update_date":"2026-03-07T01:16:14","atum_locations":[],"atum_stock_status":"instock","restock_status":false,"low_stock_amount":"","sales_update_date":"2026-03-07T01:16:14","calc_backorders":null,"aioseo_notices":[],"_links":{"self":[{"href":"https:\/\/ecoshop.ee\/de\/wp-json\/wp\/v2\/product\/105562","targetHints":{"allow":["GET"]}}],"collection":[{"href":"https:\/\/ecoshop.ee\/de\/wp-json\/wp\/v2\/product"}],"about":[{"href":"https:\/\/ecoshop.ee\/de\/wp-json\/wp\/v2\/types\/product"}],"replies":[{"embeddable":true,"href":"https:\/\/ecoshop.ee\/de\/wp-json\/wp\/v2\/comments?post=105562"}],"version-history":[{"count":0,"href":"https:\/\/ecoshop.ee\/de\/wp-json\/wp\/v2\/product\/105562\/revisions"}],"wp:featuredmedia":[{"embeddable":true,"href":"https:\/\/ecoshop.ee\/de\/wp-json\/wp\/v2\/media\/105563"}],"wp:attachment":[{"href":"https:\/\/ecoshop.ee\/de\/wp-json\/wp\/v2\/media?parent=105562"}],"wp:term":[{"taxonomy":"product_brand","embeddable":true,"href":"https:\/\/ecoshop.ee\/de\/wp-json\/wp\/v2\/product_brand?post=105562"},{"taxonomy":"product_cat","embeddable":true,"href":"https:\/\/ecoshop.ee\/de\/wp-json\/wp\/v2\/product_cat?post=105562"},{"taxonomy":"product_tag","embeddable":true,"href":"https:\/\/ecoshop.ee\/de\/wp-json\/wp\/v2\/product_tag?post=105562"}],"curies":[{"name":"wp","href":"https:\/\/api.w.org\/{rel}","templated":true}]}}