{"id":105567,"date":"2025-04-12T19:04:33","date_gmt":"2025-04-12T17:04:33","guid":{"rendered":"https:\/\/ecoshop.ee\/?post_type=product&#038;p=105567"},"modified":"2025-04-12T19:04:34","modified_gmt":"2025-04-12T17:04:34","slug":"rauchergefas-lebensbaum-11-x-9-cm","status":"publish","type":"product","link":"https:\/\/ecoshop.ee\/de\/difuuserid-ja-poletid\/rituaalne-viirukihoidja-elupuu-11x9-cm\/","title":{"rendered":"R\u00e4ucherst\u00e4bchenhalter f\u00fcr Rituale \u2013 Baum des Lebens (11\u00d79 cm)"},"content":{"rendered":"<p class=\"\" data-start=\"168\" data-end=\"400\">Ein handgefertigter R\u00e4uchergef\u00e4\u00dfhalter mit dem symbolischen Lebensbaum in der Mitte \u2013 ein Sinnbild f\u00fcr den Kreislauf des Lebens, Wachstum und Verbundenheit. Gefertigt aus nat\u00fcrlichem Mangoholz, ist diese R\u00e4ucherschale langlebig, nat\u00fcrlich und bedeutungsvoll.<\/p>\n<p class=\"\" data-start=\"402\" data-end=\"555\">Das durchdachte Design erm\u00f6glicht die Verwendung von R\u00e4ucherst\u00e4bchen und -kegeln und ist somit vielseitig einsetzbar und f\u00fcr unterschiedliche Vorlieben geeignet. Ob zur Meditation, f\u00fcr Rituale oder einfach, um eine friedliche Atmosph\u00e4re zu schaffen \u2013 dieser R\u00e4ucherst\u00e4bchenhalter bringt Harmonie und Ruhe in den Raum.<\/p>\n<ul>\n<li data-start=\"557\" data-end=\"769\">Aus nat\u00fcrlichem Mangoholz gefertigt<\/li>\n<li data-start=\"557\" data-end=\"769\">Geschnitztes Symbol des Lebensbaums \u2013 ein Symbol f\u00fcr Leben und Wachstum<\/li>\n<li data-start=\"557\" data-end=\"769\">Bietet Platz f\u00fcr zwei R\u00e4ucherst\u00e4bchen und einen R\u00e4ucherkegel.<\/li>\n<li data-start=\"557\" data-end=\"769\">Abmessungen: ca. 11 \u00d7 9 cm<\/li>\n<li data-start=\"557\" data-end=\"769\">Praktisch und dekorativ \u2013 ideal als Geschenk<\/li>\n<\/ul>","protected":false},"excerpt":{"rendered":"<p>K\u00e4sitsi valmistatud rituaalne viirukihoidja, mille keskmes seisab s\u00fcmboolne Elupuu \u2013 elu ringk\u00e4igu, kasvu ja \u00fchenduse t\u00e4his. See naturaalsest mangopuidust valmistatud viirukikauss on&hellip;<\/p>","protected":false},"featured_media":105571,"comment_status":"open","ping_status":"closed","template":"","meta":{"wprm-recipe-roundup-name":"","wprm-recipe-roundup-description":""},"product_brand":[],"product_cat":[5757],"product_tag":[5760],"class_list":{"0":"post-105567","1":"product","2":"type-product","3":"status-publish","4":"has-post-thumbnail","6":"product_cat-difuuserid-ja-poletid","7":"product_tag-viirukihoidja","9":"first","10":"instock","11":"taxable","12":"shipping-taxable","13":"purchasable","14":"product-type-simple"},"supplier_id":105232,"supplier_sku":"","barcode":"5056368340017","atum_controlled":true,"out_stock_date":null,"out_stock_threshold":null,"inheritable":false,"inbound_stock":0,"stock_on_hold":0,"sold_today":0,"sales_last_days":0,"reserved_stock":0,"customer_returns":0,"warehouse_damage":0,"lost_in_post":0,"other_logs":0,"out_stock_days":0,"lost_sales":0,"has_location":false,"update_date":"2026-03-07T01:16:15","atum_locations":[],"atum_stock_status":"instock","restock_status":false,"low_stock_amount":"","sales_update_date":"2026-03-07T01:16:15","calc_backorders":null,"aioseo_notices":[],"_links":{"self":[{"href":"https:\/\/ecoshop.ee\/de\/wp-json\/wp\/v2\/product\/105567","targetHints":{"allow":["GET"]}}],"collection":[{"href":"https:\/\/ecoshop.ee\/de\/wp-json\/wp\/v2\/product"}],"about":[{"href":"https:\/\/ecoshop.ee\/de\/wp-json\/wp\/v2\/types\/product"}],"replies":[{"embeddable":true,"href":"https:\/\/ecoshop.ee\/de\/wp-json\/wp\/v2\/comments?post=105567"}],"version-history":[{"count":0,"href":"https:\/\/ecoshop.ee\/de\/wp-json\/wp\/v2\/product\/105567\/revisions"}],"wp:featuredmedia":[{"embeddable":true,"href":"https:\/\/ecoshop.ee\/de\/wp-json\/wp\/v2\/media\/105571"}],"wp:attachment":[{"href":"https:\/\/ecoshop.ee\/de\/wp-json\/wp\/v2\/media?parent=105567"}],"wp:term":[{"taxonomy":"product_brand","embeddable":true,"href":"https:\/\/ecoshop.ee\/de\/wp-json\/wp\/v2\/product_brand?post=105567"},{"taxonomy":"product_cat","embeddable":true,"href":"https:\/\/ecoshop.ee\/de\/wp-json\/wp\/v2\/product_cat?post=105567"},{"taxonomy":"product_tag","embeddable":true,"href":"https:\/\/ecoshop.ee\/de\/wp-json\/wp\/v2\/product_tag?post=105567"}],"curies":[{"name":"wp","href":"https:\/\/api.w.org\/{rel}","templated":true}]}}