{"id":105726,"date":"2025-04-27T22:58:22","date_gmt":"2025-04-27T19:58:22","guid":{"rendered":"https:\/\/ecoshop.ee\/?post_type=product&#038;p=105726"},"modified":"2026-03-13T01:02:56","modified_gmt":"2026-03-12T22:02:56","slug":"ichoc-bio-schokolade-mit-zimtschneckengeschmack-80-g","status":"publish","type":"product","link":"https:\/\/ecoshop.ee\/de\/sokolaadid\/ichoc-kaneelisaia-maitsega-sokolaad-mahe-80g\/","title":{"rendered":"iChoc Schokolade mit Zimtschneckengeschmack, Bio, 80 g"},"content":{"rendered":"<p>iChoc Schokolade mit Zimtschneckengeschmack vereint cremige Bio-Schokolade mit dem unwiderstehlichen Geschmack einer selbstgebackenen Zimtschnecke. Ein wahrhaft genussvolles Erlebnis f\u00fcr alle, die s\u00fc\u00df-scharfe Kombinationen lieben. Pflanzlich, palm\u00f6lfrei und aus sorgf\u00e4ltig ausgew\u00e4hlten Bio-Zutaten hergestellt \u2013 der perfekte Genuss f\u00fcr jeden Moment!<\/p>","protected":false},"excerpt":{"rendered":"<p>iChoc kaneelisaia maitsega \u0161okolaad toob kokku kreemja mahe\u0161okolaadi ja koduse kaneelirulli v\u00f5luva maitse. T\u00f5eliselt maitsek\u00fcllane elamus neile, kes armastavad magusaid ja v\u00fcrtsikaid&hellip;<\/p>","protected":false},"featured_media":105728,"comment_status":"open","ping_status":"closed","template":"","meta":{"wprm-recipe-roundup-name":"","wprm-recipe-roundup-description":""},"product_brand":[12028],"product_cat":[141,303],"product_tag":[297,142],"class_list":{"0":"post-105726","1":"product","2":"type-product","3":"status-publish","4":"has-post-thumbnail","6":"product_brand-ichoc","7":"product_cat-sokolaadid","8":"product_cat-mahetooted","9":"product_tag-mahe","10":"product_tag-sokolaad","11":"j79_wcxd_expiry_type-best-before","13":"first","14":"instock","15":"taxable","16":"shipping-taxable","17":"purchasable","18":"product-type-simple"},"supplier_id":390160,"supplier_sku":"","barcode":"4044889004878","atum_controlled":true,"out_stock_date":null,"out_stock_threshold":null,"inheritable":false,"inbound_stock":0,"stock_on_hold":0,"sold_today":0,"sales_last_days":0,"reserved_stock":0,"customer_returns":0,"warehouse_damage":0,"lost_in_post":0,"other_logs":0,"out_stock_days":0,"lost_sales":0,"has_location":false,"update_date":"2026-03-23T16:05:57","atum_locations":[],"atum_stock_status":"instock","restock_status":false,"low_stock_amount":"","sales_update_date":"2026-03-23T16:05:57","calc_backorders":null,"aioseo_notices":[],"_links":{"self":[{"href":"https:\/\/ecoshop.ee\/de\/wp-json\/wp\/v2\/product\/105726","targetHints":{"allow":["GET"]}}],"collection":[{"href":"https:\/\/ecoshop.ee\/de\/wp-json\/wp\/v2\/product"}],"about":[{"href":"https:\/\/ecoshop.ee\/de\/wp-json\/wp\/v2\/types\/product"}],"replies":[{"embeddable":true,"href":"https:\/\/ecoshop.ee\/de\/wp-json\/wp\/v2\/comments?post=105726"}],"version-history":[{"count":0,"href":"https:\/\/ecoshop.ee\/de\/wp-json\/wp\/v2\/product\/105726\/revisions"}],"wp:featuredmedia":[{"embeddable":true,"href":"https:\/\/ecoshop.ee\/de\/wp-json\/wp\/v2\/media\/105728"}],"wp:attachment":[{"href":"https:\/\/ecoshop.ee\/de\/wp-json\/wp\/v2\/media?parent=105726"}],"wp:term":[{"taxonomy":"product_brand","embeddable":true,"href":"https:\/\/ecoshop.ee\/de\/wp-json\/wp\/v2\/product_brand?post=105726"},{"taxonomy":"product_cat","embeddable":true,"href":"https:\/\/ecoshop.ee\/de\/wp-json\/wp\/v2\/product_cat?post=105726"},{"taxonomy":"product_tag","embeddable":true,"href":"https:\/\/ecoshop.ee\/de\/wp-json\/wp\/v2\/product_tag?post=105726"}],"curies":[{"name":"wp","href":"https:\/\/api.w.org\/{rel}","templated":true}]}}