{"id":105786,"date":"2025-05-01T00:34:07","date_gmt":"2025-04-30T21:34:07","guid":{"rendered":"https:\/\/ecoshop.ee\/?post_type=product&#038;p=105786"},"modified":"2025-12-25T19:02:46","modified_gmt":"2025-12-25T16:02:46","slug":"vollwertiges-pflanzliches-hundefutter-mit-linsen-und-hirse-800-g","status":"publish","type":"product","link":"https:\/\/ecoshop.ee\/de\/lemmikloomatoit\/taisvaartuslik-taimne-koeratoit-laatsed-ja-hirss-800g\/","title":{"rendered":"Vollwertiges pflanzliches Hundefutter, Linsen und Hirse, 800 g"},"content":{"rendered":"<p class=\"\" data-start=\"194\" data-end=\"829\">VEGDOG ADULT ist ein ausgewogenes, pflanzliches Hundefutter, das Ihrem Vierbeiner alles bietet, was er braucht \u2013 ganz ohne Fleisch. Die getreide- und glutenfreie Rezeptur ist besonders f\u00fcr Hunde mit empfindlicher Verdauung geeignet. Proteinreiche Linsen, Lupinen und Hirse liefern essenzielle Aminos\u00e4uren. Kartoffeln, Spinat und Chiasamen unterst\u00fctzen die Verdauung und das allgemeine Wohlbefinden. Wertvolle Algen liefern essenzielle Fetts\u00e4uren, w\u00e4hrend zugesetzte Vitamine, Hefe und Mineralstoffe den t\u00e4glichen N\u00e4hrstoffbedarf decken. Hergestellt aus Zutaten aus Deutschland und \u00d6sterreich und von Natur aus frei von k\u00fcnstlichen Farb- und Konservierungsstoffen.<\/p>\n<ul data-start=\"831\" data-end=\"1033\">\n<li class=\"\" data-start=\"831\" data-end=\"886\">\n<p class=\"\" data-start=\"833\" data-end=\"886\">Vollwertiges veganes Nassfutter f\u00fcr ausgewachsene Hunde<\/p>\n<\/li>\n<li class=\"\" data-start=\"887\" data-end=\"917\">\n<p class=\"\" data-start=\"889\" data-end=\"917\">Getreide- und glutenfrei<\/p>\n<\/li>\n<li class=\"\" data-start=\"918\" data-end=\"965\">\n<p class=\"\" data-start=\"920\" data-end=\"965\">Enth\u00e4lt Algen, Chiasamen und Lupinen<\/p>\n<\/li>\n<li class=\"\" data-start=\"966\" data-end=\"997\">\n<p class=\"\" data-start=\"968\" data-end=\"997\">Ohne k\u00fcnstliche Zusatzstoffe<\/p>\n<\/li>\n<li class=\"\" data-start=\"998\" data-end=\"1033\">\n<p class=\"\" data-start=\"1000\" data-end=\"1033\">Hergestellt in Deutschland und \u00d6sterreich<\/p>\n<\/li>\n<\/ul>\n<p>&nbsp;<\/p>\n<p class=\"\" data-start=\"89\" data-end=\"511\"><strong data-start=\"89\" data-end=\"129\">Ern\u00e4hrungsphysiologische Zusatzstoffe (pro 1 kg):<\/strong><br data-start=\"129\" data-end=\"132\" \/>Vitamin A 3450 IE; Vitamin D3 506 IE; Vitamin B12 23 \u00b5g; Calcium-D-Pantothenat 9,2 mg; L-Carnitin 414 mg; L-Threonin 610 mg; L-Tryptophan 212 mg; Taurin 437 mg; DL-Methionin 2,65 g; Eisen (Eisen(II)-glycinat-chelat-hydrat) 23 mg; Kupfer (Kupferglycinat-chelat-hydrat) 1,2 mg; Zink (Zinkoxid) 23 mg; Jod (wasserfreies Calciumiodat) 0,4 mg; Selen (Natriumselenit) 0,08 mg.<\/p>\n<p class=\"\" data-start=\"513\" data-end=\"535\"><strong data-start=\"513\" data-end=\"533\">F\u00fctterungsempfehlung:<\/strong><\/p>\n<ul data-start=\"536\" data-end=\"730\">\n<li class=\"\" data-start=\"536\" data-end=\"567\">\n<p class=\"\" data-start=\"538\" data-end=\"567\">5 kg schwerer Hund: 320\u2013365 g pro Tag<\/p>\n<\/li>\n<li class=\"\" data-start=\"568\" data-end=\"593\">\n<p class=\"\" data-start=\"570\" data-end=\"593\">10 kg schwerer Hund: 540\u2013615 g<\/p>\n<\/li>\n<li class=\"\" data-start=\"594\" data-end=\"620\">\n<p class=\"\" data-start=\"596\" data-end=\"620\">20 kg schwerer Hund: 910\u20131030 g<\/p>\n<\/li>\n<li class=\"\" data-start=\"621\" data-end=\"648\">\n<p class=\"\" data-start=\"623\" data-end=\"648\">30 kg schwerer Hund: 1230\u20131400 g<\/p>\n<\/li>\n<li class=\"\" data-start=\"649\" data-end=\"676\">\n<p class=\"\" data-start=\"651\" data-end=\"676\">40 kg schwerer Hund: 1525\u20131730 g<\/p>\n<\/li>\n<li class=\"\" data-start=\"677\" data-end=\"704\">\n<p class=\"\" data-start=\"679\" data-end=\"704\">50 kg schwerer Hund: 1800\u20132050 g<\/p>\n<\/li>\n<li class=\"\" data-start=\"705\" data-end=\"730\">\n<p class=\"\" data-start=\"707\" data-end=\"730\">60 kg Hund: 2070\u20132350 g<\/p>\n<\/li>\n<\/ul>\n<p class=\"\" data-start=\"732\" data-end=\"893\"><strong data-start=\"732\" data-end=\"743\">Notiz:<\/strong> Dies sind N\u00e4herungswerte, die je nach den individuellen Bed\u00fcrfnissen des Hundes (Aktivit\u00e4t, Rasse, Stoffwechsel, Jahreszeit usw.) angepasst werden m\u00fcssen.<\/p>","protected":false},"excerpt":{"rendered":"<p>VEGDOG ADULT on tasakaalustatud taimne koeratoit, mis pakub sinu neljajalgsele kaaslasele k\u00f5ik vajaliku \u2013 ilma lihata. Teraviljavaba ja gluteenivaba retsept sobib eriti&hellip;<\/p>","protected":false},"featured_media":105787,"comment_status":"open","ping_status":"closed","template":"","meta":{"wprm-recipe-roundup-name":"","wprm-recipe-roundup-description":""},"product_brand":[],"product_cat":[5784],"product_tag":[5785],"class_list":{"0":"post-105786","1":"product","2":"type-product","3":"status-publish","4":"has-post-thumbnail","6":"product_cat-lemmikloomatoit","7":"product_tag-koeratoit","8":"j79_wcxd_expiry_type-best-before","10":"first","11":"instock","12":"taxable","13":"shipping-taxable","14":"purchasable","15":"product-type-simple"},"supplier_id":9137,"supplier_sku":"","barcode":"4260446690043","atum_controlled":true,"out_stock_date":null,"out_stock_threshold":null,"inheritable":false,"inbound_stock":0,"stock_on_hold":0,"sold_today":0,"sales_last_days":0,"reserved_stock":0,"customer_returns":0,"warehouse_damage":0,"lost_in_post":0,"other_logs":0,"out_stock_days":0,"lost_sales":0,"has_location":false,"update_date":"2026-03-07T01:16:08","atum_locations":[],"atum_stock_status":"instock","restock_status":false,"low_stock_amount":"","sales_update_date":"2026-03-07T01:16:08","calc_backorders":null,"aioseo_notices":[],"_links":{"self":[{"href":"https:\/\/ecoshop.ee\/de\/wp-json\/wp\/v2\/product\/105786","targetHints":{"allow":["GET"]}}],"collection":[{"href":"https:\/\/ecoshop.ee\/de\/wp-json\/wp\/v2\/product"}],"about":[{"href":"https:\/\/ecoshop.ee\/de\/wp-json\/wp\/v2\/types\/product"}],"replies":[{"embeddable":true,"href":"https:\/\/ecoshop.ee\/de\/wp-json\/wp\/v2\/comments?post=105786"}],"version-history":[{"count":0,"href":"https:\/\/ecoshop.ee\/de\/wp-json\/wp\/v2\/product\/105786\/revisions"}],"wp:featuredmedia":[{"embeddable":true,"href":"https:\/\/ecoshop.ee\/de\/wp-json\/wp\/v2\/media\/105787"}],"wp:attachment":[{"href":"https:\/\/ecoshop.ee\/de\/wp-json\/wp\/v2\/media?parent=105786"}],"wp:term":[{"taxonomy":"product_brand","embeddable":true,"href":"https:\/\/ecoshop.ee\/de\/wp-json\/wp\/v2\/product_brand?post=105786"},{"taxonomy":"product_cat","embeddable":true,"href":"https:\/\/ecoshop.ee\/de\/wp-json\/wp\/v2\/product_cat?post=105786"},{"taxonomy":"product_tag","embeddable":true,"href":"https:\/\/ecoshop.ee\/de\/wp-json\/wp\/v2\/product_tag?post=105786"}],"curies":[{"name":"wp","href":"https:\/\/api.w.org\/{rel}","templated":true}]}}