{"id":105789,"date":"2025-05-01T00:45:52","date_gmt":"2025-04-30T21:45:52","guid":{"rendered":"https:\/\/ecoshop.ee\/?post_type=product&#038;p=105789"},"modified":"2025-12-25T19:02:46","modified_gmt":"2025-12-25T16:02:46","slug":"pflanzliches-alleinfuttermittel-fur-altere-hunde-mit-erbsen-und-hirse-400-g","status":"publish","type":"product","link":"https:\/\/ecoshop.ee\/de\/lemmikloomatoit\/taisvaartuslik-taimne-koeratoit-eakale-koerale-herned-ja-hirss-400g\/","title":{"rendered":"Pflanzliches Alleinfuttermittel f\u00fcr \u00e4ltere Hunde, Erbsen und Hirse, 400 g"},"content":{"rendered":"<p class=\"\" data-start=\"207\" data-end=\"547\">VEGDOG SENIOR wurde speziell f\u00fcr erwachsene Hunde ab 7 Jahren entwickelt und bietet eine ausgewogene und leicht verdauliche pflanzliche Ern\u00e4hrung, die das Wohlbefinden des Hundes im Alter unterst\u00fctzt. Die hochwertigen Proteinquellen \u2013 Erbsenprotein, Linsen und Lupinmehl \u2013 liefern das notwendige Aminos\u00e4ureprofil f\u00fcr den Erhalt der Muskelmasse.<\/p>\n<p class=\"\" data-start=\"549\" data-end=\"903\">Hirse und Karotten tragen zu einer gesunden Gelenkfunktion bei, w\u00e4hrend Chiasamen, Algen und Sonnenblumen\u00f6l wichtige Omega-3- und Omega-6-Fetts\u00e4uren liefern. Unser speziell entwickeltes Mineralpulver erg\u00e4nzt die Ern\u00e4hrung um essenzielle N\u00e4hrstoffe wie Vitamin B12, Taurin und Carnitin, die die Herzfunktion und das allgemeine Wohlbefinden \u00e4lterer Hunde unterst\u00fctzen.<\/p>\n<p class=\"\" data-start=\"905\" data-end=\"1075\">Das Futter eignet sich besonders f\u00fcr Hunde mit empfindlicher Verdauung und f\u00fcr Ausschlussdi\u00e4ten. Das Kalzium-Phosphor-Verh\u00e4ltnis ist auf die Bed\u00fcrfnisse \u00e4lterer Tiere abgestimmt.<\/p>\n<ul data-start=\"1077\" data-end=\"1345\">\n<li class=\"\" data-start=\"1077\" data-end=\"1137\">\n<p class=\"\" data-start=\"1079\" data-end=\"1137\">Vollwertiges pflanzliches Futter f\u00fcr Hunde ab 7 Jahren<\/p>\n<\/li>\n<li class=\"\" data-start=\"1138\" data-end=\"1182\">\n<p class=\"\" data-start=\"1140\" data-end=\"1182\">Frei von Gluten und tierischen Zutaten<\/p>\n<\/li>\n<li class=\"\" data-start=\"1183\" data-end=\"1232\">\n<p class=\"\" data-start=\"1185\" data-end=\"1232\">Unterst\u00fctzt die Verdauung, die Herzgesundheit und die Gelenke.<\/p>\n<\/li>\n<li class=\"\" data-start=\"1233\" data-end=\"1259\">\n<p class=\"\" data-start=\"1235\" data-end=\"1259\">Auch f\u00fcr Allergiker geeignet<\/p>\n<\/li>\n<li class=\"\" data-start=\"1260\" data-end=\"1300\">\n<p class=\"\" data-start=\"1262\" data-end=\"1300\">Entwickelt in Zusammenarbeit mit Tier\u00e4rzten<\/p>\n<\/li>\n<li class=\"\" data-start=\"1301\" data-end=\"1345\">\n<p class=\"\" data-start=\"1303\" data-end=\"1345\">Ohne k\u00fcnstliche Duft- und Farbstoffe<\/p>\n<\/li>\n<\/ul>\n<p class=\"\" data-start=\"1347\" data-end=\"1448\">\u2757 <strong data-start=\"1349\" data-end=\"1397\">Nicht geeignet f\u00fcr Welpen oder s\u00e4ugende H\u00fcndinnen<\/strong>, da ihr N\u00e4hrstoff- und Energiebedarf h\u00f6her ist.<\/p>\n<p class=\"\" data-start=\"82\" data-end=\"505\"><strong data-start=\"82\" data-end=\"122\">Ern\u00e4hrungsphysiologische Zusatzstoffe (pro 1 kg):<\/strong><br data-start=\"122\" data-end=\"125\" \/>Vitamin A 3450 IE, Vitamin D3 506 IE, Vitamin B12 23 \u00b5g, Calcium-D-Pantothenat 9,2 mg, L-Carnitin 414 mg, L-Threonin 610 mg, L-Tryptophan 212 mg, Taurin 437 mg, DL-Methionin 2,65 g, Eisen (Eisen(II)-glycinat-chelat-hydrat) 23 mg, Kupfer (Kupfer-glycinat-chelat-hydrat) 1,2 mg, Zink (Zinkoxid) 23 mg, Jod (wasserfreies Calciumiodat) 0,4 mg, Selen (Natriumselenit) 0,08 mg.<\/p>\n<p class=\"\" data-start=\"507\" data-end=\"529\"><strong data-start=\"507\" data-end=\"527\">F\u00fctterungsempfehlung:<\/strong><\/p>\n<ul data-start=\"530\" data-end=\"726\">\n<li class=\"\" data-start=\"530\" data-end=\"561\">\n<p class=\"\" data-start=\"532\" data-end=\"561\">5 kg schwerer Hund: 320\u2013365 g pro Tag<\/p>\n<\/li>\n<li class=\"\" data-start=\"562\" data-end=\"587\">\n<p class=\"\" data-start=\"564\" data-end=\"587\">10 kg schwerer Hund: 540\u2013615 g<\/p>\n<\/li>\n<li class=\"\" data-start=\"588\" data-end=\"614\">\n<p class=\"\" data-start=\"590\" data-end=\"614\">20 kg schwerer Hund: 910\u20131030 g<\/p>\n<\/li>\n<li class=\"\" data-start=\"615\" data-end=\"642\">\n<p class=\"\" data-start=\"617\" data-end=\"642\">30 kg schwerer Hund: 1230\u20131400 g<\/p>\n<\/li>\n<li class=\"\" data-start=\"643\" data-end=\"670\">\n<p class=\"\" data-start=\"645\" data-end=\"670\">40 kg schwerer Hund: 1525\u20131730 g<\/p>\n<\/li>\n<li class=\"\" data-start=\"671\" data-end=\"698\">\n<p class=\"\" data-start=\"673\" data-end=\"698\">50 kg schwerer Hund: 1800\u20132050 g<\/p>\n<\/li>\n<li class=\"\" data-start=\"699\" data-end=\"726\">\n<p class=\"\" data-start=\"701\" data-end=\"726\">60 kg Hund: 2070\u20132350 g<\/p>\n<\/li>\n<\/ul>\n<p class=\"\" data-start=\"728\" data-end=\"894\"><strong data-start=\"728\" data-end=\"739\">Notiz:<\/strong> Dies sind N\u00e4herungswerte, die je nach den individuellen Lebensbedingungen des Hundes (Aktivit\u00e4t, Rasse, Stoffwechsel, Jahreszeit usw.) angepasst werden m\u00fcssen.<\/p>","protected":false},"excerpt":{"rendered":"<p>VEGDOG SENIOR on spetsiaalselt v\u00e4lja t\u00f6\u00f6tatud t\u00e4iskasvanud koertele alates 7. eluaastast, pakkudes tasakaalustatud ja kergesti seeditavat taimset toitumist, mis toetab koera heaolu&hellip;<\/p>","protected":false},"featured_media":105790,"comment_status":"open","ping_status":"closed","template":"","meta":{"wprm-recipe-roundup-name":"","wprm-recipe-roundup-description":""},"product_brand":[],"product_cat":[5784],"product_tag":[5785],"class_list":{"0":"post-105789","1":"product","2":"type-product","3":"status-publish","4":"has-post-thumbnail","6":"product_cat-lemmikloomatoit","7":"product_tag-koeratoit","8":"j79_wcxd_expiry_type-best-before","10":"first","11":"instock","12":"taxable","13":"shipping-taxable","14":"purchasable","15":"product-type-simple"},"supplier_id":9137,"supplier_sku":"","barcode":"4260446690029","atum_controlled":true,"out_stock_date":null,"out_stock_threshold":null,"inheritable":false,"inbound_stock":0,"stock_on_hold":0,"sold_today":0,"sales_last_days":0,"reserved_stock":0,"customer_returns":0,"warehouse_damage":0,"lost_in_post":0,"other_logs":0,"out_stock_days":0,"lost_sales":0,"has_location":false,"update_date":"2026-03-07T01:16:08","atum_locations":[],"atum_stock_status":"instock","restock_status":false,"low_stock_amount":"","sales_update_date":"2026-03-07T01:16:08","calc_backorders":null,"aioseo_notices":[],"_links":{"self":[{"href":"https:\/\/ecoshop.ee\/de\/wp-json\/wp\/v2\/product\/105789","targetHints":{"allow":["GET"]}}],"collection":[{"href":"https:\/\/ecoshop.ee\/de\/wp-json\/wp\/v2\/product"}],"about":[{"href":"https:\/\/ecoshop.ee\/de\/wp-json\/wp\/v2\/types\/product"}],"replies":[{"embeddable":true,"href":"https:\/\/ecoshop.ee\/de\/wp-json\/wp\/v2\/comments?post=105789"}],"version-history":[{"count":0,"href":"https:\/\/ecoshop.ee\/de\/wp-json\/wp\/v2\/product\/105789\/revisions"}],"wp:featuredmedia":[{"embeddable":true,"href":"https:\/\/ecoshop.ee\/de\/wp-json\/wp\/v2\/media\/105790"}],"wp:attachment":[{"href":"https:\/\/ecoshop.ee\/de\/wp-json\/wp\/v2\/media?parent=105789"}],"wp:term":[{"taxonomy":"product_brand","embeddable":true,"href":"https:\/\/ecoshop.ee\/de\/wp-json\/wp\/v2\/product_brand?post=105789"},{"taxonomy":"product_cat","embeddable":true,"href":"https:\/\/ecoshop.ee\/de\/wp-json\/wp\/v2\/product_cat?post=105789"},{"taxonomy":"product_tag","embeddable":true,"href":"https:\/\/ecoshop.ee\/de\/wp-json\/wp\/v2\/product_tag?post=105789"}],"curies":[{"name":"wp","href":"https:\/\/api.w.org\/{rel}","templated":true}]}}