{"id":105792,"date":"2025-05-01T00:58:53","date_gmt":"2025-04-30T21:58:53","guid":{"rendered":"https:\/\/ecoshop.ee\/?post_type=product&#038;p=105792"},"modified":"2025-12-25T19:02:46","modified_gmt":"2025-12-25T16:02:46","slug":"veganes-trockenfutter-fur-ausgewachsene-hunde-bohnen-und-tomaten-400-g","status":"publish","type":"product","link":"https:\/\/ecoshop.ee\/de\/lemmikloomatoit\/vegan-margtoit-taiskasvanud-koerale-oad-ja-tomatid-400g\/","title":{"rendered":"Veganes Nassfutter f\u00fcr ausgewachsene Hunde, Bohnen und Tomaten, 400 g"},"content":{"rendered":"<p class=\"\" data-start=\"165\" data-end=\"471\">Ami ist ein pflanzenbasiertes, saftiges Nassfutter f\u00fcr ausgewachsene Hunde aller Gr\u00f6\u00dfen. Seine ausgewogene, pflanzliche Zusammensetzung bietet eine angenehme Abwechslung zu herk\u00f6mmlichem fleischhaltigem Hundefutter. Das Futter ist vegan (100%) und enth\u00e4lt viel Gem\u00fcse \u2013 in dieser Variante sind rote Bohnen und Tomaten die Hauptzutaten.<\/p>\n<p class=\"\" data-start=\"473\" data-end=\"686\">Ami Nassfutter ist die ideale Wahl f\u00fcr alle, die ihrem Haustier eine pflanzliche Ern\u00e4hrung anbieten m\u00f6chten \u2013 ob dauerhaft oder zur Abwechslung. Es eignet sich besonders f\u00fcr Hunde, die eine saftige Konsistenz bevorzugen und Gem\u00fcse lieben.<\/p>\n<ul data-start=\"688\" data-end=\"897\">\n<li class=\"\" data-start=\"688\" data-end=\"728\">\n<p class=\"\" data-start=\"690\" data-end=\"728\">Veganes Nassfutter f\u00fcr ausgewachsene Hunde<\/p>\n<\/li>\n<li class=\"\" data-start=\"729\" data-end=\"775\">\n<p class=\"\" data-start=\"731\" data-end=\"775\">Enth\u00e4lt Gem\u00fcse und Kr\u00e4uterzutaten<\/p>\n<\/li>\n<li class=\"\" data-start=\"776\" data-end=\"811\">\n<p class=\"\" data-start=\"778\" data-end=\"811\">Fleischlos, saftig und k\u00f6stlich<\/p>\n<\/li>\n<li class=\"\" data-start=\"812\" data-end=\"862\">\n<p class=\"\" data-start=\"814\" data-end=\"862\">Geeignet f\u00fcr den t\u00e4glichen Gebrauch oder als Abwechslung zu regul\u00e4rer Nahrung<\/p>\n<\/li>\n<li class=\"\" data-start=\"863\" data-end=\"897\">\n<p class=\"\" data-start=\"865\" data-end=\"897\">Erh\u00e4ltlich in verschiedenen Geschmacksrichtungen<\/p>\n<\/li>\n<\/ul>\n<p>&nbsp;<\/p>\n<p class=\"\" data-start=\"82\" data-end=\"337\"><strong data-start=\"82\" data-end=\"122\">Ern\u00e4hrungsphysiologische Zusatzstoffe (pro 1 kg):<\/strong><br data-start=\"122\" data-end=\"125\" \/>Vitamin A 3214 IE, Vitamin D3 242 IE, Zink (Zinksulfat, Mono-Hydrat) 35,7 mg, Mangan (Mangansulfat, Mono-Hydrat) 2 mg, Kupfer (Kupfer(II)-sulfat, Pentahydrat) 1,43 mg, Jod (Calciumiodat, wasserfrei) 1,07 mg.<\/p>\n<p class=\"\" data-start=\"339\" data-end=\"544\"><strong data-start=\"339\" data-end=\"359\">F\u00fctterungsempfehlung:<\/strong><br data-start=\"359\" data-end=\"362\" \/>Befolgen Sie die Empfehlungen auf der Dose.<br data-start=\"399\" data-end=\"402\" \/>(Die angegebenen Werte sind Richtwerte und sollten an die individuellen Bed\u00fcrfnisse des Hundes, wie z. B. Aktivit\u00e4tsniveau, Rasse, Stoffwechsel, Jahreszeit usw., angepasst werden.)<\/p>","protected":false},"excerpt":{"rendered":"<p>Ami on taimne ja mahlane m\u00e4rgtoit t\u00e4iskasvanud koertele igas suuruses. Selle tasakaalustatud k\u00f6\u00f6giviljap\u00f5hine koostis pakub meeldivat vaheldust tavap\u00e4rasele lihap\u00f5hisele koeratoidule. Toit on&hellip;<\/p>","protected":false},"featured_media":105793,"comment_status":"open","ping_status":"closed","template":"","meta":{"wprm-recipe-roundup-name":"","wprm-recipe-roundup-description":""},"product_brand":[],"product_cat":[5784],"product_tag":[5785],"class_list":{"0":"post-105792","1":"product","2":"type-product","3":"status-publish","4":"has-post-thumbnail","6":"product_cat-lemmikloomatoit","7":"product_tag-koeratoit","8":"j79_wcxd_expiry_type-best-before","10":"first","11":"instock","12":"taxable","13":"shipping-taxable","14":"purchasable","15":"product-type-simple"},"supplier_id":9137,"supplier_sku":"","barcode":"8032573040710","atum_controlled":true,"out_stock_date":null,"out_stock_threshold":null,"inheritable":false,"inbound_stock":0,"stock_on_hold":0,"sold_today":0,"sales_last_days":0,"reserved_stock":0,"customer_returns":0,"warehouse_damage":0,"lost_in_post":0,"other_logs":0,"out_stock_days":0,"lost_sales":0,"has_location":false,"update_date":"2026-03-07T01:16:08","atum_locations":[],"atum_stock_status":"instock","restock_status":false,"low_stock_amount":"","sales_update_date":"2026-03-07T01:16:08","calc_backorders":null,"aioseo_notices":[],"_links":{"self":[{"href":"https:\/\/ecoshop.ee\/de\/wp-json\/wp\/v2\/product\/105792","targetHints":{"allow":["GET"]}}],"collection":[{"href":"https:\/\/ecoshop.ee\/de\/wp-json\/wp\/v2\/product"}],"about":[{"href":"https:\/\/ecoshop.ee\/de\/wp-json\/wp\/v2\/types\/product"}],"replies":[{"embeddable":true,"href":"https:\/\/ecoshop.ee\/de\/wp-json\/wp\/v2\/comments?post=105792"}],"version-history":[{"count":0,"href":"https:\/\/ecoshop.ee\/de\/wp-json\/wp\/v2\/product\/105792\/revisions"}],"wp:featuredmedia":[{"embeddable":true,"href":"https:\/\/ecoshop.ee\/de\/wp-json\/wp\/v2\/media\/105793"}],"wp:attachment":[{"href":"https:\/\/ecoshop.ee\/de\/wp-json\/wp\/v2\/media?parent=105792"}],"wp:term":[{"taxonomy":"product_brand","embeddable":true,"href":"https:\/\/ecoshop.ee\/de\/wp-json\/wp\/v2\/product_brand?post=105792"},{"taxonomy":"product_cat","embeddable":true,"href":"https:\/\/ecoshop.ee\/de\/wp-json\/wp\/v2\/product_cat?post=105792"},{"taxonomy":"product_tag","embeddable":true,"href":"https:\/\/ecoshop.ee\/de\/wp-json\/wp\/v2\/product_tag?post=105792"}],"curies":[{"name":"wp","href":"https:\/\/api.w.org\/{rel}","templated":true}]}}