{"id":105798,"date":"2025-05-01T01:19:46","date_gmt":"2025-04-30T22:19:46","guid":{"rendered":"https:\/\/ecoshop.ee\/?post_type=product&#038;p=105798"},"modified":"2025-12-25T19:02:47","modified_gmt":"2025-12-25T16:02:47","slug":"veganes-trockenfutter-fur-ausgewachsene-hunde-mit-karotten-und-kartoffeln-400-g","status":"publish","type":"product","link":"https:\/\/ecoshop.ee\/de\/lemmikloomatoit\/vegan-margtoit-taiskasvanud-koerale-porgand-ja-kartul-400g\/","title":{"rendered":"Veganes Nassfutter f\u00fcr ausgewachsene Hunde, Karotte und Kartoffel, 400 g"},"content":{"rendered":"<p class=\"\" data-start=\"209\" data-end=\"472\">Ami ist ein pflanzliches Nassfutter, das erwachsenen Hunden eine schmackhafte und ausgewogene Alternative zu herk\u00f6mmlichem Futter bietet. Bei dieser Variante wird der Geschmack durch Karotten und Kartoffeln \u2013 einfache, aber nahrhafte Gem\u00fcsesorten, die auch f\u00fcr Tiere mit empfindlicher Verdauung geeignet sind \u2013 besonders hervorgehoben.<\/p>\n<p class=\"\" data-start=\"474\" data-end=\"789\">Das Futter ist fleischfrei (100%) und eignet sich f\u00fcr die t\u00e4gliche Mahlzeit oder als vegetarische Alternative. Die Ami V-LOVE Serie wurde f\u00fcr Hundehalter entwickelt, die ihrem Vierbeiner eine ges\u00fcndere und abwechslungsreichere Ern\u00e4hrung bieten m\u00f6chten. Die weiche und saftige Konsistenz des Nassfutters ist auch ideal f\u00fcr \u00e4ltere oder w\u00e4hlerische Hunde.<\/p>\n<ul data-start=\"791\" data-end=\"1019\">\n<li class=\"\" data-start=\"791\" data-end=\"846\">\n<p class=\"\" data-start=\"793\" data-end=\"846\">Vollwertiges veganes Nassfutter f\u00fcr ausgewachsene Hunde<\/p>\n<\/li>\n<li class=\"\" data-start=\"847\" data-end=\"892\">\n<p class=\"\" data-start=\"849\" data-end=\"892\">Geschmackliche Kombination mit Karotten und Kartoffeln<\/p>\n<\/li>\n<li class=\"\" data-start=\"893\" data-end=\"948\">\n<p class=\"\" data-start=\"895\" data-end=\"948\">Geeignet f\u00fcr die t\u00e4gliche F\u00fctterung oder als Snack<\/p>\n<\/li>\n<li class=\"\" data-start=\"949\" data-end=\"974\">\n<p class=\"\" data-start=\"951\" data-end=\"974\">100% pflanzlich, fleischfrei<\/p>\n<\/li>\n<li class=\"\" data-start=\"975\" data-end=\"1019\">\n<p class=\"\" data-start=\"977\" data-end=\"1019\">Erh\u00e4ltlich in verschiedenen Gem\u00fcsegeschmacksrichtungen<\/p>\n<\/li>\n<\/ul>\n<p>&nbsp;<\/p>\n<p class=\"\" data-start=\"110\" data-end=\"365\"><strong data-start=\"110\" data-end=\"150\">Ern\u00e4hrungsphysiologische Zusatzstoffe (pro 1 kg):<\/strong><br data-start=\"150\" data-end=\"153\" \/>Vitamin A 3214 IE, Vitamin D3 242 IE, Zink (Zinksulfat, Mono-Hydrat) 35,7 mg, Mangan (Mangansulfat, Mono-Hydrat) 2 mg, Kupfer (Kupfer(II)-sulfat, Pentahydrat) 1,43 mg, Jod (Calciumiodat, wasserfrei) 1,07 mg.<\/p>\n<p class=\"\" data-start=\"367\" data-end=\"568\"><strong data-start=\"367\" data-end=\"387\">F\u00fctterungsempfehlung:<\/strong><br data-start=\"387\" data-end=\"390\" \/>Befolgen Sie die auf dem Produkt angegebenen Anweisungen.<br data-start=\"423\" data-end=\"426\" \/>(Die Werte used sind N\u00e4herungswerte und sollten an die individuellen Bed\u00fcrfnisse des Hundes, wie z. B. Aktivit\u00e4t, Rasse, Stoffwechsel, Jahreszeit usw., angepasst werden.)<\/p>","protected":false},"excerpt":{"rendered":"<p>Ami on taimne m\u00e4rgtoit, mis pakub t\u00e4iskasvanud koertele m\u00f5nusat ja tasakaalustatud vaheldust tavatoidule. Selles variandis r\u00f5hutavad maitset porgand ja kartul \u2013 lihtsad,&hellip;<\/p>","protected":false},"featured_media":105799,"comment_status":"open","ping_status":"closed","template":"","meta":{"wprm-recipe-roundup-name":"","wprm-recipe-roundup-description":""},"product_brand":[],"product_cat":[5784],"product_tag":[5785],"class_list":{"0":"post-105798","1":"product","2":"type-product","3":"status-publish","4":"has-post-thumbnail","6":"product_cat-lemmikloomatoit","7":"product_tag-koeratoit","8":"j79_wcxd_expiry_type-best-before","10":"first","11":"instock","12":"taxable","13":"shipping-taxable","14":"purchasable","15":"product-type-simple"},"supplier_id":9137,"supplier_sku":"","barcode":"8032573040475","atum_controlled":true,"out_stock_date":null,"out_stock_threshold":null,"inheritable":false,"inbound_stock":0,"stock_on_hold":0,"sold_today":0,"sales_last_days":0,"reserved_stock":0,"customer_returns":0,"warehouse_damage":0,"lost_in_post":0,"other_logs":0,"out_stock_days":0,"lost_sales":0,"has_location":false,"update_date":"2026-03-07T01:16:08","atum_locations":[],"atum_stock_status":"instock","restock_status":false,"low_stock_amount":"","sales_update_date":"2026-03-07T01:16:08","calc_backorders":null,"aioseo_notices":[],"_links":{"self":[{"href":"https:\/\/ecoshop.ee\/de\/wp-json\/wp\/v2\/product\/105798","targetHints":{"allow":["GET"]}}],"collection":[{"href":"https:\/\/ecoshop.ee\/de\/wp-json\/wp\/v2\/product"}],"about":[{"href":"https:\/\/ecoshop.ee\/de\/wp-json\/wp\/v2\/types\/product"}],"replies":[{"embeddable":true,"href":"https:\/\/ecoshop.ee\/de\/wp-json\/wp\/v2\/comments?post=105798"}],"version-history":[{"count":0,"href":"https:\/\/ecoshop.ee\/de\/wp-json\/wp\/v2\/product\/105798\/revisions"}],"wp:featuredmedia":[{"embeddable":true,"href":"https:\/\/ecoshop.ee\/de\/wp-json\/wp\/v2\/media\/105799"}],"wp:attachment":[{"href":"https:\/\/ecoshop.ee\/de\/wp-json\/wp\/v2\/media?parent=105798"}],"wp:term":[{"taxonomy":"product_brand","embeddable":true,"href":"https:\/\/ecoshop.ee\/de\/wp-json\/wp\/v2\/product_brand?post=105798"},{"taxonomy":"product_cat","embeddable":true,"href":"https:\/\/ecoshop.ee\/de\/wp-json\/wp\/v2\/product_cat?post=105798"},{"taxonomy":"product_tag","embeddable":true,"href":"https:\/\/ecoshop.ee\/de\/wp-json\/wp\/v2\/product_tag?post=105798"}],"curies":[{"name":"wp","href":"https:\/\/api.w.org\/{rel}","templated":true}]}}