{"id":106029,"date":"2025-05-22T22:53:01","date_gmt":"2025-05-22T19:53:01","guid":{"rendered":"https:\/\/ecoshop.ee\/?post_type=product&#038;p=106029"},"modified":"2025-12-25T17:33:28","modified_gmt":"2025-12-25T14:33:28","slug":"lions-mane-lovilakk-nahrungserganzungsmittel-2000mg-n60","status":"publish","type":"product","link":"https:\/\/ecoshop.ee\/de\/vegan-toidulisandid\/lions-mane-lovilakk-toidulisand-2000mg-n60\/","title":{"rendered":"Nahrungserg\u00e4nzungsmittel Lion&#039;s Mane 2000mg, N60"},"content":{"rendered":"<p data-start=\"0\" data-end=\"78\"><strong data-start=\"0\" data-end=\"78\">Veganes Nahrungserg\u00e4nzungsmittel mit L\u00f6wenm\u00e4hne \u2013 f\u00fcr geistige Klarheit, Konzentration und nat\u00fcrliche Energie<\/strong><\/p>\n<p data-start=\"80\" data-end=\"353\">Wirksame t\u00e4gliche Unterst\u00fctzung f\u00fcr geistige Klarheit und Energie. Dieser hochwirksame Komplex aus dem L\u00f6wenm\u00e4hnenpilz (Hericium erinaceus) kombiniert einen Vollspektrum-Extrakt aus dem Fruchtk\u00f6rper des Pilzes mit B-Vitaminen (B1, B2, B5, B6) und Schwarzer-Pfeffer-Extrakt f\u00fcr eine verbesserte Aufnahme.<\/p>\n<p data-start=\"355\" data-end=\"535\">Das Nahrungserg\u00e4nzungsmittel ist so konzipiert, dass es die normale psychische Funktion, die Gesundheit des Nervensystems und den Energiestoffwechsel unterst\u00fctzt \u2013 besonders n\u00fctzlich bei geistiger Arbeit, beim Studium oder in stressigen Lebensphasen.<\/p>\n<p data-start=\"355\" data-end=\"535\">\n<p data-start=\"537\" data-end=\"555\"><strong data-start=\"537\" data-end=\"555\">Produktvorteile:<\/strong><\/p>\n<ul data-start=\"556\" data-end=\"931\">\n<li data-start=\"556\" data-end=\"646\">\n<p data-start=\"558\" data-end=\"646\"><strong data-start=\"558\" data-end=\"594\">L\u00f6wenm\u00e4hne Vollspektrum-Extrakt<\/strong> \u2013 unterst\u00fctzt die Gehirnfunktion, das Ged\u00e4chtnis und die Konzentration<\/p>\n<\/li>\n<li data-start=\"647\" data-end=\"746\">\n<p data-start=\"649\" data-end=\"746\"><strong data-start=\"649\" data-end=\"665\">B-Vitamine<\/strong> \u2013 helfen, M\u00fcdigkeit zu reduzieren, das Nervensystem und die geistige Leistungsf\u00e4higkeit zu unterst\u00fctzen<\/p>\n<\/li>\n<li data-start=\"747\" data-end=\"842\">\n<p data-start=\"749\" data-end=\"842\"><strong data-start=\"749\" data-end=\"784\">Schwarzer Pfefferextrakt (Piperin)<\/strong> \u2013 verbessert die N\u00e4hrstoffaufnahme und erh\u00f6ht die Bioverf\u00fcgbarkeit<\/p>\n<\/li>\n<li data-start=\"843\" data-end=\"931\">\n<p data-start=\"845\" data-end=\"931\"><strong data-start=\"845\" data-end=\"863\">Kr\u00e4uterzusammensetzung<\/strong> \u2013 geeignet f\u00fcr Veganer und alle, die nat\u00fcrliche L\u00f6sungen bevorzugen<\/p>\n<\/li>\n<\/ul>\n<p data-start=\"933\" data-end=\"1328\"><strong data-start=\"933\" data-end=\"961\">Warum L\u00f6wenm\u00e4hne w\u00e4hlen?<\/strong><br data-start=\"961\" data-end=\"964\" \/>Der L\u00f6wenm\u00e4hnenpilz wird seit Langem in der traditionellen Medizin verwendet und ist auch heute noch als Unterst\u00fctzer der kognitiven F\u00e4higkeiten und des allgemeinen Wohlbefindens gesch\u00e4tzt. Unser Nahrungserg\u00e4nzungsmittel enth\u00e4lt ausschlie\u00dflich einen Extrakt aus dem Fruchtk\u00f6rper, der die bioaktiven Verbindungen des Pilzes in einem m\u00f6glichst nat\u00fcrlichen Verh\u00e4ltnis bewahrt. Das Ergebnis ist ein hochwertiges, wirksames und gut resorbierbares Produkt.<\/p>\n<p data-start=\"933\" data-end=\"1328\">\n<p data-start=\"1330\" data-end=\"1352\"><strong data-start=\"1330\" data-end=\"1352\">Besonders geeignet f\u00fcr:<\/strong><\/p>\n<ul data-start=\"1353\" data-end=\"1514\">\n<li data-start=\"1353\" data-end=\"1411\">\n<p data-start=\"1355\" data-end=\"1411\">f\u00fcr Menschen, die in einem geistig anspruchsvollen Umfeld arbeiten<\/p>\n<\/li>\n<li data-start=\"1412\" data-end=\"1443\">\n<p data-start=\"1414\" data-end=\"1443\">f\u00fcr Sch\u00fcler und Lernende<\/p>\n<\/li>\n<li data-start=\"1444\" data-end=\"1514\">\n<p data-start=\"1446\" data-end=\"1514\">F\u00fcr alle, die M\u00fcdigkeit reduzieren und ihre Konzentration verbessern m\u00f6chten.<\/p>\n<\/li>\n<\/ul>","protected":false},"excerpt":{"rendered":"<p>Lion\u2019s Mane vegan toidulisand \u2013 vaimne selgus, fookus ja looduslik energia T\u00f5hus igap\u00e4evane tugi vaimse selguse ja energiataseme s\u00e4ilitamiseks. See k\u00f5rge tugevusega&hellip;<\/p>","protected":false},"featured_media":106031,"comment_status":"open","ping_status":"closed","template":"","meta":{"wprm-recipe-roundup-name":"","wprm-recipe-roundup-description":""},"product_brand":[12063],"product_cat":[318],"product_tag":[5830,320],"class_list":{"0":"post-106029","1":"product","2":"type-product","3":"status-publish","4":"has-post-thumbnail","6":"product_brand-vegetology","7":"product_cat-vegan-toidulisandid","8":"product_tag-lovilakk","9":"product_tag-toidulisand","10":"j79_wcxd_expiry_type-best-before","12":"first","13":"instock","14":"taxable","15":"shipping-taxable","16":"purchasable","17":"product-type-simple"},"supplier_id":9147,"supplier_sku":"","barcode":"5060351380799","atum_controlled":true,"out_stock_date":null,"out_stock_threshold":null,"inheritable":false,"inbound_stock":0,"stock_on_hold":0,"sold_today":0,"sales_last_days":0,"reserved_stock":0,"customer_returns":0,"warehouse_damage":0,"lost_in_post":0,"other_logs":0,"out_stock_days":0,"lost_sales":0,"has_location":false,"update_date":"2026-04-10T14:29:59","atum_locations":[],"atum_stock_status":"instock","restock_status":false,"low_stock_amount":"","sales_update_date":"2026-04-10T14:29:59","calc_backorders":null,"aioseo_notices":[],"_links":{"self":[{"href":"https:\/\/ecoshop.ee\/de\/wp-json\/wp\/v2\/product\/106029","targetHints":{"allow":["GET"]}}],"collection":[{"href":"https:\/\/ecoshop.ee\/de\/wp-json\/wp\/v2\/product"}],"about":[{"href":"https:\/\/ecoshop.ee\/de\/wp-json\/wp\/v2\/types\/product"}],"replies":[{"embeddable":true,"href":"https:\/\/ecoshop.ee\/de\/wp-json\/wp\/v2\/comments?post=106029"}],"version-history":[{"count":0,"href":"https:\/\/ecoshop.ee\/de\/wp-json\/wp\/v2\/product\/106029\/revisions"}],"wp:featuredmedia":[{"embeddable":true,"href":"https:\/\/ecoshop.ee\/de\/wp-json\/wp\/v2\/media\/106031"}],"wp:attachment":[{"href":"https:\/\/ecoshop.ee\/de\/wp-json\/wp\/v2\/media?parent=106029"}],"wp:term":[{"taxonomy":"product_brand","embeddable":true,"href":"https:\/\/ecoshop.ee\/de\/wp-json\/wp\/v2\/product_brand?post=106029"},{"taxonomy":"product_cat","embeddable":true,"href":"https:\/\/ecoshop.ee\/de\/wp-json\/wp\/v2\/product_cat?post=106029"},{"taxonomy":"product_tag","embeddable":true,"href":"https:\/\/ecoshop.ee\/de\/wp-json\/wp\/v2\/product_tag?post=106029"}],"curies":[{"name":"wp","href":"https:\/\/api.w.org\/{rel}","templated":true}]}}