{"id":106040,"date":"2025-05-22T23:46:02","date_gmt":"2025-05-22T20:46:02","guid":{"rendered":"https:\/\/ecoshop.ee\/?post_type=product&#038;p=106040"},"modified":"2026-05-08T22:19:52","modified_gmt":"2026-05-08T19:19:52","slug":"bettr-proteinballchen-mit-kakaofullung-bio-45-g","status":"publish","type":"product","link":"https:\/\/ecoshop.ee\/de\/proteiinibatoonid\/bettr-proteiinipallid-kakaotaidisega-mahe-45g\/","title":{"rendered":"Bett&#039;r Proteinb\u00e4llchen mit Kakaof\u00fcllung, Bio, 45 g"},"content":{"rendered":"<p data-start=\"58\" data-end=\"204\">Tanken Sie nat\u00fcrliche Energie! Die neuen Bio-Proteinb\u00e4llchen von Bett&#039;r mit Kakaof\u00fcllung sind ein k\u00f6stlicher und bewusster Start in den Tag.<\/p>\n<p data-start=\"206\" data-end=\"510\">Diese kleinen Energiebomben enthalten:<br data-start=\"245\" data-end=\"248\" \/><strong data-start=\"250\" data-end=\"261\">Termine<\/strong> \u2013 eine nat\u00fcrliche Energie- und Faserquelle<br data-start=\"301\" data-end=\"304\" \/><b>Erdn\u00fcsse<\/b>\u00a0\u2013 voller gesunder Fette und pflanzlicher Proteine<br data-start=\"361\" data-end=\"364\" \/><strong data-start=\"366\" data-end=\"394\">Reis- und Erbsenprotein<\/strong> \u2013 Hochwertige Unterst\u00fctzung f\u00fcr Muskeln und Regeneration<br data-start=\"439\" data-end=\"442\" \/><strong data-start=\"444\" data-end=\"460\">Kakaopulver<\/strong> \u2013 reichhaltiger Geschmack und nat\u00fcrliche Antioxidantien<\/p>\n<ul>\n<li data-start=\"512\" data-end=\"607\">Bio<\/li>\n<li data-start=\"512\" data-end=\"607\">Vegan<\/li>\n<li data-start=\"512\" data-end=\"607\">Glutenfrei<\/li>\n<li data-start=\"512\" data-end=\"607\">Ohne raffinierten Zucker und k\u00fcnstliche Zusatzstoffe<\/li>\n<\/ul>\n<p data-start=\"609\" data-end=\"736\" data-is-last-node=\"\" data-is-only-node=\"\">Perfekt als Snack vor oder nach dem Training, f\u00fcr den schnellen Imbiss im B\u00fcro oder als Start in den Tag. Genie\u00dfe einen Ball f\u00fcr dich und teile den anderen!<\/p>","protected":false},"excerpt":{"rendered":"<p>Lae end loodusliku energiaga! Bett\u2019r uued mahep\u00f5llumajandusest p\u00e4rit proteiinipallid kakaot\u00e4idisega on maitsev ja teadlik viis p\u00e4eva k\u00e4ima l\u00fckata. Need v\u00e4ikesed energiapommid sisaldavad:Datleid&hellip;<\/p>","protected":false},"featured_media":106041,"comment_status":"open","ping_status":"closed","template":"","meta":{"wprm-recipe-roundup-name":"","wprm-recipe-roundup-description":""},"product_brand":[11995],"product_cat":[144,160,302],"product_tag":[],"class_list":{"0":"post-106040","1":"product","2":"type-product","3":"status-publish","4":"has-post-thumbnail","6":"product_brand-bettr","7":"product_cat-proteiinibatoonid","8":"product_cat-kommid","9":"product_cat-gluteenivaba","10":"j79_wcxd_expiry_type-expiry-date","12":"first","13":"instock","14":"taxable","15":"shipping-taxable","16":"purchasable","17":"product-type-simple"},"supplier_id":9165,"supplier_sku":"","barcode":"3800233782776","atum_controlled":true,"out_stock_date":null,"out_stock_threshold":null,"inheritable":false,"inbound_stock":0,"stock_on_hold":0,"sold_today":0,"sales_last_days":0,"reserved_stock":0,"customer_returns":0,"warehouse_damage":0,"lost_in_post":0,"other_logs":0,"out_stock_days":18,"lost_sales":12,"has_location":false,"update_date":"2026-05-08T19:19:53","atum_locations":[],"atum_stock_status":"instock","restock_status":false,"low_stock_amount":"","sales_update_date":"2026-04-06T20:01:11","calc_backorders":null,"aioseo_notices":[],"_links":{"self":[{"href":"https:\/\/ecoshop.ee\/de\/wp-json\/wp\/v2\/product\/106040","targetHints":{"allow":["GET"]}}],"collection":[{"href":"https:\/\/ecoshop.ee\/de\/wp-json\/wp\/v2\/product"}],"about":[{"href":"https:\/\/ecoshop.ee\/de\/wp-json\/wp\/v2\/types\/product"}],"replies":[{"embeddable":true,"href":"https:\/\/ecoshop.ee\/de\/wp-json\/wp\/v2\/comments?post=106040"}],"version-history":[{"count":2,"href":"https:\/\/ecoshop.ee\/de\/wp-json\/wp\/v2\/product\/106040\/revisions"}],"predecessor-version":[{"id":396159,"href":"https:\/\/ecoshop.ee\/de\/wp-json\/wp\/v2\/product\/106040\/revisions\/396159"}],"wp:featuredmedia":[{"embeddable":true,"href":"https:\/\/ecoshop.ee\/de\/wp-json\/wp\/v2\/media\/106041"}],"wp:attachment":[{"href":"https:\/\/ecoshop.ee\/de\/wp-json\/wp\/v2\/media?parent=106040"}],"wp:term":[{"taxonomy":"product_brand","embeddable":true,"href":"https:\/\/ecoshop.ee\/de\/wp-json\/wp\/v2\/product_brand?post=106040"},{"taxonomy":"product_cat","embeddable":true,"href":"https:\/\/ecoshop.ee\/de\/wp-json\/wp\/v2\/product_cat?post=106040"},{"taxonomy":"product_tag","embeddable":true,"href":"https:\/\/ecoshop.ee\/de\/wp-json\/wp\/v2\/product_tag?post=106040"}],"curies":[{"name":"wp","href":"https:\/\/api.w.org\/{rel}","templated":true}]}}