{"id":194196,"date":"2025-07-28T20:19:53","date_gmt":"2025-07-28T17:19:53","guid":{"rendered":"https:\/\/ecoshop.ee\/?post_type=product&#038;p=194196"},"modified":"2026-05-14T08:32:14","modified_gmt":"2026-05-14T05:32:14","slug":"calcium-d3-vitamin-narimitabletten","status":"publish","type":"product","link":"https:\/\/ecoshop.ee\/de\/vegan-toidulisandid\/kaltsium-d3-vitamiin-narimistabletid\/","title":{"rendered":"Kalzium + Vitamin D3 Tabletten"},"content":{"rendered":"<p data-start=\"52\" data-end=\"169\"><strong>Starke Knochen, gesunde Z\u00e4hne und Muskeln!<\/strong><br data-start=\"128\" data-end=\"131\" \/>1 Tablette enth\u00e4lt 400 mg Calcium + 200 IE Vitamin D3.<\/p>\n<p data-start=\"171\" data-end=\"407\">Die Kombination aus Kalzium und Vitamin D3 st\u00e4rkt die Knochen, unterst\u00fctzt die Muskelfunktion und tr\u00e4gt zum t\u00e4glichen Wohlbefinden bei. N\u00e4rimi-Tabletten sind praktisch f\u00fcr den t\u00e4glichen Gebrauch \u2013 besonders f\u00fcr alle, die lieber kauen.<\/p>\n<p data-start=\"409\" data-end=\"455\"><strong data-start=\"409\" data-end=\"455\">Warum sollten Sie sich f\u00fcr Vegetology Calcium + D3 Tabletten entscheiden?<\/strong><\/p>\n<ul data-start=\"456\" data-end=\"689\">\n<li data-start=\"456\" data-end=\"482\">\n<p data-start=\"458\" data-end=\"482\">St\u00e4rkt Knochen und Z\u00e4hne<\/p>\n<\/li>\n<li data-start=\"483\" data-end=\"528\">\n<p data-start=\"485\" data-end=\"528\">Unterst\u00fctzt die Muskelfunktion und den Energiestoffwechsel.<\/p>\n<\/li>\n<li data-start=\"529\" data-end=\"569\">\n<p data-start=\"531\" data-end=\"569\">F\u00f6rdert eine bessere Kalziumaufnahme<\/p>\n<\/li>\n<li data-start=\"570\" data-end=\"601\">\n<p data-start=\"572\" data-end=\"601\">Praktisches Display-Tablet<\/p>\n<\/li>\n<li data-start=\"602\" data-end=\"689\">\n<p data-start=\"604\" data-end=\"689\">Enth\u00e4lt keinen Fisch, keine Meeresfr\u00fcchte und keine tierischen Inhaltsstoffe \u2013 geeignet f\u00fcr Allergiker und Veganer.<\/p>\n<\/li>\n<\/ul>\n<p data-start=\"691\" data-end=\"714\"><strong data-start=\"691\" data-end=\"712\">Hauptvorteile:<\/strong><\/p>\n<ul data-start=\"715\" data-end=\"905\">\n<li data-start=\"715\" data-end=\"805\">\n<p data-start=\"717\" data-end=\"805\"><strong data-start=\"717\" data-end=\"730\">Kalzium:<\/strong> Erh\u00e4lt die St\u00e4rke von Knochen und Z\u00e4hnen, unterst\u00fctzt die Muskelfunktion und das Nervensystem.<\/p>\n<\/li>\n<li data-start=\"806\" data-end=\"905\">\n<p data-start=\"808\" data-end=\"905\"><strong data-start=\"808\" data-end=\"824\">Vitamin D3:<\/strong> Verbessert die Kalziumaufnahme und tr\u00e4gt zur Aufrechterhaltung eines normalen Kalziumspiegels im Blut bei.<\/p>\n<\/li>\n<\/ul>\n<p data-start=\"1028\" data-end=\"1055\"><strong data-start=\"1028\" data-end=\"1053\">Geeignet f\u00fcr jede Lebensphase:<\/strong><\/p>\n<ul data-start=\"1056\" data-end=\"1201\">\n<li data-start=\"1056\" data-end=\"1089\">\n<p data-start=\"1058\" data-end=\"1089\"><strong data-start=\"1058\" data-end=\"1070\">F\u00fcr junge Menschen<\/strong> \u2013 f\u00fcr die Knochenentwicklung<\/p>\n<\/li>\n<li data-start=\"1090\" data-end=\"1145\">\n<p data-start=\"1092\" data-end=\"1145\"><strong data-start=\"1092\" data-end=\"1111\">F\u00fcr Erwachsene<\/strong> \u2013 zur Unterst\u00fctzung eines aktiven Lebensstils<\/p>\n<\/li>\n<li data-start=\"1146\" data-end=\"1201\">\n<p data-start=\"1148\" data-end=\"1201\"><strong data-start=\"1148\" data-end=\"1160\">F\u00fcr \u00e4ltere Menschen<\/strong> \u2013 um die Knochendichte und Beweglichkeit zu erhalten<\/p>\n<\/li>\n<\/ul>\n<p>&nbsp;<\/p>\n<p data-start=\"1051\" data-end=\"1168\"><strong data-start=\"797\" data-end=\"843\">Warum sollte man Kalzium und Vitamin D3 zusammen einnehmen?<\/strong><br data-start=\"843\" data-end=\"846\" \/>Vitamin D3 verbessert die Aufnahme und Verwertung von Kalzium im K\u00f6rper und tr\u00e4gt so dazu bei, dass Sie optimal von Ihrem Nahrungserg\u00e4nzungsmittel profitieren. Es unterst\u00fctzt einen normalen Kalziumspiegel im Blut und hilft, gesunde Knochen und Z\u00e4hne zu erhalten. Ohne ausreichend Vitamin D3 reicht selbst eine kalziumreiche Ern\u00e4hrung m\u00f6glicherweise nicht aus, um die Knochengesundheit zu gew\u00e4hrleisten.<\/p>","protected":false},"excerpt":{"rendered":"<p>Tugevad luud, terved hambad ja lihased!1 tablett sisaldab 400mg kaltsiumi + 200 IU D3-vitamiini. Kaltsiumi ja D3-vitamiini kombinatsioon toetab tugevaid luid, aitab&hellip;<\/p>","protected":false},"featured_media":194199,"comment_status":"open","ping_status":"closed","template":"","meta":{"wprm-recipe-roundup-name":"","wprm-recipe-roundup-description":""},"product_brand":[12063],"product_cat":[318],"product_tag":[7025,320,342],"class_list":{"0":"post-194196","1":"product","2":"type-product","3":"status-publish","4":"has-post-thumbnail","6":"product_brand-vegetology","7":"product_cat-vegan-toidulisandid","8":"product_tag-kaltsium","9":"product_tag-toidulisand","10":"product_tag-vitamiin-d3","11":"j79_wcxd_expiry_type-best-before","13":"first","14":"instock","15":"taxable","16":"shipping-taxable","17":"purchasable","18":"product-type-simple"},"supplier_id":9147,"supplier_sku":"","barcode":"5060351380805","atum_controlled":true,"out_stock_date":null,"out_stock_threshold":null,"inheritable":false,"inbound_stock":0,"stock_on_hold":0,"sold_today":1,"sales_last_days":1,"reserved_stock":0,"customer_returns":0,"warehouse_damage":0,"lost_in_post":0,"other_logs":0,"out_stock_days":0,"lost_sales":0,"has_location":false,"update_date":"2026-05-14T22:37:11","atum_locations":[],"atum_stock_status":"instock","restock_status":false,"low_stock_amount":"","sales_update_date":"2026-05-14T22:37:11","calc_backorders":null,"aioseo_notices":[],"_links":{"self":[{"href":"https:\/\/ecoshop.ee\/de\/wp-json\/wp\/v2\/product\/194196","targetHints":{"allow":["GET"]}}],"collection":[{"href":"https:\/\/ecoshop.ee\/de\/wp-json\/wp\/v2\/product"}],"about":[{"href":"https:\/\/ecoshop.ee\/de\/wp-json\/wp\/v2\/types\/product"}],"replies":[{"embeddable":true,"href":"https:\/\/ecoshop.ee\/de\/wp-json\/wp\/v2\/comments?post=194196"}],"version-history":[{"count":0,"href":"https:\/\/ecoshop.ee\/de\/wp-json\/wp\/v2\/product\/194196\/revisions"}],"wp:featuredmedia":[{"embeddable":true,"href":"https:\/\/ecoshop.ee\/de\/wp-json\/wp\/v2\/media\/194199"}],"wp:attachment":[{"href":"https:\/\/ecoshop.ee\/de\/wp-json\/wp\/v2\/media?parent=194196"}],"wp:term":[{"taxonomy":"product_brand","embeddable":true,"href":"https:\/\/ecoshop.ee\/de\/wp-json\/wp\/v2\/product_brand?post=194196"},{"taxonomy":"product_cat","embeddable":true,"href":"https:\/\/ecoshop.ee\/de\/wp-json\/wp\/v2\/product_cat?post=194196"},{"taxonomy":"product_tag","embeddable":true,"href":"https:\/\/ecoshop.ee\/de\/wp-json\/wp\/v2\/product_tag?post=194196"}],"curies":[{"name":"wp","href":"https:\/\/api.w.org\/{rel}","templated":true}]}}