{"id":245460,"date":"2025-08-30T13:10:48","date_gmt":"2025-08-30T10:10:48","guid":{"rendered":"https:\/\/ecoshop.ee\/?post_type=product&#038;p=245460"},"modified":"2026-04-07T10:26:07","modified_gmt":"2026-04-07T07:26:07","slug":"nahrungserganzungsmittel-mit-magnesiumkomplex","status":"publish","type":"product","link":"https:\/\/ecoshop.ee\/de\/vegan-toidulisandid\/magneesiumikompleks-toidulisand\/","title":{"rendered":"Magnesiumkomplex-Nahrungserg\u00e4nzungsmittel, N60"},"content":{"rendered":"<p data-start=\"170\" data-end=\"214\"><strong data-start=\"170\" data-end=\"212\">Unterst\u00fctzung des Energie-, Muskel- und Nervensystems<\/strong><\/p>\n<p data-start=\"216\" data-end=\"496\">Der Magnesiumkomplex kombiniert leicht resorbierbares Magnesiumcitrat, Magnesiumoxid und Vitamin B6 zur Unterst\u00fctzung des t\u00e4glichen Energieniveaus, der Muskelfunktion und der Knochenst\u00e4rke. Gemeinsam tragen sie dazu bei, M\u00fcdigkeit zu reduzieren, das Gleichgewicht des Nervensystems zu f\u00f6rdern und den Stoffwechsel anzuregen.<\/p>\n<ul data-start=\"498\" data-end=\"688\">\n<li data-start=\"498\" data-end=\"552\">\n<p data-start=\"500\" data-end=\"552\">Hilft, M\u00fcdigkeit zu reduzieren und den Energiestoffwechsel zu unterst\u00fctzen.<\/p>\n<\/li>\n<li data-start=\"553\" data-end=\"606\">\n<p data-start=\"555\" data-end=\"606\">F\u00f6rdert die normale Funktion von Muskeln und Nerven.<\/p>\n<\/li>\n<li data-start=\"607\" data-end=\"639\">\n<p data-start=\"609\" data-end=\"639\">St\u00e4rkt Knochen und Z\u00e4hne<\/p>\n<\/li>\n<li data-start=\"640\" data-end=\"688\">\n<p data-start=\"642\" data-end=\"688\">Unterst\u00fctzt das psychische Wohlbefinden und einen besseren Schlaf<\/p>\n<\/li>\n<\/ul>\n<p data-start=\"690\" data-end=\"936\">Magnesium ist ein essenzielles Mineral, das an \u00fcber 300 chemischen Prozessen beteiligt ist, von der Energieproduktion \u00fcber die Muskelkontraktion bis hin zur Regulation des Nervensystems. Zusammen mit Vitamin B6 werden die Magnesiumaufnahme und -wirkung verbessert, was f\u00fcr optimale Ergebnisse sorgt.&lt;sup&gt;used&lt;\/sup&gt;.<\/p>","protected":false},"excerpt":{"rendered":"<p>Energia, lihaste ja n\u00e4rvis\u00fcsteemi tugi Magneesiumikompleks \u00fchendab kergesti omastatava magneesiumtsitraadi, magneesiumoksiidi ja B6-vitamiini, et toetada igap\u00e4evast energiataset, lihaste t\u00f6\u00f6d ja luude tugevust.&hellip;<\/p>","protected":false},"featured_media":245461,"comment_status":"open","ping_status":"closed","template":"","meta":{"wprm-recipe-roundup-name":"","wprm-recipe-roundup-description":""},"product_brand":[12063],"product_cat":[318],"product_tag":[7989,320,301],"class_list":{"0":"post-245460","1":"product","2":"type-product","3":"status-publish","4":"has-post-thumbnail","6":"product_brand-vegetology","7":"product_cat-vegan-toidulisandid","8":"product_tag-magneesium","9":"product_tag-toidulisand","10":"product_tag-vegan","11":"j79_wcxd_expiry_type-best-before","13":"first","14":"instock","15":"taxable","16":"shipping-taxable","17":"purchasable","18":"product-type-simple"},"supplier_id":9147,"supplier_sku":"","barcode":"5060351380782","atum_controlled":true,"out_stock_date":null,"out_stock_threshold":null,"inheritable":false,"inbound_stock":0,"stock_on_hold":0,"sold_today":0,"sales_last_days":1,"reserved_stock":0,"customer_returns":0,"warehouse_damage":0,"lost_in_post":0,"other_logs":0,"out_stock_days":0,"lost_sales":0,"has_location":false,"update_date":"2026-04-12T11:22:43","atum_locations":[],"atum_stock_status":"instock","restock_status":false,"low_stock_amount":"","sales_update_date":"2026-04-12T11:22:43","calc_backorders":null,"aioseo_notices":[],"_links":{"self":[{"href":"https:\/\/ecoshop.ee\/de\/wp-json\/wp\/v2\/product\/245460","targetHints":{"allow":["GET"]}}],"collection":[{"href":"https:\/\/ecoshop.ee\/de\/wp-json\/wp\/v2\/product"}],"about":[{"href":"https:\/\/ecoshop.ee\/de\/wp-json\/wp\/v2\/types\/product"}],"replies":[{"embeddable":true,"href":"https:\/\/ecoshop.ee\/de\/wp-json\/wp\/v2\/comments?post=245460"}],"version-history":[{"count":0,"href":"https:\/\/ecoshop.ee\/de\/wp-json\/wp\/v2\/product\/245460\/revisions"}],"wp:featuredmedia":[{"embeddable":true,"href":"https:\/\/ecoshop.ee\/de\/wp-json\/wp\/v2\/media\/245461"}],"wp:attachment":[{"href":"https:\/\/ecoshop.ee\/de\/wp-json\/wp\/v2\/media?parent=245460"}],"wp:term":[{"taxonomy":"product_brand","embeddable":true,"href":"https:\/\/ecoshop.ee\/de\/wp-json\/wp\/v2\/product_brand?post=245460"},{"taxonomy":"product_cat","embeddable":true,"href":"https:\/\/ecoshop.ee\/de\/wp-json\/wp\/v2\/product_cat?post=245460"},{"taxonomy":"product_tag","embeddable":true,"href":"https:\/\/ecoshop.ee\/de\/wp-json\/wp\/v2\/product_tag?post=245460"}],"curies":[{"name":"wp","href":"https:\/\/api.w.org\/{rel}","templated":true}]}}