{"id":245717,"date":"2025-10-05T15:49:05","date_gmt":"2025-10-05T12:49:05","guid":{"rendered":"https:\/\/ecoshop.ee\/?post_type=product&#038;p=245717"},"modified":"2026-01-24T00:07:56","modified_gmt":"2026-01-23T21:07:56","slug":"daflori-gehacktes-seitan-300-g","status":"publish","type":"product","link":"https:\/\/ecoshop.ee\/de\/seitan\/daflori-hakitud-seitan-300g\/","title":{"rendered":"Daflor gehacktes Seitan, 300 g"},"content":{"rendered":"<p data-start=\"31\" data-end=\"351\">Daflors Seitan-Riegel sind eine pflanzliche Proteinquelle, die zu fast jedem Gericht passt! Der Seitan ist in kleine St\u00fccke geschnitten und daher vielseitig und einfach in die t\u00e4gliche K\u00fcche zu integrieren. Seine feste, fleisch\u00e4hnliche Konsistenz macht ihn zu einer tollen Zutat f\u00fcr Wokgerichte, Eint\u00f6pfe, Sandwiches oder sogar vegane Bolognese.<\/p>\n<p data-start=\"353\" data-end=\"468\" data-is-last-node=\"\" data-is-only-node=\"\">Die ideale Wahl f\u00fcr alle, die eine leckere und nahrhafte pflanzliche Alternative zu Fleisch suchen \u2013 lassen Sie Ihrer Fantasie in der K\u00fcche freien Lauf!<\/p>\n<p data-start=\"353\" data-end=\"468\" data-is-last-node=\"\" data-is-only-node=\"\">Unge\u00f6ffnetes Produkt <strong>kann bei Raumtemperatur gelagert werden.<\/strong><\/p>","protected":false},"excerpt":{"rendered":"<p>Daflori hakitud seitan on taimne valguallikas, mis sobib pea igasse rooga! Hakitud seitan on l\u00f5igatud v\u00e4ikesteks t\u00fckkideks, et muuta see mitmek\u00fclgseks ja&hellip;<\/p>","protected":false},"featured_media":245720,"comment_status":"open","ping_status":"closed","template":"","meta":{"wprm-recipe-roundup-name":"","wprm-recipe-roundup-description":""},"product_brand":[12030],"product_cat":[170,240,155],"product_tag":[166,332,156],"class_list":{"0":"post-245717","1":"product","2":"type-product","3":"status-publish","4":"has-post-thumbnail","6":"product_brand-daflori","7":"product_cat-seitan","8":"product_cat-allahinnatud","9":"product_cat-valguallikad","10":"product_tag-liha","11":"product_tag-seitan-tag","12":"product_tag-valgud","13":"j79_wcxd_expiry_type-best-before","15":"first","16":"outofstock","17":"sale","18":"taxable","19":"shipping-taxable","20":"purchasable","21":"product-type-simple"},"supplier_id":245718,"supplier_sku":"","barcode":"5600378778591","atum_controlled":true,"out_stock_date":"2026-01-24 00:07:55","out_stock_threshold":null,"inheritable":false,"inbound_stock":0,"stock_on_hold":0,"sold_today":0,"sales_last_days":0,"reserved_stock":0,"customer_returns":0,"warehouse_damage":0,"lost_in_post":0,"other_logs":0,"out_stock_days":42,"lost_sales":251,"has_location":false,"update_date":"2026-03-07T01:16:16","atum_locations":[],"atum_stock_status":"outofstock","restock_status":false,"low_stock_amount":"","sales_update_date":"2026-03-07T01:16:16","calc_backorders":null,"aioseo_notices":[],"_links":{"self":[{"href":"https:\/\/ecoshop.ee\/de\/wp-json\/wp\/v2\/product\/245717","targetHints":{"allow":["GET"]}}],"collection":[{"href":"https:\/\/ecoshop.ee\/de\/wp-json\/wp\/v2\/product"}],"about":[{"href":"https:\/\/ecoshop.ee\/de\/wp-json\/wp\/v2\/types\/product"}],"replies":[{"embeddable":true,"href":"https:\/\/ecoshop.ee\/de\/wp-json\/wp\/v2\/comments?post=245717"}],"version-history":[{"count":0,"href":"https:\/\/ecoshop.ee\/de\/wp-json\/wp\/v2\/product\/245717\/revisions"}],"wp:featuredmedia":[{"embeddable":true,"href":"https:\/\/ecoshop.ee\/de\/wp-json\/wp\/v2\/media\/245720"}],"wp:attachment":[{"href":"https:\/\/ecoshop.ee\/de\/wp-json\/wp\/v2\/media?parent=245717"}],"wp:term":[{"taxonomy":"product_brand","embeddable":true,"href":"https:\/\/ecoshop.ee\/de\/wp-json\/wp\/v2\/product_brand?post=245717"},{"taxonomy":"product_cat","embeddable":true,"href":"https:\/\/ecoshop.ee\/de\/wp-json\/wp\/v2\/product_cat?post=245717"},{"taxonomy":"product_tag","embeddable":true,"href":"https:\/\/ecoshop.ee\/de\/wp-json\/wp\/v2\/product_tag?post=245717"}],"curies":[{"name":"wp","href":"https:\/\/api.w.org\/{rel}","templated":true}]}}