{"id":245765,"date":"2025-10-08T22:48:14","date_gmt":"2025-10-08T19:48:14","guid":{"rendered":"https:\/\/ecoshop.ee\/?post_type=product&#038;p=245765"},"modified":"2026-05-08T20:34:39","modified_gmt":"2026-05-08T17:34:39","slug":"bettr-schalchen-mit-erdbeer-walnussbutterfullung-39-g","status":"publish","type":"product","link":"https:\/\/ecoshop.ee\/de\/kommid\/bettr-maasika-taidisega-pahklivoikausid-39g\/","title":{"rendered":"Bett&#039;r Erdbeergef\u00fcllte Nussbutterschalen, 39 g"},"content":{"rendered":"<p data-start=\"53\" data-end=\"258\">Entdecken Sie einen s\u00fc\u00dfen Sommertraum: Zartbitterschokolade umh\u00fcllt eine feine, samtige Erdbeercreme, die mit jedem Bissen Frische und Freude schenkt. Die perfekte Balance aus beeriger Zartheit und Schokoladengenuss.<\/p>\n<p data-start=\"260\" data-end=\"389\">Hergestellt ausschlie\u00dflich aus besten nat\u00fcrlichen Zutaten \u2013 <strong data-start=\"320\" data-end=\"387\">100% Bio, vegan, ohne Palm\u00f6l und mit Kokosbl\u00fctenzucker ges\u00fc\u00dft.<\/strong><\/p>\n<p data-start=\"391\" data-end=\"482\" data-is-last-node=\"\" data-is-only-node=\"\">Dies ist der Moment, in dem Schokolade und Erdbeere aufeinandertreffen \u2013 authentisch, pur und einfach, auf die Bett&#039;r-Art.<\/p>","protected":false},"excerpt":{"rendered":"<p>Avasta suvine magus unelm \u2013 rikkalik tume \u0161okolaad peidab endas \u00f5rna ja sametist maasikakreemi, mis toob igasse ampsu v\u00e4rskuse ja r\u00f5\u00f5mu. T\u00e4iuslik&hellip;<\/p>","protected":false},"featured_media":245766,"comment_status":"open","ping_status":"closed","template":"","meta":{"wprm-recipe-roundup-name":"","wprm-recipe-roundup-description":""},"product_brand":[11995],"product_cat":[160],"product_tag":[288],"class_list":{"0":"post-245765","1":"product","2":"type-product","3":"status-publish","4":"has-post-thumbnail","6":"product_brand-bettr","7":"product_cat-kommid","8":"product_tag-pahklivoikausid","9":"j79_wcxd_expiry_type-expiry-date","11":"first","12":"instock","13":"taxable","14":"shipping-taxable","15":"purchasable","16":"product-type-simple"},"supplier_id":9165,"supplier_sku":"","barcode":"3800233782929","atum_controlled":true,"out_stock_date":null,"out_stock_threshold":null,"inheritable":false,"inbound_stock":0,"stock_on_hold":0,"sold_today":0,"sales_last_days":0,"reserved_stock":0,"customer_returns":0,"warehouse_damage":0,"lost_in_post":0,"other_logs":0,"out_stock_days":169,"lost_sales":794,"has_location":false,"update_date":"2026-05-08T17:34:40","atum_locations":[],"atum_stock_status":"instock","restock_status":false,"low_stock_amount":"","sales_update_date":"2026-04-06T20:01:11","calc_backorders":null,"aioseo_notices":[],"_links":{"self":[{"href":"https:\/\/ecoshop.ee\/de\/wp-json\/wp\/v2\/product\/245765","targetHints":{"allow":["GET"]}}],"collection":[{"href":"https:\/\/ecoshop.ee\/de\/wp-json\/wp\/v2\/product"}],"about":[{"href":"https:\/\/ecoshop.ee\/de\/wp-json\/wp\/v2\/types\/product"}],"replies":[{"embeddable":true,"href":"https:\/\/ecoshop.ee\/de\/wp-json\/wp\/v2\/comments?post=245765"}],"version-history":[{"count":2,"href":"https:\/\/ecoshop.ee\/de\/wp-json\/wp\/v2\/product\/245765\/revisions"}],"predecessor-version":[{"id":396134,"href":"https:\/\/ecoshop.ee\/de\/wp-json\/wp\/v2\/product\/245765\/revisions\/396134"}],"wp:featuredmedia":[{"embeddable":true,"href":"https:\/\/ecoshop.ee\/de\/wp-json\/wp\/v2\/media\/245766"}],"wp:attachment":[{"href":"https:\/\/ecoshop.ee\/de\/wp-json\/wp\/v2\/media?parent=245765"}],"wp:term":[{"taxonomy":"product_brand","embeddable":true,"href":"https:\/\/ecoshop.ee\/de\/wp-json\/wp\/v2\/product_brand?post=245765"},{"taxonomy":"product_cat","embeddable":true,"href":"https:\/\/ecoshop.ee\/de\/wp-json\/wp\/v2\/product_cat?post=245765"},{"taxonomy":"product_tag","embeddable":true,"href":"https:\/\/ecoshop.ee\/de\/wp-json\/wp\/v2\/product_tag?post=245765"}],"curies":[{"name":"wp","href":"https:\/\/api.w.org\/{rel}","templated":true}]}}