{"id":245788,"date":"2025-10-09T20:52:20","date_gmt":"2025-10-09T17:52:20","guid":{"rendered":"https:\/\/ecoshop.ee\/?post_type=product&#038;p=245788"},"modified":"2026-01-22T13:28:23","modified_gmt":"2026-01-22T10:28:23","slug":"bettr-bio-bananenbrotmischung-glutenfrei-300-g","status":"publish","type":"product","link":"https:\/\/ecoshop.ee\/de\/kupsetussegud-ja-kuivained\/bettr-mahe-gluteenivaba-banaanileiva-segu-300g\/","title":{"rendered":"Bett&#039;r Bio-Bananenbrot-Backmischung (glutenfrei), 300 g"},"content":{"rendered":"<p data-start=\"56\" data-end=\"327\">Mit der Bett&#039;r Bio-Bananenbrot-Backmischung gelingt Ihnen im Handumdrehen ein k\u00f6stliches und fluffiges Bananenbrot \u2013 ein gesunder und unbeschwerter Genuss f\u00fcr die ganze Familie. Die Backmischung ist vegan und glutenfrei (100%) und wird aus sorgf\u00e4ltig ausgew\u00e4hlten Bio-Zutaten ohne k\u00fcnstliche Zusatzstoffe oder raffinierten Zucker hergestellt.<\/p>\n<ul>\n<li data-start=\"329\" data-end=\"558\">Bio- und Naturzutaten<\/li>\n<li data-start=\"329\" data-end=\"558\">glutenfrei und 100% vegan<\/li>\n<li data-start=\"329\" data-end=\"558\">Enth\u00e4lt keinen raffinierten Zucker oder k\u00fcnstliche Zusatzstoffe.<\/li>\n<li data-start=\"329\" data-end=\"558\">nat\u00fcrliche S\u00fc\u00dfe aus Kokosbl\u00fctenzucker<\/li>\n<li data-start=\"329\" data-end=\"558\">Einfach und schnell zubereitet \u2013 frisches Bananenbrot in weniger als einer Stunde<\/li>\n<\/ul>\n<p data-start=\"560\" data-end=\"579\"><strong data-start=\"560\" data-end=\"577\">Vorbereitung:<\/strong><\/p>\n<ol data-start=\"580\" data-end=\"1216\">\n<li data-start=\"580\" data-end=\"654\">\n<p data-start=\"583\" data-end=\"654\">Heizen Sie den Backofen auf 165 \u00b0C (Umluft) bzw. 180\u2013185 \u00b0C (Ober-\/Unterhitze) vor.<\/p>\n<\/li>\n<li data-start=\"655\" data-end=\"736\">\n<p data-start=\"658\" data-end=\"736\">Eine Kastenform (10\u00d720 cm oder max. 12\u00d724 cm) mit \u00d6l einfetten oder mit Backpapier auslegen.<\/p>\n<\/li>\n<li data-start=\"737\" data-end=\"811\">\n<p data-start=\"740\" data-end=\"811\">210 g (etwa 2 mittelgro\u00dfe) reife Bananen sch\u00e4len und in einer Sch\u00fcssel mit einer Gabel zerdr\u00fccken.<\/p>\n<\/li>\n<li data-start=\"812\" data-end=\"949\">\n<p data-start=\"815\" data-end=\"949\">15 ml pflanzliche Milch oder Wasser und 30 ml \u00d6l oder geschmolzene Pflanzenbutter hinzuf\u00fcgen.<\/p>\n<\/li>\n<li data-start=\"950\" data-end=\"1023\">\n<p data-start=\"953\" data-end=\"1023\">Gie\u00dfen Sie die gesamte Bett&#039;r Bananenbrotmischung hinzu und verr\u00fchren Sie alles, bis eine glatte Masse entsteht.<\/p>\n<\/li>\n<li data-start=\"1024\" data-end=\"1123\">\n<p data-start=\"1027\" data-end=\"1123\">Gie\u00dfen Sie den Teig in die Form und backen Sie ihn 50\u201360 Minuten lang, bis ein in die Mitte gesteckter Holzspie\u00df sauber herauskommt.<\/p>\n<\/li>\n<li data-start=\"1124\" data-end=\"1216\">\n<p data-start=\"1127\" data-end=\"1216\">Lassen Sie das Brot 10 Minuten in der Pfanne abk\u00fchlen, nehmen Sie es dann heraus und lassen Sie es vollst\u00e4ndig ausk\u00fchlen.<\/p>\n<\/li>\n<\/ol>\n<p data-start=\"1218\" data-end=\"1321\" data-is-last-node=\"\" data-is-only-node=\"\">Genie\u00dfen Sie mild-s\u00fc\u00dfes, saftiges und hausgemachtes Bananenbrot zum Fr\u00fchst\u00fcck, als Snack oder als Dessert!<\/p>","protected":false},"excerpt":{"rendered":"<p>Valmista h\u00f5rk ja kohev banaanileib vaid m\u00f5ne minutiga Bett\u2019r maheda banaanileiva seguga \u2013 tervislik ja s\u00fc\u00fcmepiinadeta maius kogu perele. Segu on 100%&hellip;<\/p>","protected":false},"featured_media":245791,"comment_status":"open","ping_status":"closed","template":"","meta":{"wprm-recipe-roundup-name":"","wprm-recipe-roundup-description":""},"product_brand":[],"product_cat":[323,303,302],"product_tag":[296,330],"class_list":{"0":"post-245788","1":"product","2":"type-product","3":"status-publish","4":"has-post-thumbnail","6":"product_cat-kupsetussegud-ja-kuivained","7":"product_cat-mahetooted","8":"product_cat-gluteenivaba","9":"product_tag-gluteenivaba","10":"product_tag-kupsetussegu","11":"j79_wcxd_expiry_type-best-before","13":"first","14":"instock","15":"taxable","16":"shipping-taxable","17":"purchasable","18":"product-type-simple"},"supplier_id":9165,"supplier_sku":"","barcode":"3800233783421","atum_controlled":true,"out_stock_date":null,"out_stock_threshold":null,"inheritable":false,"inbound_stock":0,"stock_on_hold":0,"sold_today":0,"sales_last_days":0,"reserved_stock":0,"customer_returns":0,"warehouse_damage":0,"lost_in_post":0,"other_logs":0,"out_stock_days":0,"lost_sales":0,"has_location":false,"update_date":"2026-04-06T20:01:11","atum_locations":[],"atum_stock_status":"instock","restock_status":false,"low_stock_amount":"","sales_update_date":"2026-04-06T20:01:11","calc_backorders":null,"aioseo_notices":[],"_links":{"self":[{"href":"https:\/\/ecoshop.ee\/de\/wp-json\/wp\/v2\/product\/245788","targetHints":{"allow":["GET"]}}],"collection":[{"href":"https:\/\/ecoshop.ee\/de\/wp-json\/wp\/v2\/product"}],"about":[{"href":"https:\/\/ecoshop.ee\/de\/wp-json\/wp\/v2\/types\/product"}],"replies":[{"embeddable":true,"href":"https:\/\/ecoshop.ee\/de\/wp-json\/wp\/v2\/comments?post=245788"}],"version-history":[{"count":0,"href":"https:\/\/ecoshop.ee\/de\/wp-json\/wp\/v2\/product\/245788\/revisions"}],"wp:featuredmedia":[{"embeddable":true,"href":"https:\/\/ecoshop.ee\/de\/wp-json\/wp\/v2\/media\/245791"}],"wp:attachment":[{"href":"https:\/\/ecoshop.ee\/de\/wp-json\/wp\/v2\/media?parent=245788"}],"wp:term":[{"taxonomy":"product_brand","embeddable":true,"href":"https:\/\/ecoshop.ee\/de\/wp-json\/wp\/v2\/product_brand?post=245788"},{"taxonomy":"product_cat","embeddable":true,"href":"https:\/\/ecoshop.ee\/de\/wp-json\/wp\/v2\/product_cat?post=245788"},{"taxonomy":"product_tag","embeddable":true,"href":"https:\/\/ecoshop.ee\/de\/wp-json\/wp\/v2\/product_tag?post=245788"}],"curies":[{"name":"wp","href":"https:\/\/api.w.org\/{rel}","templated":true}]}}