{"id":245831,"date":"2025-10-10T22:28:32","date_gmt":"2025-10-10T19:28:32","guid":{"rendered":"https:\/\/ecoshop.ee\/?post_type=product&#038;p=245831"},"modified":"2026-05-11T22:27:08","modified_gmt":"2026-05-11T19:27:08","slug":"daflori-geraucherte-vegane-chorizo-110-g","status":"publish","type":"product","link":"https:\/\/ecoshop.ee\/de\/seitan\/daflori-suitsutatud-vegan-chorizo-110g\/","title":{"rendered":"Daflor ger\u00e4ucherte vegane Chorizo, 110 g"},"content":{"rendered":"<p data-start=\"33\" data-end=\"287\">Ger\u00e4ucherte vegane Chorizo bringt die charakteristische W\u00fcrze und den vollen Geschmack der spanischen K\u00fcche in pflanzlicher Form auf Ihren Teller. Ihr reichhaltiger und leicht scharfer Geschmack wird durch eine sorgf\u00e4ltig abgestimmte Gew\u00fcrzmischung erzielt und bietet ein authentisches Chorizo-Erlebnis ganz ohne Fleisch.<\/p>\n<p data-start=\"289\" data-end=\"502\" data-is-last-node=\"\" data-is-only-node=\"\">Seine feste Konsistenz macht es ideal zum Grillen, f\u00fcr Eint\u00f6pfe oder Sandwiches. Eine k\u00f6stliche, proteinreiche und ethisch einwandfreie Wahl, die jedem Gericht W\u00e4rme, Farbe und mediterranes Flair verleiht.<\/p>\n<p data-start=\"326\" data-end=\"538\" data-is-last-node=\"\" data-is-only-node=\"\">Unge\u00f6ffnetes Produkt\u00a0<strong>kann bei Raumtemperatur gelagert werden.<\/strong><\/p>","protected":false},"excerpt":{"rendered":"<p>Suitsutatud vegan Chorizo toob Hispaania k\u00f6\u00f6gi iseloomuliku tulisuse ja s\u00fcgavuse taimsel kujul sinu taldrikule. Selle rikkalik ja kergelt v\u00fcrtsikas maitse on saavutatud&hellip;<\/p>","protected":false},"featured_media":245832,"comment_status":"open","ping_status":"closed","template":"","meta":{"wprm-recipe-roundup-name":"","wprm-recipe-roundup-description":""},"product_brand":[12030],"product_cat":[170,240,155],"product_tag":[166,299],"class_list":{"0":"post-245831","1":"product","2":"type-product","3":"status-publish","4":"has-post-thumbnail","6":"product_brand-daflori","7":"product_cat-seitan","8":"product_cat-allahinnatud","9":"product_cat-valguallikad","10":"product_tag-liha","11":"product_tag-vorst","12":"j79_wcxd_expiry_type-best-before","14":"first","15":"instock","16":"sale","17":"taxable","18":"shipping-taxable","19":"purchasable","20":"product-type-simple"},"supplier_id":245718,"supplier_sku":"","barcode":"5600378778546","atum_controlled":true,"out_stock_date":null,"out_stock_threshold":null,"inheritable":false,"inbound_stock":0,"stock_on_hold":0,"sold_today":0,"sales_last_days":2,"reserved_stock":0,"customer_returns":0,"warehouse_damage":0,"lost_in_post":0,"other_logs":0,"out_stock_days":0,"lost_sales":0,"has_location":false,"update_date":"2026-05-13T15:06:55","atum_locations":[],"atum_stock_status":"instock","restock_status":false,"low_stock_amount":"","sales_update_date":"2026-05-13T15:06:55","calc_backorders":null,"aioseo_notices":[],"_links":{"self":[{"href":"https:\/\/ecoshop.ee\/de\/wp-json\/wp\/v2\/product\/245831","targetHints":{"allow":["GET"]}}],"collection":[{"href":"https:\/\/ecoshop.ee\/de\/wp-json\/wp\/v2\/product"}],"about":[{"href":"https:\/\/ecoshop.ee\/de\/wp-json\/wp\/v2\/types\/product"}],"replies":[{"embeddable":true,"href":"https:\/\/ecoshop.ee\/de\/wp-json\/wp\/v2\/comments?post=245831"}],"version-history":[{"count":1,"href":"https:\/\/ecoshop.ee\/de\/wp-json\/wp\/v2\/product\/245831\/revisions"}],"predecessor-version":[{"id":396035,"href":"https:\/\/ecoshop.ee\/de\/wp-json\/wp\/v2\/product\/245831\/revisions\/396035"}],"wp:featuredmedia":[{"embeddable":true,"href":"https:\/\/ecoshop.ee\/de\/wp-json\/wp\/v2\/media\/245832"}],"wp:attachment":[{"href":"https:\/\/ecoshop.ee\/de\/wp-json\/wp\/v2\/media?parent=245831"}],"wp:term":[{"taxonomy":"product_brand","embeddable":true,"href":"https:\/\/ecoshop.ee\/de\/wp-json\/wp\/v2\/product_brand?post=245831"},{"taxonomy":"product_cat","embeddable":true,"href":"https:\/\/ecoshop.ee\/de\/wp-json\/wp\/v2\/product_cat?post=245831"},{"taxonomy":"product_tag","embeddable":true,"href":"https:\/\/ecoshop.ee\/de\/wp-json\/wp\/v2\/product_tag?post=245831"}],"curies":[{"name":"wp","href":"https:\/\/api.w.org\/{rel}","templated":true}]}}