{"id":246260,"date":"2025-11-13T17:16:27","date_gmt":"2025-11-13T14:16:27","guid":{"rendered":"https:\/\/ecoshop.ee\/?post_type=product&#038;p=246260"},"modified":"2026-04-02T09:41:36","modified_gmt":"2026-04-02T06:41:36","slug":"bettr-bio-tahini-aus-vollkornsesam-250-g","status":"publish","type":"product","link":"https:\/\/ecoshop.ee\/de\/piimad-ja-maarded\/bettr-taistera-seesamipasta-tahini-mahe-250g\/","title":{"rendered":"Bett&#039;r Vollkorn-Sesampaste (Tahini), Bio, 250 g"},"content":{"rendered":"<p data-start=\"89\" data-end=\"289\">Dieses Bio-Tahini wird ausschlie\u00dflich aus perfekt ger\u00f6steten Sesamsamen hergestellt und erh\u00e4lt dadurch seinen intensiven Geschmack und seine nat\u00fcrlich cremige Konsistenz. Ohne Zusatz von Fetten \u2013 nur der volle Geschmack des Sesams.<\/p>\n<p data-start=\"291\" data-end=\"517\">Tahini eignet sich hervorragend f\u00fcr herzhafte und s\u00fc\u00dfe Gerichte. Zitrone, Kichererbsen und frische Kr\u00e4uter heben seinen nussigen Geschmack hervor, w\u00e4hrend es in s\u00fc\u00dfen Rezepten perfekt mit Kakao, Datteln und Sirup harmoniert.<\/p>\n<p data-start=\"519\" data-end=\"735\" data-is-last-node=\"\" data-is-only-node=\"\">Dank seines N\u00e4hrwertes ist Tahini in vielen K\u00fcchen zu einem beliebten Lebensmittel geworden \u2013 es verleiht Gerichten Tiefe, W\u00fcrze und nat\u00fcrliche Energie. Das 250-g-Glas ist ein praktischer Helfer im Alltag f\u00fcr Saucen, Dips, Backwaren und Smoothies.<\/p>","protected":false},"excerpt":{"rendered":"<p>See mahe tahini on valmistatud \u00fcksnes t\u00e4iuslikult r\u00f6stitud seesamiseemnetest, mis annavad sellele s\u00fcgava maitse ja loomulikult kreemja tekstuuri. Ilma lisatud rasvadeta \u2013&hellip;<\/p>","protected":false},"featured_media":246262,"comment_status":"open","ping_status":"closed","template":"","meta":{"wprm-recipe-roundup-name":"","wprm-recipe-roundup-description":""},"product_brand":[],"product_cat":[325],"product_tag":[285],"class_list":{"0":"post-246260","1":"product","2":"type-product","3":"status-publish","4":"has-post-thumbnail","6":"product_cat-piimad-ja-maarded","7":"product_tag-tahini","8":"j79_wcxd_expiry_type-best-before","10":"first","11":"instock","12":"taxable","13":"shipping-taxable","14":"purchasable","15":"product-type-simple"},"supplier_id":9165,"supplier_sku":"","barcode":"3800233688504","atum_controlled":true,"out_stock_date":null,"out_stock_threshold":null,"inheritable":false,"inbound_stock":0,"stock_on_hold":0,"sold_today":0,"sales_last_days":1,"reserved_stock":0,"customer_returns":0,"warehouse_damage":0,"lost_in_post":0,"other_logs":0,"out_stock_days":0,"lost_sales":0,"has_location":false,"update_date":"2026-04-07T10:13:58","atum_locations":[],"atum_stock_status":"instock","restock_status":false,"low_stock_amount":"","sales_update_date":"2026-04-07T10:13:58","calc_backorders":null,"aioseo_notices":[],"_links":{"self":[{"href":"https:\/\/ecoshop.ee\/de\/wp-json\/wp\/v2\/product\/246260","targetHints":{"allow":["GET"]}}],"collection":[{"href":"https:\/\/ecoshop.ee\/de\/wp-json\/wp\/v2\/product"}],"about":[{"href":"https:\/\/ecoshop.ee\/de\/wp-json\/wp\/v2\/types\/product"}],"replies":[{"embeddable":true,"href":"https:\/\/ecoshop.ee\/de\/wp-json\/wp\/v2\/comments?post=246260"}],"version-history":[{"count":0,"href":"https:\/\/ecoshop.ee\/de\/wp-json\/wp\/v2\/product\/246260\/revisions"}],"wp:featuredmedia":[{"embeddable":true,"href":"https:\/\/ecoshop.ee\/de\/wp-json\/wp\/v2\/media\/246262"}],"wp:attachment":[{"href":"https:\/\/ecoshop.ee\/de\/wp-json\/wp\/v2\/media?parent=246260"}],"wp:term":[{"taxonomy":"product_brand","embeddable":true,"href":"https:\/\/ecoshop.ee\/de\/wp-json\/wp\/v2\/product_brand?post=246260"},{"taxonomy":"product_cat","embeddable":true,"href":"https:\/\/ecoshop.ee\/de\/wp-json\/wp\/v2\/product_cat?post=246260"},{"taxonomy":"product_tag","embeddable":true,"href":"https:\/\/ecoshop.ee\/de\/wp-json\/wp\/v2\/product_tag?post=246260"}],"curies":[{"name":"wp","href":"https:\/\/api.w.org\/{rel}","templated":true}]}}