{"id":246264,"date":"2025-11-13T17:41:12","date_gmt":"2025-11-13T14:41:12","guid":{"rendered":"https:\/\/ecoshop.ee\/?post_type=product&#038;p=246264"},"modified":"2026-05-15T01:36:02","modified_gmt":"2026-05-14T22:36:02","slug":"kookie-cat-pistazienkekse-50g","status":"publish","type":"product","link":"https:\/\/ecoshop.ee\/de\/vahvlid-ja-kupsised\/kookie-cat-pistaatsiakupsis-50g\/","title":{"rendered":"Kookie Cat Pistazienkeks, 50 g"},"content":{"rendered":"<p data-start=\"82\" data-end=\"325\">Dieser luxuri\u00f6s schmeckende Pistazienkeks vereint knusprige Textur mit dem cremigen Aroma echter Pistazien. Hergestellt aus Bio-Zutaten, vegan und glutenfrei.<\/p>\n<p data-start=\"327\" data-end=\"588\">Pistazien verleihen dem Keks einen vollmundigen, buttrigen Geschmack und liefern viel nat\u00fcrliche Energie. Die feine S\u00fc\u00dfe und die leichte Salzigkeit sorgen f\u00fcr die perfekte Balance und machen diesen Keks zum idealen Begleiter zu Kaffee, Tee oder als schnellen Snack f\u00fcr unterwegs.<\/p>","protected":false},"excerpt":{"rendered":"<p>See luksusliku maitsega pistaatsiak\u00fcpsis \u00fchendab kr\u00f5mpsuva tekstuuri ja ehtsa pistaatsiap\u00e4hkli kreemja n\u00fcansi. Valmistatud mahep\u00f5llumajanduse koostisosadest, vegan ja gluteenivaba. Pistaatsiap\u00e4hklid annavad k\u00fcpsisele s\u00fcgava,&hellip;<\/p>","protected":false},"featured_media":246265,"comment_status":"open","ping_status":"closed","template":"","meta":{"wprm-recipe-roundup-name":"","wprm-recipe-roundup-description":""},"product_brand":[12029],"product_cat":[148],"product_tag":[181],"class_list":{"0":"post-246264","1":"product","2":"type-product","3":"status-publish","4":"has-post-thumbnail","6":"product_brand-kookie-cat","7":"product_cat-vahvlid-ja-kupsised","8":"product_tag-kupsised","9":"j79_wcxd_expiry_type-expiry-date","11":"first","12":"instock","13":"taxable","14":"shipping-taxable","15":"purchasable","16":"product-type-simple"},"supplier_id":9165,"supplier_sku":"","barcode":"3800233783131","atum_controlled":true,"out_stock_date":null,"out_stock_threshold":null,"inheritable":false,"inbound_stock":0,"stock_on_hold":0,"sold_today":0,"sales_last_days":0,"reserved_stock":0,"customer_returns":0,"warehouse_damage":0,"lost_in_post":0,"other_logs":0,"out_stock_days":0,"lost_sales":0,"has_location":false,"update_date":"2026-05-14T22:36:03","atum_locations":[],"atum_stock_status":"instock","restock_status":false,"low_stock_amount":"","sales_update_date":"2026-04-06T20:01:10","calc_backorders":null,"aioseo_notices":[],"_links":{"self":[{"href":"https:\/\/ecoshop.ee\/de\/wp-json\/wp\/v2\/product\/246264","targetHints":{"allow":["GET"]}}],"collection":[{"href":"https:\/\/ecoshop.ee\/de\/wp-json\/wp\/v2\/product"}],"about":[{"href":"https:\/\/ecoshop.ee\/de\/wp-json\/wp\/v2\/types\/product"}],"replies":[{"embeddable":true,"href":"https:\/\/ecoshop.ee\/de\/wp-json\/wp\/v2\/comments?post=246264"}],"version-history":[{"count":1,"href":"https:\/\/ecoshop.ee\/de\/wp-json\/wp\/v2\/product\/246264\/revisions"}],"predecessor-version":[{"id":396268,"href":"https:\/\/ecoshop.ee\/de\/wp-json\/wp\/v2\/product\/246264\/revisions\/396268"}],"wp:featuredmedia":[{"embeddable":true,"href":"https:\/\/ecoshop.ee\/de\/wp-json\/wp\/v2\/media\/246265"}],"wp:attachment":[{"href":"https:\/\/ecoshop.ee\/de\/wp-json\/wp\/v2\/media?parent=246264"}],"wp:term":[{"taxonomy":"product_brand","embeddable":true,"href":"https:\/\/ecoshop.ee\/de\/wp-json\/wp\/v2\/product_brand?post=246264"},{"taxonomy":"product_cat","embeddable":true,"href":"https:\/\/ecoshop.ee\/de\/wp-json\/wp\/v2\/product_cat?post=246264"},{"taxonomy":"product_tag","embeddable":true,"href":"https:\/\/ecoshop.ee\/de\/wp-json\/wp\/v2\/product_tag?post=246264"}],"curies":[{"name":"wp","href":"https:\/\/api.w.org\/{rel}","templated":true}]}}