{"id":246359,"date":"2025-11-28T11:48:26","date_gmt":"2025-11-28T08:48:26","guid":{"rendered":"https:\/\/ecoshop.ee\/?post_type=product&#038;p=246359"},"modified":"2026-01-29T11:09:37","modified_gmt":"2026-01-29T08:09:37","slug":"cosmeau-1tp80-wc-waschmittel-nachfullpackung","status":"publish","type":"product","link":"https:\/\/ecoshop.ee\/de\/puhastusvahendid\/cosmeau-noudepesuvahendi-taitepakend\/","title":{"rendered":"Cosmeau Geschirrsp\u00fclmittel-Nachf\u00fcllpackung, Zitronengrasduft"},"content":{"rendered":"<p data-start=\"75\" data-end=\"286\">Pulverf\u00f6rmiges Geschirrsp\u00fclmittel mit Zitronengrasduft, das mit Leitungswasser gemischt bis zu 400 ml wirksames Sp\u00fclmittel ergibt. Ideal f\u00fcr die Verwendung mit dem eleganten, mattierten Glasspender von Cosmeau, passt aber auch in jede wiederverwendbare Flasche.<\/p>\n<p data-start=\"288\" data-end=\"523\">Die Formel basiert auf biologisch abbaubarer Cellulose und kommt ohne aggressive Chemikalien aus \u2013 \u00fcber 95 % der Inhaltsstoffe sind nat\u00fcrlichen Ursprungs. Das Pulver ist leicht, platzsparend und reduziert unn\u00f6tigen Wassertransport sowie den Bedarf an Einwegplastik.<\/p>\n<ul>\n<li data-start=\"525\" data-end=\"680\">Wirksamer Fettentferner<\/li>\n<li data-start=\"525\" data-end=\"680\">Vegan und tierversuchsfrei<\/li>\n<li data-start=\"525\" data-end=\"680\">Reduziert Plastikm\u00fcll<\/li>\n<li data-start=\"525\" data-end=\"680\">Geldsparendes Abf\u00fcllsystem<\/li>\n<li data-start=\"525\" data-end=\"680\">Nach dem Mischen ergeben sich bis zu 400 ml Waschmittel.<\/li>\n<\/ul>\n<p data-start=\"682\" data-end=\"744\" data-is-last-node=\"\" data-is-only-node=\"\">Eine einfache M\u00f6glichkeit, das t\u00e4gliche Geschirrsp\u00fclen umweltfreundlicher zu gestalten.<\/p>","protected":false},"excerpt":{"rendered":"<p>Sidrunheina l\u00f5hnaga pulbriline n\u00f5udepesuvahend, mis segatakse kraaniveega, et saada kuni 400 ml t\u00f5husat pesuvahendit. Ideaalne kasutamiseks Cosmeau kauni mattklaasist dosaatoriga, kuid sobib&hellip;<\/p>","protected":false},"featured_media":246360,"comment_status":"open","ping_status":"closed","template":"","meta":{"wprm-recipe-roundup-name":"","wprm-recipe-roundup-description":""},"product_brand":[11998],"product_cat":[8002],"product_tag":[8004],"class_list":{"0":"post-246359","1":"product","2":"type-product","3":"status-publish","4":"has-post-thumbnail","6":"product_brand-cosmeau","7":"product_cat-puhastusvahendid","8":"product_tag-noudepesu","10":"first","11":"instock","12":"taxable","13":"shipping-taxable","14":"purchasable","15":"product-type-simple"},"supplier_id":246354,"supplier_sku":"","barcode":"8720655303135","atum_controlled":true,"out_stock_date":null,"out_stock_threshold":null,"inheritable":false,"inbound_stock":0,"stock_on_hold":0,"sold_today":0,"sales_last_days":0,"reserved_stock":0,"customer_returns":0,"warehouse_damage":0,"lost_in_post":0,"other_logs":0,"out_stock_days":0,"lost_sales":0,"has_location":false,"update_date":"2026-03-07T01:16:16","atum_locations":[],"atum_stock_status":"instock","restock_status":false,"low_stock_amount":"","sales_update_date":"2026-03-07T01:16:16","calc_backorders":null,"aioseo_notices":[],"_links":{"self":[{"href":"https:\/\/ecoshop.ee\/de\/wp-json\/wp\/v2\/product\/246359","targetHints":{"allow":["GET"]}}],"collection":[{"href":"https:\/\/ecoshop.ee\/de\/wp-json\/wp\/v2\/product"}],"about":[{"href":"https:\/\/ecoshop.ee\/de\/wp-json\/wp\/v2\/types\/product"}],"replies":[{"embeddable":true,"href":"https:\/\/ecoshop.ee\/de\/wp-json\/wp\/v2\/comments?post=246359"}],"version-history":[{"count":0,"href":"https:\/\/ecoshop.ee\/de\/wp-json\/wp\/v2\/product\/246359\/revisions"}],"wp:featuredmedia":[{"embeddable":true,"href":"https:\/\/ecoshop.ee\/de\/wp-json\/wp\/v2\/media\/246360"}],"wp:attachment":[{"href":"https:\/\/ecoshop.ee\/de\/wp-json\/wp\/v2\/media?parent=246359"}],"wp:term":[{"taxonomy":"product_brand","embeddable":true,"href":"https:\/\/ecoshop.ee\/de\/wp-json\/wp\/v2\/product_brand?post=246359"},{"taxonomy":"product_cat","embeddable":true,"href":"https:\/\/ecoshop.ee\/de\/wp-json\/wp\/v2\/product_cat?post=246359"},{"taxonomy":"product_tag","embeddable":true,"href":"https:\/\/ecoshop.ee\/de\/wp-json\/wp\/v2\/product_tag?post=246359"}],"curies":[{"name":"wp","href":"https:\/\/api.w.org\/{rel}","templated":true}]}}