{"id":246366,"date":"2025-11-28T12:16:18","date_gmt":"2025-11-28T09:16:18","guid":{"rendered":"https:\/\/ecoshop.ee\/?post_type=product&#038;p=246366"},"modified":"2026-04-03T22:27:32","modified_gmt":"2026-04-03T19:27:32","slug":"cosmeau-farbauffrischer-fur-schmutzige-wasche-10-stuck","status":"publish","type":"product","link":"https:\/\/ecoshop.ee\/de\/puhastusvahendid\/cosmeau-musta-pesu-varvitugevdaja-10tk\/","title":{"rendered":"Cosmeau Farbverbesserer f\u00fcr schwarze W\u00e4sche, 10 St\u00fcck"},"content":{"rendered":"<p data-start=\"78\" data-end=\"331\">Spezielle Farbvertiefungsstreifen, die verblasster schwarzer W\u00e4sche neue Farbtiefe verleihen. Geben Sie den Streifen einfach zusammen mit Ihrem normalen Waschgang in die Waschmaschine \u2013 das Ergebnis sind dunklere, intensivere Farbt\u00f6ne, die mit herk\u00f6mmlichem Waschmittel f\u00fcr schwarze W\u00e4sche nicht erreicht werden k\u00f6nnen.<\/p>\n<p data-start=\"333\" data-end=\"638\">Achtung! Dies ist kein Waschmittel. <strong data-start=\"367\" data-end=\"388\">nur schwarze W\u00e4sche<\/strong> Nicht auf helle, farbige oder wei\u00dfe W\u00e4sche auftragen \u2013 der Streifen kann helle Farben ausbleichen. Auch wei\u00dfe Logos oder Muster auf der Kleidung k\u00f6nnen ausbleichen. F\u00fcr die t\u00e4gliche W\u00e4sche ohne zus\u00e4tzlichen Booster eignen sich die schwarzen Cosmeau W\u00e4schestreifen besser.<\/p>\n<ul>\n<li data-start=\"640\" data-end=\"833\">Verleiht dunkler W\u00e4sche einen tieferen Farbton<\/li>\n<li data-start=\"640\" data-end=\"833\">Einfach anzuwenden, einfach zur normalen W\u00e4sche hinzuf\u00fcgen.<\/li>\n<li data-start=\"640\" data-end=\"833\">Geeignet f\u00fcr alle Temperaturen<\/li>\n<li data-start=\"640\" data-end=\"833\">Geeignet f\u00fcr Wolle und Seide<\/li>\n<li data-start=\"640\" data-end=\"833\">Eine bequeme und umweltfreundlichere Wahl<\/li>\n<\/ul>\n<p data-start=\"835\" data-end=\"872\" data-is-last-node=\"\" data-is-only-node=\"\"><em data-start=\"835\" data-end=\"872\" data-is-last-node=\"\">Hinweis: Der Streifen l\u00f6st sich nicht vollst\u00e4ndig auf.<\/em><\/p>","protected":false},"excerpt":{"rendered":"<p>Spetsiaalsed v\u00e4rvitugevdaja ribad, mis annavad tuhmunud mustale pesule uuesti s\u00fcgavuse. Lisa riba lihtsalt pesumasinasse oma tavalise pesurutiini juurde \u2013 tulemuseks on tumedamad,&hellip;<\/p>","protected":false},"featured_media":246367,"comment_status":"open","ping_status":"closed","template":"","meta":{"wprm-recipe-roundup-name":"","wprm-recipe-roundup-description":""},"product_brand":[11998],"product_cat":[8002],"product_tag":[],"class_list":{"0":"post-246366","1":"product","2":"type-product","3":"status-publish","4":"has-post-thumbnail","6":"product_brand-cosmeau","7":"product_cat-puhastusvahendid","9":"first","10":"instock","11":"taxable","12":"shipping-taxable","13":"purchasable","14":"product-type-simple"},"supplier_id":246354,"supplier_sku":"","barcode":"8720655301407","atum_controlled":true,"out_stock_date":null,"out_stock_threshold":null,"inheritable":false,"inbound_stock":0,"stock_on_hold":0,"sold_today":0,"sales_last_days":1,"reserved_stock":0,"customer_returns":0,"warehouse_damage":0,"lost_in_post":0,"other_logs":0,"out_stock_days":0,"lost_sales":0,"has_location":false,"update_date":"2026-04-07T16:51:56","atum_locations":[],"atum_stock_status":"instock","restock_status":false,"low_stock_amount":"","sales_update_date":"2026-04-07T16:51:56","calc_backorders":null,"aioseo_notices":[],"_links":{"self":[{"href":"https:\/\/ecoshop.ee\/de\/wp-json\/wp\/v2\/product\/246366","targetHints":{"allow":["GET"]}}],"collection":[{"href":"https:\/\/ecoshop.ee\/de\/wp-json\/wp\/v2\/product"}],"about":[{"href":"https:\/\/ecoshop.ee\/de\/wp-json\/wp\/v2\/types\/product"}],"replies":[{"embeddable":true,"href":"https:\/\/ecoshop.ee\/de\/wp-json\/wp\/v2\/comments?post=246366"}],"version-history":[{"count":0,"href":"https:\/\/ecoshop.ee\/de\/wp-json\/wp\/v2\/product\/246366\/revisions"}],"wp:featuredmedia":[{"embeddable":true,"href":"https:\/\/ecoshop.ee\/de\/wp-json\/wp\/v2\/media\/246367"}],"wp:attachment":[{"href":"https:\/\/ecoshop.ee\/de\/wp-json\/wp\/v2\/media?parent=246366"}],"wp:term":[{"taxonomy":"product_brand","embeddable":true,"href":"https:\/\/ecoshop.ee\/de\/wp-json\/wp\/v2\/product_brand?post=246366"},{"taxonomy":"product_cat","embeddable":true,"href":"https:\/\/ecoshop.ee\/de\/wp-json\/wp\/v2\/product_cat?post=246366"},{"taxonomy":"product_tag","embeddable":true,"href":"https:\/\/ecoshop.ee\/de\/wp-json\/wp\/v2\/product_tag?post=246366"}],"curies":[{"name":"wp","href":"https:\/\/api.w.org\/{rel}","templated":true}]}}