{"id":246370,"date":"2025-11-28T12:43:33","date_gmt":"2025-11-28T09:43:33","guid":{"rendered":"https:\/\/ecoshop.ee\/?post_type=product&#038;p=246370"},"modified":"2025-11-28T12:43:35","modified_gmt":"2025-11-28T09:43:35","slug":"cosmeau-glasreinigungstabletten-6-stuck","status":"publish","type":"product","link":"https:\/\/ecoshop.ee\/de\/puhastusvahendid\/cosmeau-klaasipuhastustabletid-6tk\/","title":{"rendered":"Cosmeau Glasreinigungstabletten, 6 St\u00fcck"},"content":{"rendered":"<p data-start=\"50\" data-end=\"244\">Effektive Glasreinigungstabletten verwandeln Leitungswasser im Handumdrehen in Glasreiniger. Einfach eine Spr\u00fchflasche kaufen, mit Wasser f\u00fcllen, eine Tablette hinzuf\u00fcgen \u2013 und schon haben Sie strahlend sauberes Glas ohne unn\u00f6tigen Plastikm\u00fcll.<\/p>\n<p data-start=\"246\" data-end=\"392\">Die leichten Tabletten reduzieren unn\u00f6tigen Wassertransport, den Chemikalienverbrauch und Verpackungsm\u00fcll. Eine praktische M\u00f6glichkeit, Ihr Zuhause sauber zu halten und gleichzeitig einen Beitrag zur Nachhaltigkeit zu leisten.<\/p>\n<ul>\n<li data-start=\"394\" data-end=\"511\">Eine wirtschaftliche und plastikfreie Wahl<\/li>\n<li data-start=\"394\" data-end=\"511\">Wirksame und streifenfreie Reinigungsergebnisse<\/li>\n<li data-start=\"394\" data-end=\"511\">Vegan<\/li>\n<li data-start=\"394\" data-end=\"511\">Kosteng\u00fcnstiges F\u00fcllsystem<\/li>\n<\/ul>\n<p data-start=\"513\" data-end=\"623\"><strong data-start=\"513\" data-end=\"536\">Geruchlose Formel<\/strong><br data-start=\"536\" data-end=\"539\" \/>Geeignet f\u00fcr Fenster, Spiegel und alle Glasoberfl\u00e4chen \u2013 hinterl\u00e4sst eine streifenfreie und gl\u00e4nzende Oberfl\u00e4che.<\/p>\n<p data-start=\"625\" data-end=\"747\">Was passiert, wenn Streifen oder Nebel auftreten?<br data-start=\"653\" data-end=\"656\" \/>\u2022 Geben Sie einen Schuss Essig hinzu oder verwenden Sie eine halbe Tablette f\u00fcr eine 500-ml-Flasche \u2013 so h\u00e4lt sie l\u00e4nger.<\/p>\n<p data-start=\"749\" data-end=\"822\">Wenn die Reinigungsleistung weiterhin schwach ist:<br data-start=\"780\" data-end=\"783\" \/>\u2022 F\u00fcr eine st\u00e4rkere Wirkung nehmen Sie die doppelte Tablette.<\/p>\n<p data-start=\"824\" data-end=\"1006\" data-is-last-node=\"\" data-is-only-node=\"\">Kann ich es mit meiner Spr\u00fchflasche verwenden?<br data-start=\"862\" data-end=\"865\" \/>\u2022 Ja! Wir empfehlen 500 ml Wasser pro Tablette. Bei Bedarf k\u00f6nnen Sie die Wassermenge reduzieren oder erh\u00f6hen, um die gew\u00fcnschte Wirkungsst\u00e4rke und -dauer zu erreichen.<\/p>","protected":false},"excerpt":{"rendered":"<p>T\u00f5husad klaasipuhastustabletid, mis muudavad kraanivee hetkega klaasipuhastusvahendiks. Osta pihustipudel vaid korra, t\u00e4ida see veega, lisa tablett \u2013 ja sul on s\u00e4ravpuhas tulemus&hellip;<\/p>","protected":false},"featured_media":246371,"comment_status":"open","ping_status":"closed","template":"","meta":{"wprm-recipe-roundup-name":"","wprm-recipe-roundup-description":""},"product_brand":[11998],"product_cat":[8002],"product_tag":[],"class_list":{"0":"post-246370","1":"product","2":"type-product","3":"status-publish","4":"has-post-thumbnail","6":"product_brand-cosmeau","7":"product_cat-puhastusvahendid","9":"first","10":"instock","11":"sale","12":"taxable","13":"shipping-taxable","14":"purchasable","15":"product-type-simple"},"supplier_id":246354,"supplier_sku":"","barcode":"8720655301254","atum_controlled":true,"out_stock_date":null,"out_stock_threshold":null,"inheritable":false,"inbound_stock":0,"stock_on_hold":0,"sold_today":0,"sales_last_days":0,"reserved_stock":0,"customer_returns":0,"warehouse_damage":0,"lost_in_post":0,"other_logs":0,"out_stock_days":0,"lost_sales":0,"has_location":false,"update_date":"2026-03-07T01:16:09","atum_locations":[],"atum_stock_status":"instock","restock_status":false,"low_stock_amount":"","sales_update_date":"2026-03-07T01:16:09","calc_backorders":null,"aioseo_notices":[],"_links":{"self":[{"href":"https:\/\/ecoshop.ee\/de\/wp-json\/wp\/v2\/product\/246370","targetHints":{"allow":["GET"]}}],"collection":[{"href":"https:\/\/ecoshop.ee\/de\/wp-json\/wp\/v2\/product"}],"about":[{"href":"https:\/\/ecoshop.ee\/de\/wp-json\/wp\/v2\/types\/product"}],"replies":[{"embeddable":true,"href":"https:\/\/ecoshop.ee\/de\/wp-json\/wp\/v2\/comments?post=246370"}],"version-history":[{"count":0,"href":"https:\/\/ecoshop.ee\/de\/wp-json\/wp\/v2\/product\/246370\/revisions"}],"wp:featuredmedia":[{"embeddable":true,"href":"https:\/\/ecoshop.ee\/de\/wp-json\/wp\/v2\/media\/246371"}],"wp:attachment":[{"href":"https:\/\/ecoshop.ee\/de\/wp-json\/wp\/v2\/media?parent=246370"}],"wp:term":[{"taxonomy":"product_brand","embeddable":true,"href":"https:\/\/ecoshop.ee\/de\/wp-json\/wp\/v2\/product_brand?post=246370"},{"taxonomy":"product_cat","embeddable":true,"href":"https:\/\/ecoshop.ee\/de\/wp-json\/wp\/v2\/product_cat?post=246370"},{"taxonomy":"product_tag","embeddable":true,"href":"https:\/\/ecoshop.ee\/de\/wp-json\/wp\/v2\/product_tag?post=246370"}],"curies":[{"name":"wp","href":"https:\/\/api.w.org\/{rel}","templated":true}]}}